{"id":555,"date":"2023-03-01T10:44:29","date_gmt":"2023-03-01T08:44:29","guid":{"rendered":"https:\/\/krauseschnauzen.de\/?page_id=555"},"modified":"2025-05-27T10:35:40","modified_gmt":"2025-05-27T08:35:40","slug":"referenzen","status":"publish","type":"page","link":"https:\/\/krauseschnauzen.de\/index.php\/referenzen\/","title":{"rendered":"Referenzen"},"content":{"rendered":"\n<div class=\"wp-block-media-text alignwide has-media-on-the-right is-stacked-on-mobile\" style=\"grid-template-columns:auto 31%\"><div class=\"wp-block-media-text__content\">\n<p class=\"has-small-font-size\"><strong>Fachspezifische Referenzen haben bei mir einen hohen Stellenwert. Gerade in der Branche der Hundefriseure gibt es viele Salons, mit mangelhafter Qualit\u00e4t in der Pflege und unzureichendem Fachwissen. Damit ihre Lieblinge bei mir in besten H\u00e4nden sind, habe ich eine zertifizierte Ausbildung zum Groomer absolviert und nehme auch weiterhin regelm\u00e4\u00dfig an Weiterbildungen teil. Berufsbegleitendes Lernen ist die Basis f\u00fcr Qualit\u00e4t und Professionalit\u00e4t im Job. Deshalb blocke ich mir mehrere Tage im Jahr, um mein Wissen und meine Fertigkeiten weiter auszubauen.<\/strong><\/p>\n<\/div><figure class=\"wp-block-media-text__media\"><img loading=\"lazy\" decoding=\"async\" width=\"851\" height=\"578\" src=\"https:\/\/krauseschnauzen.de\/wp-content\/uploads\/2023\/03\/dog-ga46fb498e_1920a.jpg\" alt=\"\" class=\"wp-image-558 size-full\" srcset=\"https:\/\/krauseschnauzen.de\/wp-content\/uploads\/2023\/03\/dog-ga46fb498e_1920a.jpg 851w, https:\/\/krauseschnauzen.de\/wp-content\/uploads\/2023\/03\/dog-ga46fb498e_1920a-600x408.jpg 600w, https:\/\/krauseschnauzen.de\/wp-content\/uploads\/2023\/03\/dog-ga46fb498e_1920a-300x204.jpg 300w, https:\/\/krauseschnauzen.de\/wp-content\/uploads\/2023\/03\/dog-ga46fb498e_1920a-768x522.jpg 768w, https:\/\/krauseschnauzen.de\/wp-content\/uploads\/2023\/03\/dog-ga46fb498e_1920a-1x1.jpg 1w\" sizes=\"auto, (max-width: 851px) 100vw, 851px\" \/><\/figure><\/div>\n\n\n\n<p class=\"has-medium-font-size\"><mark style=\"background-color:rgba(0, 0, 0, 0)\" class=\"has-inline-color has-vivid-green-cyan-color\"><strong>Berufliche Referenzen und Weiterbildung:<\/strong><\/mark><\/p>\n\n\n\n<p>Ausbildung zum Groomer bei Kerstin Matkowitz (<a href=\"https:\/\/dogs-an-der-koe.de\/\" target=\"_blank\" rel=\"noreferrer noopener\">Dogs an der K\u00f6<\/a>) &#8211; 2022<\/p>\n\n\n\n<p>Frisur und Training von Welpen und Junghunden bei Farah Eggers (<a href=\"https:\/\/grooming-point.de\/\" target=\"_blank\" rel=\"noreferrer noopener\">Grooming-Point<\/a>) &#8211; 2023<\/p>\n\n\n\n<p>Fortbildungskurs im fachgerechten Pudel schneiden bei Farah Eggers (<a href=\"https:\/\/grooming-point.de\/\" target=\"_blank\" rel=\"noreferrer noopener\">Grooming-Point<\/a>) &#8211; 2023<\/p>\n\n\n<p>Einzelcoaching: rassespezifischer Fellaufbau beim Drahthaar Foxterrier bei Anke Sch\u00e4fer-Helmrich <a href=\"https:\/\/www.hundesalon-schaefer.de\/\" target=\"_blank\" rel=\"noopener\">(Hundesalon&amp;Groomerschule Sch\u00e4fer)<\/a> -2023<\/p>\n<p>Fortbildungskurs &#8222;Trimmworkshop Schnauzer in Ausstellungsqualit\u00e4t&#8220; bei <a href=\"https:\/\/www.zwergschnauzer-vom-wasserturm.de\/\">Isabell Petrack<\/a> &#8211; 2025<\/p>\n\n\n<div class=\"wp-block-columns is-layout-flex wp-container-core-columns-is-layout-9d6595d7 wp-block-columns-is-layout-flex\">\n<div class=\"wp-block-column is-layout-flow wp-block-column-is-layout-flow\">\n<p>Ausbildung zur tier\u00e4rztlich gepr\u00fcften Aromatherapeutin f\u00fcr Tiere &#8211; 2024\/2025<\/p>\n<\/div>\n\n\n\n<div class=\"wp-block-column is-layout-flow wp-block-column-is-layout-flow\">\n<a href=https:\/\/www.naturheilkundeschule.de?utm-medium=Grafik-Guetesiegel&#038;utm-campaign=Extern-Alumni target=\"_blank\" rel=\"noopener\"><img src=https:\/\/www.naturheilkundeschule.de\/wp-content\/uploads\/2023\/11\/ATT-FS-Siegel2.png alt=\"G\u00fctesiegel der Rolf-Schneider-Akademie\" width=\"177\" height=\"166\"\/><\/a>\n<\/div>\n<\/div>\n\n\n<p>Sie haben Fragen zur Ausbildung oder einzelnen Referenzen? Dann nehmen Sie <a href=\"https:\/\/krauseschnauzen.de\/index.php\/kontakt-anfahrt-krauseschnauzen\/\"><span style=\"color: #ff9900;\">Kontakt<\/span><\/a> mit mir auf, gern beantworte ich Fragen zum Beruf und dem Weg dorthin.<\/p>","protected":false},"excerpt":{"rendered":"<p>Fachspezifische Referenzen haben bei mir einen hohen Stellenwert. Gerade in der Branche der Hundefriseure gibt es viele Salons, mit mangelhafter Qualit\u00e4t in der Pflege und unzureichendem Fachwissen. Damit ihre Lieblinge bei mir in besten H\u00e4nden sind, habe ich eine zertifizierte Ausbildung zum Groomer absolviert und nehme auch weiterhin regelm\u00e4\u00dfig an Weiterbildungen teil. Berufsbegleitendes Lernen ist [&hellip;]<\/p>\n","protected":false},"author":1,"featured_media":0,"parent":0,"menu_order":0,"comment_status":"closed","ping_status":"closed","template":"","meta":{"footnotes":""},"class_list":["post-555","page","type-page","status-publish","hentry"],"yoast_head":"<!-- This site is optimized with the Yoast SEO plugin v27.3 - https:\/\/yoast.com\/product\/yoast-seo-wordpress\/ -->\n<title>Referenzen - Krauseschnauzen<\/title>\n<meta name=\"description\" content=\"Fachspezifische Referenzen haben bei mir einen hohen Stellenwert. Regelm\u00e4\u00dfige Weiterbildungen sind ein Muss in der Branche...\" \/>\n<meta name=\"robots\" content=\"index, follow, max-snippet:-1, max-image-preview:large, max-video-preview:-1\" \/>\n<link rel=\"canonical\" href=\"https:\/\/krauseschnauzen.de\/index.php\/referenzen\/\" \/>\n<meta property=\"og:locale\" content=\"de_DE\" \/>\n<meta property=\"og:type\" content=\"article\" \/>\n<meta property=\"og:title\" content=\"Referenzen - Krauseschnauzen\" \/>\n<meta property=\"og:description\" content=\"Fachspezifische Referenzen haben bei mir einen hohen Stellenwert. Regelm\u00e4\u00dfige Weiterbildungen sind ein Muss in der Branche...\" \/>\n<meta property=\"og:url\" content=\"https:\/\/krauseschnauzen.de\/index.php\/referenzen\/\" \/>\n<meta property=\"og:site_name\" content=\"Krauseschnauzen\" \/>\n<meta property=\"article:publisher\" content=\"https:\/\/www.facebook.com\/HundesalonKrauseschnauzen\" \/>\n<meta property=\"article:modified_time\" content=\"2025-05-27T08:35:40+00:00\" \/>\n<meta property=\"og:image\" content=\"https:\/\/krauseschnauzen.de\/wp-content\/uploads\/2023\/03\/dog-ga46fb498e_1920a.jpg\" \/>\n\t<meta property=\"og:image:width\" content=\"851\" \/>\n\t<meta property=\"og:image:height\" content=\"578\" \/>\n\t<meta property=\"og:image:type\" content=\"image\/jpeg\" \/>\n<meta name=\"twitter:card\" content=\"summary_large_image\" \/>\n<meta name=\"twitter:label1\" content=\"Gesch\u00e4tzte Lesezeit\" \/>\n\t<meta name=\"twitter:data1\" content=\"2\u00a0Minuten\" \/>\n<script type=\"application\/ld+json\" class=\"yoast-schema-graph\">{\"@context\":\"https:\\\/\\\/schema.org\",\"@graph\":[{\"@type\":\"WebPage\",\"@id\":\"https:\\\/\\\/krauseschnauzen.de\\\/index.php\\\/referenzen\\\/\",\"url\":\"https:\\\/\\\/krauseschnauzen.de\\\/index.php\\\/referenzen\\\/\",\"name\":\"Referenzen - Krauseschnauzen\",\"isPartOf\":{\"@id\":\"https:\\\/\\\/krauseschnauzen.de\\\/#website\"},\"primaryImageOfPage\":{\"@id\":\"https:\\\/\\\/krauseschnauzen.de\\\/index.php\\\/referenzen\\\/#primaryimage\"},\"image\":{\"@id\":\"https:\\\/\\\/krauseschnauzen.de\\\/index.php\\\/referenzen\\\/#primaryimage\"},\"thumbnailUrl\":\"https:\\\/\\\/krauseschnauzen.de\\\/wp-content\\\/uploads\\\/2023\\\/03\\\/dog-ga46fb498e_1920a.jpg\",\"datePublished\":\"2023-03-01T08:44:29+00:00\",\"dateModified\":\"2025-05-27T08:35:40+00:00\",\"description\":\"Fachspezifische Referenzen haben bei mir einen hohen Stellenwert. Regelm\u00e4\u00dfige Weiterbildungen sind ein Muss in der Branche...\",\"breadcrumb\":{\"@id\":\"https:\\\/\\\/krauseschnauzen.de\\\/index.php\\\/referenzen\\\/#breadcrumb\"},\"inLanguage\":\"de\",\"potentialAction\":[{\"@type\":\"ReadAction\",\"target\":[\"https:\\\/\\\/krauseschnauzen.de\\\/index.php\\\/referenzen\\\/\"]}]},{\"@type\":\"ImageObject\",\"inLanguage\":\"de\",\"@id\":\"https:\\\/\\\/krauseschnauzen.de\\\/index.php\\\/referenzen\\\/#primaryimage\",\"url\":\"https:\\\/\\\/krauseschnauzen.de\\\/wp-content\\\/uploads\\\/2023\\\/03\\\/dog-ga46fb498e_1920a.jpg\",\"contentUrl\":\"https:\\\/\\\/krauseschnauzen.de\\\/wp-content\\\/uploads\\\/2023\\\/03\\\/dog-ga46fb498e_1920a.jpg\",\"width\":851,\"height\":578},{\"@type\":\"BreadcrumbList\",\"@id\":\"https:\\\/\\\/krauseschnauzen.de\\\/index.php\\\/referenzen\\\/#breadcrumb\",\"itemListElement\":[{\"@type\":\"ListItem\",\"position\":1,\"name\":\"Startseite\",\"item\":\"https:\\\/\\\/krauseschnauzen.de\\\/\"},{\"@type\":\"ListItem\",\"position\":2,\"name\":\"Referenzen\"}]},{\"@type\":\"WebSite\",\"@id\":\"https:\\\/\\\/krauseschnauzen.de\\\/#website\",\"url\":\"https:\\\/\\\/krauseschnauzen.de\\\/\",\"name\":\"Krauseschnauzen\",\"description\":\"Hundesalon und Aromatherapie\",\"publisher\":{\"@id\":\"https:\\\/\\\/krauseschnauzen.de\\\/#organization\"},\"potentialAction\":[{\"@type\":\"SearchAction\",\"target\":{\"@type\":\"EntryPoint\",\"urlTemplate\":\"https:\\\/\\\/krauseschnauzen.de\\\/?s={search_term_string}\"},\"query-input\":{\"@type\":\"PropertyValueSpecification\",\"valueRequired\":true,\"valueName\":\"search_term_string\"}}],\"inLanguage\":\"de\"},{\"@type\":\"Organization\",\"@id\":\"https:\\\/\\\/krauseschnauzen.de\\\/#organization\",\"name\":\"Hundesalon Krauseschnauzen\",\"url\":\"https:\\\/\\\/krauseschnauzen.de\\\/\",\"logo\":{\"@type\":\"ImageObject\",\"inLanguage\":\"de\",\"@id\":\"https:\\\/\\\/krauseschnauzen.de\\\/#\\\/schema\\\/logo\\\/image\\\/\",\"url\":\"https:\\\/\\\/krauseschnauzen.de\\\/wp-content\\\/uploads\\\/2023\\\/01\\\/KrauseSchnauzen_Logo_Farbig.png\",\"contentUrl\":\"https:\\\/\\\/krauseschnauzen.de\\\/wp-content\\\/uploads\\\/2023\\\/01\\\/KrauseSchnauzen_Logo_Farbig.png\",\"width\":2623,\"height\":2181,\"caption\":\"Hundesalon Krauseschnauzen\"},\"image\":{\"@id\":\"https:\\\/\\\/krauseschnauzen.de\\\/#\\\/schema\\\/logo\\\/image\\\/\"},\"sameAs\":[\"https:\\\/\\\/www.facebook.com\\\/HundesalonKrauseschnauzen\",\"https:\\\/\\\/www.instagram.com\\\/krauseschnauzen\\\/\"]}]}<\/script>\n<!-- \/ Yoast SEO plugin. -->","yoast_head_json":{"title":"Referenzen - Krauseschnauzen","description":"Fachspezifische Referenzen haben bei mir einen hohen Stellenwert. Regelm\u00e4\u00dfige Weiterbildungen sind ein Muss in der Branche...","robots":{"index":"index","follow":"follow","max-snippet":"max-snippet:-1","max-image-preview":"max-image-preview:large","max-video-preview":"max-video-preview:-1"},"canonical":"https:\/\/krauseschnauzen.de\/index.php\/referenzen\/","og_locale":"de_DE","og_type":"article","og_title":"Referenzen - Krauseschnauzen","og_description":"Fachspezifische Referenzen haben bei mir einen hohen Stellenwert. Regelm\u00e4\u00dfige Weiterbildungen sind ein Muss in der Branche...","og_url":"https:\/\/krauseschnauzen.de\/index.php\/referenzen\/","og_site_name":"Krauseschnauzen","article_publisher":"https:\/\/www.facebook.com\/HundesalonKrauseschnauzen","article_modified_time":"2025-05-27T08:35:40+00:00","og_image":[{"width":851,"height":578,"url":"https:\/\/krauseschnauzen.de\/wp-content\/uploads\/2023\/03\/dog-ga46fb498e_1920a.jpg","type":"image\/jpeg"}],"twitter_card":"summary_large_image","twitter_misc":{"Gesch\u00e4tzte Lesezeit":"2\u00a0Minuten"},"schema":{"@context":"https:\/\/schema.org","@graph":[{"@type":"WebPage","@id":"https:\/\/krauseschnauzen.de\/index.php\/referenzen\/","url":"https:\/\/krauseschnauzen.de\/index.php\/referenzen\/","name":"Referenzen - Krauseschnauzen","isPartOf":{"@id":"https:\/\/krauseschnauzen.de\/#website"},"primaryImageOfPage":{"@id":"https:\/\/krauseschnauzen.de\/index.php\/referenzen\/#primaryimage"},"image":{"@id":"https:\/\/krauseschnauzen.de\/index.php\/referenzen\/#primaryimage"},"thumbnailUrl":"https:\/\/krauseschnauzen.de\/wp-content\/uploads\/2023\/03\/dog-ga46fb498e_1920a.jpg","datePublished":"2023-03-01T08:44:29+00:00","dateModified":"2025-05-27T08:35:40+00:00","description":"Fachspezifische Referenzen haben bei mir einen hohen Stellenwert. Regelm\u00e4\u00dfige Weiterbildungen sind ein Muss in der Branche...","breadcrumb":{"@id":"https:\/\/krauseschnauzen.de\/index.php\/referenzen\/#breadcrumb"},"inLanguage":"de","potentialAction":[{"@type":"ReadAction","target":["https:\/\/krauseschnauzen.de\/index.php\/referenzen\/"]}]},{"@type":"ImageObject","inLanguage":"de","@id":"https:\/\/krauseschnauzen.de\/index.php\/referenzen\/#primaryimage","url":"https:\/\/krauseschnauzen.de\/wp-content\/uploads\/2023\/03\/dog-ga46fb498e_1920a.jpg","contentUrl":"https:\/\/krauseschnauzen.de\/wp-content\/uploads\/2023\/03\/dog-ga46fb498e_1920a.jpg","width":851,"height":578},{"@type":"BreadcrumbList","@id":"https:\/\/krauseschnauzen.de\/index.php\/referenzen\/#breadcrumb","itemListElement":[{"@type":"ListItem","position":1,"name":"Startseite","item":"https:\/\/krauseschnauzen.de\/"},{"@type":"ListItem","position":2,"name":"Referenzen"}]},{"@type":"WebSite","@id":"https:\/\/krauseschnauzen.de\/#website","url":"https:\/\/krauseschnauzen.de\/","name":"Krauseschnauzen","description":"Hundesalon und Aromatherapie","publisher":{"@id":"https:\/\/krauseschnauzen.de\/#organization"},"potentialAction":[{"@type":"SearchAction","target":{"@type":"EntryPoint","urlTemplate":"https:\/\/krauseschnauzen.de\/?s={search_term_string}"},"query-input":{"@type":"PropertyValueSpecification","valueRequired":true,"valueName":"search_term_string"}}],"inLanguage":"de"},{"@type":"Organization","@id":"https:\/\/krauseschnauzen.de\/#organization","name":"Hundesalon Krauseschnauzen","url":"https:\/\/krauseschnauzen.de\/","logo":{"@type":"ImageObject","inLanguage":"de","@id":"https:\/\/krauseschnauzen.de\/#\/schema\/logo\/image\/","url":"https:\/\/krauseschnauzen.de\/wp-content\/uploads\/2023\/01\/KrauseSchnauzen_Logo_Farbig.png","contentUrl":"https:\/\/krauseschnauzen.de\/wp-content\/uploads\/2023\/01\/KrauseSchnauzen_Logo_Farbig.png","width":2623,"height":2181,"caption":"Hundesalon Krauseschnauzen"},"image":{"@id":"https:\/\/krauseschnauzen.de\/#\/schema\/logo\/image\/"},"sameAs":["https:\/\/www.facebook.com\/HundesalonKrauseschnauzen","https:\/\/www.instagram.com\/krauseschnauzen\/"]}]}},"_links":{"self":[{"href":"https:\/\/krauseschnauzen.de\/index.php\/wp-json\/wp\/v2\/pages\/555","targetHints":{"allow":["GET"]}}],"collection":[{"href":"https:\/\/krauseschnauzen.de\/index.php\/wp-json\/wp\/v2\/pages"}],"about":[{"href":"https:\/\/krauseschnauzen.de\/index.php\/wp-json\/wp\/v2\/types\/page"}],"author":[{"embeddable":true,"href":"https:\/\/krauseschnauzen.de\/index.php\/wp-json\/wp\/v2\/users\/1"}],"replies":[{"embeddable":true,"href":"https:\/\/krauseschnauzen.de\/index.php\/wp-json\/wp\/v2\/comments?post=555"}],"version-history":[{"count":34,"href":"https:\/\/krauseschnauzen.de\/index.php\/wp-json\/wp\/v2\/pages\/555\/revisions"}],"predecessor-version":[{"id":2135,"href":"https:\/\/krauseschnauzen.de\/index.php\/wp-json\/wp\/v2\/pages\/555\/revisions\/2135"}],"wp:attachment":[{"href":"https:\/\/krauseschnauzen.de\/index.php\/wp-json\/wp\/v2\/media?parent=555"}],"curies":[{"name":"wp","href":"https:\/\/api.w.org\/{rel}","templated":true}]}}