{"id":55,"date":"2022-08-09T09:57:28","date_gmt":"2022-08-09T07:57:28","guid":{"rendered":"https:\/\/krauseschnauzen.de\/?page_id=55"},"modified":"2024-01-02T17:08:46","modified_gmt":"2024-01-02T15:08:46","slug":"hundesalon-krauseschnauzen-in-wermsdorf-2","status":"publish","type":"page","link":"https:\/\/krauseschnauzen.de\/index.php\/hundesalon-krauseschnauzen-in-wermsdorf-2\/","title":{"rendered":"Hundesalon"},"content":{"rendered":"\n<p>Herzlich Willkommen im Hundesalon Krauseschnauzen in Wermsdorf.<\/p>\n\n\n\n<div class=\"wp-block-columns is-layout-flex wp-container-core-columns-is-layout-9d6595d7 wp-block-columns-is-layout-flex\">\n<div class=\"wp-block-column is-layout-flow wp-block-column-is-layout-flow\">\n<p>Wir leben heutzutage sehr eng mit unseren Hunden zusammen. Sie leben in vielen F\u00e4llen mit uns im Haus oder in der Wohnung und wir sehen sie als vollwertige Mitglieder unserer Familie. Mehrere Jahrhunderte lang haben wir Menschen den Hund durch gezielte Zuchtauslese genetisch so ver\u00e4ndert, dass die meisten Vertreter in Bezug auf Aussehen und Fellbeschaffenheit nicht mehr viel mit dem Wolf gemeinsam haben. Viele Rassen brauchen regelm\u00e4\u00dfig intensive Pflege, um ein langes und gesundes Hundeleben genie\u00dfen zu d\u00fcrfen. Aber auch wir Menschen erfreuen uns zunehmend, wenn uns unser Vierbeiner sauber durch den Alltag begleitet.<\/p>\n<\/div>\n\n\n\n<div class=\"wp-block-column is-layout-flow wp-block-column-is-layout-flow\">\n<figure class=\"wp-block-image size-large\"><img loading=\"lazy\" decoding=\"async\" width=\"1024\" height=\"759\" src=\"https:\/\/krauseschnauzen.de\/wp-content\/uploads\/2023\/11\/IMG_3513-1024x759.jpg\" alt=\"\" class=\"wp-image-1377\" srcset=\"https:\/\/krauseschnauzen.de\/wp-content\/uploads\/2023\/11\/IMG_3513-1024x759.jpg 1024w, https:\/\/krauseschnauzen.de\/wp-content\/uploads\/2023\/11\/IMG_3513-600x445.jpg 600w, https:\/\/krauseschnauzen.de\/wp-content\/uploads\/2023\/11\/IMG_3513-300x222.jpg 300w, https:\/\/krauseschnauzen.de\/wp-content\/uploads\/2023\/11\/IMG_3513-768x569.jpg 768w, https:\/\/krauseschnauzen.de\/wp-content\/uploads\/2023\/11\/IMG_3513-1536x1138.jpg 1536w, https:\/\/krauseschnauzen.de\/wp-content\/uploads\/2023\/11\/IMG_3513-1x1.jpg 1w, https:\/\/krauseschnauzen.de\/wp-content\/uploads\/2023\/11\/IMG_3513-1320x978.jpg 1320w, https:\/\/krauseschnauzen.de\/wp-content\/uploads\/2023\/11\/IMG_3513.jpg 1953w\" sizes=\"auto, (max-width: 1024px) 100vw, 1024px\" \/><\/figure>\n<\/div>\n<\/div>\n\n\n\n<p>Im Hundesalon Krauseschnauzen lege ich gro\u00dfen Wert darauf, die Aspekte der Gesundheit mit denen der \u00c4sthetik zu vereinen, um das bestm\u00f6gliche Ergebnis f\u00fcr meine tierischen Kunden zu erreichen. In enger Abstimmung besprechen wir im   Vorfeld rassegerechte, sowie individuelle Besonderheiten ihres Hundes und ihre eigenen Vorstellungen.<\/p>\n\n\n\n<p>Ich freue mich auf Ihren Besuch in meinem Hundesalon in Wermsdorf! <\/p>\n\n\n\n<p>Mit besten Gr\u00fc\u00dfen <\/p>\n\n\n\n<p class=\"has-black-color has-text-color\"><mark style=\"background-color:rgba(0, 0, 0, 0)\" class=\"has-inline-color has-luminous-vivid-amber-color\"><a href=\"https:\/\/krauseschnauzen.de\/index.php\/hunde-und-ich\/\">Marlen Krause<\/a><\/mark><\/p>\n\n\n\n<figure class=\"wp-block-gallery has-nested-images columns-default is-cropped wp-block-gallery-1 is-layout-flex wp-block-gallery-is-layout-flex\">\n<figure class=\"wp-block-image size-large\"><img loading=\"lazy\" decoding=\"async\" width=\"1024\" height=\"684\" data-id=\"1421\" src=\"https:\/\/krauseschnauzen.de\/wp-content\/uploads\/2023\/12\/english-cocker-spaniel-gd0c6ce51a_1920-1024x684.jpg\" alt=\"\" class=\"wp-image-1421\" srcset=\"https:\/\/krauseschnauzen.de\/wp-content\/uploads\/2023\/12\/english-cocker-spaniel-gd0c6ce51a_1920-1024x684.jpg 1024w, https:\/\/krauseschnauzen.de\/wp-content\/uploads\/2023\/12\/english-cocker-spaniel-gd0c6ce51a_1920-600x401.jpg 600w, https:\/\/krauseschnauzen.de\/wp-content\/uploads\/2023\/12\/english-cocker-spaniel-gd0c6ce51a_1920-300x200.jpg 300w, https:\/\/krauseschnauzen.de\/wp-content\/uploads\/2023\/12\/english-cocker-spaniel-gd0c6ce51a_1920-768x513.jpg 768w, https:\/\/krauseschnauzen.de\/wp-content\/uploads\/2023\/12\/english-cocker-spaniel-gd0c6ce51a_1920-1536x1026.jpg 1536w, https:\/\/krauseschnauzen.de\/wp-content\/uploads\/2023\/12\/english-cocker-spaniel-gd0c6ce51a_1920-1x1.jpg 1w, https:\/\/krauseschnauzen.de\/wp-content\/uploads\/2023\/12\/english-cocker-spaniel-gd0c6ce51a_1920-1320x881.jpg 1320w, https:\/\/krauseschnauzen.de\/wp-content\/uploads\/2023\/12\/english-cocker-spaniel-gd0c6ce51a_1920.jpg 1920w\" sizes=\"auto, (max-width: 1024px) 100vw, 1024px\" \/><\/figure>\n\n\n\n<figure class=\"wp-block-image size-large\"><img loading=\"lazy\" decoding=\"async\" width=\"1024\" height=\"682\" data-id=\"1422\" src=\"https:\/\/krauseschnauzen.de\/wp-content\/uploads\/2023\/12\/pincher-4449345_1280-1024x682.jpg\" alt=\"\" class=\"wp-image-1422\" srcset=\"https:\/\/krauseschnauzen.de\/wp-content\/uploads\/2023\/12\/pincher-4449345_1280-1024x682.jpg 1024w, https:\/\/krauseschnauzen.de\/wp-content\/uploads\/2023\/12\/pincher-4449345_1280-600x400.jpg 600w, https:\/\/krauseschnauzen.de\/wp-content\/uploads\/2023\/12\/pincher-4449345_1280-300x200.jpg 300w, https:\/\/krauseschnauzen.de\/wp-content\/uploads\/2023\/12\/pincher-4449345_1280-768x512.jpg 768w, https:\/\/krauseschnauzen.de\/wp-content\/uploads\/2023\/12\/pincher-4449345_1280-1x1.jpg 1w, https:\/\/krauseschnauzen.de\/wp-content\/uploads\/2023\/12\/pincher-4449345_1280.jpg 1280w\" sizes=\"auto, (max-width: 1024px) 100vw, 1024px\" \/><\/figure>\n<\/figure>\n","protected":false},"excerpt":{"rendered":"<p>Herzlich Willkommen im Hundesalon Krauseschnauzen in Wermsdorf. Wir leben heutzutage sehr eng mit unseren Hunden zusammen. Sie leben in vielen F\u00e4llen mit uns im Haus oder in der Wohnung und wir sehen sie als vollwertige Mitglieder unserer Familie. Mehrere Jahrhunderte lang haben wir Menschen den Hund durch gezielte Zuchtauslese genetisch so ver\u00e4ndert, dass die meisten [&hellip;]<\/p>\n","protected":false},"author":1,"featured_media":0,"parent":0,"menu_order":0,"comment_status":"closed","ping_status":"closed","template":"","meta":{"footnotes":""},"class_list":["post-55","page","type-page","status-publish","hentry"],"yoast_head":"<!-- This site is optimized with the Yoast SEO plugin v27.3 - https:\/\/yoast.com\/product\/yoast-seo-wordpress\/ -->\n<title>Hundesalon - Krauseschnauzen<\/title>\n<meta name=\"description\" content=\"Zertifizierter Hundesalon in Wermsdorf, Fellpflege, Trimmen, Scheren, Grooming, Halsb\u00e4nder, Haustierzubeh\u00f6r, Fotografie, Hundefutter\" \/>\n<meta name=\"robots\" content=\"index, follow, max-snippet:-1, max-image-preview:large, max-video-preview:-1\" \/>\n<link rel=\"canonical\" href=\"https:\/\/krauseschnauzen.de\/index.php\/hundesalon-krauseschnauzen-in-wermsdorf-2\/\" \/>\n<meta property=\"og:locale\" content=\"de_DE\" \/>\n<meta property=\"og:type\" content=\"article\" \/>\n<meta property=\"og:title\" content=\"Hundesalon - Krauseschnauzen\" \/>\n<meta property=\"og:description\" content=\"Zertifizierter Hundesalon in Wermsdorf, Fellpflege, Trimmen, Scheren, Grooming, Halsb\u00e4nder, Haustierzubeh\u00f6r, Fotografie, Hundefutter\" \/>\n<meta property=\"og:url\" content=\"https:\/\/krauseschnauzen.de\/index.php\/hundesalon-krauseschnauzen-in-wermsdorf-2\/\" \/>\n<meta property=\"og:site_name\" content=\"Krauseschnauzen\" \/>\n<meta property=\"article:publisher\" content=\"https:\/\/www.facebook.com\/HundesalonKrauseschnauzen\" \/>\n<meta property=\"article:modified_time\" content=\"2024-01-02T15:08:46+00:00\" \/>\n<meta property=\"og:image\" content=\"https:\/\/krauseschnauzen.de\/wp-content\/uploads\/2023\/11\/IMG_3513-1024x759.jpg\" \/>\n<meta name=\"twitter:card\" content=\"summary_large_image\" \/>\n<meta name=\"twitter:label1\" content=\"Gesch\u00e4tzte Lesezeit\" \/>\n\t<meta name=\"twitter:data1\" content=\"2\u00a0Minuten\" \/>\n<script type=\"application\/ld+json\" class=\"yoast-schema-graph\">{\"@context\":\"https:\\\/\\\/schema.org\",\"@graph\":[{\"@type\":\"WebPage\",\"@id\":\"https:\\\/\\\/krauseschnauzen.de\\\/index.php\\\/hundesalon-krauseschnauzen-in-wermsdorf-2\\\/\",\"url\":\"https:\\\/\\\/krauseschnauzen.de\\\/index.php\\\/hundesalon-krauseschnauzen-in-wermsdorf-2\\\/\",\"name\":\"Hundesalon - Krauseschnauzen\",\"isPartOf\":{\"@id\":\"https:\\\/\\\/krauseschnauzen.de\\\/#website\"},\"primaryImageOfPage\":{\"@id\":\"https:\\\/\\\/krauseschnauzen.de\\\/index.php\\\/hundesalon-krauseschnauzen-in-wermsdorf-2\\\/#primaryimage\"},\"image\":{\"@id\":\"https:\\\/\\\/krauseschnauzen.de\\\/index.php\\\/hundesalon-krauseschnauzen-in-wermsdorf-2\\\/#primaryimage\"},\"thumbnailUrl\":\"https:\\\/\\\/krauseschnauzen.de\\\/wp-content\\\/uploads\\\/2023\\\/11\\\/IMG_3513-1024x759.jpg\",\"datePublished\":\"2022-08-09T07:57:28+00:00\",\"dateModified\":\"2024-01-02T15:08:46+00:00\",\"description\":\"Zertifizierter Hundesalon in Wermsdorf, Fellpflege, Trimmen, Scheren, Grooming, Halsb\u00e4nder, Haustierzubeh\u00f6r, Fotografie, Hundefutter\",\"breadcrumb\":{\"@id\":\"https:\\\/\\\/krauseschnauzen.de\\\/index.php\\\/hundesalon-krauseschnauzen-in-wermsdorf-2\\\/#breadcrumb\"},\"inLanguage\":\"de\",\"potentialAction\":[{\"@type\":\"ReadAction\",\"target\":[\"https:\\\/\\\/krauseschnauzen.de\\\/index.php\\\/hundesalon-krauseschnauzen-in-wermsdorf-2\\\/\"]}]},{\"@type\":\"ImageObject\",\"inLanguage\":\"de\",\"@id\":\"https:\\\/\\\/krauseschnauzen.de\\\/index.php\\\/hundesalon-krauseschnauzen-in-wermsdorf-2\\\/#primaryimage\",\"url\":\"https:\\\/\\\/krauseschnauzen.de\\\/wp-content\\\/uploads\\\/2023\\\/11\\\/IMG_3513.jpg\",\"contentUrl\":\"https:\\\/\\\/krauseschnauzen.de\\\/wp-content\\\/uploads\\\/2023\\\/11\\\/IMG_3513.jpg\",\"width\":1953,\"height\":1447},{\"@type\":\"BreadcrumbList\",\"@id\":\"https:\\\/\\\/krauseschnauzen.de\\\/index.php\\\/hundesalon-krauseschnauzen-in-wermsdorf-2\\\/#breadcrumb\",\"itemListElement\":[{\"@type\":\"ListItem\",\"position\":1,\"name\":\"Startseite\",\"item\":\"https:\\\/\\\/krauseschnauzen.de\\\/\"},{\"@type\":\"ListItem\",\"position\":2,\"name\":\"Hundesalon\"}]},{\"@type\":\"WebSite\",\"@id\":\"https:\\\/\\\/krauseschnauzen.de\\\/#website\",\"url\":\"https:\\\/\\\/krauseschnauzen.de\\\/\",\"name\":\"Krauseschnauzen\",\"description\":\"Hundesalon und Aromatherapie\",\"publisher\":{\"@id\":\"https:\\\/\\\/krauseschnauzen.de\\\/#organization\"},\"potentialAction\":[{\"@type\":\"SearchAction\",\"target\":{\"@type\":\"EntryPoint\",\"urlTemplate\":\"https:\\\/\\\/krauseschnauzen.de\\\/?s={search_term_string}\"},\"query-input\":{\"@type\":\"PropertyValueSpecification\",\"valueRequired\":true,\"valueName\":\"search_term_string\"}}],\"inLanguage\":\"de\"},{\"@type\":\"Organization\",\"@id\":\"https:\\\/\\\/krauseschnauzen.de\\\/#organization\",\"name\":\"Hundesalon Krauseschnauzen\",\"url\":\"https:\\\/\\\/krauseschnauzen.de\\\/\",\"logo\":{\"@type\":\"ImageObject\",\"inLanguage\":\"de\",\"@id\":\"https:\\\/\\\/krauseschnauzen.de\\\/#\\\/schema\\\/logo\\\/image\\\/\",\"url\":\"https:\\\/\\\/krauseschnauzen.de\\\/wp-content\\\/uploads\\\/2023\\\/01\\\/KrauseSchnauzen_Logo_Farbig.png\",\"contentUrl\":\"https:\\\/\\\/krauseschnauzen.de\\\/wp-content\\\/uploads\\\/2023\\\/01\\\/KrauseSchnauzen_Logo_Farbig.png\",\"width\":2623,\"height\":2181,\"caption\":\"Hundesalon Krauseschnauzen\"},\"image\":{\"@id\":\"https:\\\/\\\/krauseschnauzen.de\\\/#\\\/schema\\\/logo\\\/image\\\/\"},\"sameAs\":[\"https:\\\/\\\/www.facebook.com\\\/HundesalonKrauseschnauzen\",\"https:\\\/\\\/www.instagram.com\\\/krauseschnauzen\\\/\"]}]}<\/script>\n<!-- \/ Yoast SEO plugin. -->","yoast_head_json":{"title":"Hundesalon - Krauseschnauzen","description":"Zertifizierter Hundesalon in Wermsdorf, Fellpflege, Trimmen, Scheren, Grooming, Halsb\u00e4nder, Haustierzubeh\u00f6r, Fotografie, Hundefutter","robots":{"index":"index","follow":"follow","max-snippet":"max-snippet:-1","max-image-preview":"max-image-preview:large","max-video-preview":"max-video-preview:-1"},"canonical":"https:\/\/krauseschnauzen.de\/index.php\/hundesalon-krauseschnauzen-in-wermsdorf-2\/","og_locale":"de_DE","og_type":"article","og_title":"Hundesalon - Krauseschnauzen","og_description":"Zertifizierter Hundesalon in Wermsdorf, Fellpflege, Trimmen, Scheren, Grooming, Halsb\u00e4nder, Haustierzubeh\u00f6r, Fotografie, Hundefutter","og_url":"https:\/\/krauseschnauzen.de\/index.php\/hundesalon-krauseschnauzen-in-wermsdorf-2\/","og_site_name":"Krauseschnauzen","article_publisher":"https:\/\/www.facebook.com\/HundesalonKrauseschnauzen","article_modified_time":"2024-01-02T15:08:46+00:00","og_image":[{"url":"https:\/\/krauseschnauzen.de\/wp-content\/uploads\/2023\/11\/IMG_3513-1024x759.jpg","type":"","width":"","height":""}],"twitter_card":"summary_large_image","twitter_misc":{"Gesch\u00e4tzte Lesezeit":"2\u00a0Minuten"},"schema":{"@context":"https:\/\/schema.org","@graph":[{"@type":"WebPage","@id":"https:\/\/krauseschnauzen.de\/index.php\/hundesalon-krauseschnauzen-in-wermsdorf-2\/","url":"https:\/\/krauseschnauzen.de\/index.php\/hundesalon-krauseschnauzen-in-wermsdorf-2\/","name":"Hundesalon - Krauseschnauzen","isPartOf":{"@id":"https:\/\/krauseschnauzen.de\/#website"},"primaryImageOfPage":{"@id":"https:\/\/krauseschnauzen.de\/index.php\/hundesalon-krauseschnauzen-in-wermsdorf-2\/#primaryimage"},"image":{"@id":"https:\/\/krauseschnauzen.de\/index.php\/hundesalon-krauseschnauzen-in-wermsdorf-2\/#primaryimage"},"thumbnailUrl":"https:\/\/krauseschnauzen.de\/wp-content\/uploads\/2023\/11\/IMG_3513-1024x759.jpg","datePublished":"2022-08-09T07:57:28+00:00","dateModified":"2024-01-02T15:08:46+00:00","description":"Zertifizierter Hundesalon in Wermsdorf, Fellpflege, Trimmen, Scheren, Grooming, Halsb\u00e4nder, Haustierzubeh\u00f6r, Fotografie, Hundefutter","breadcrumb":{"@id":"https:\/\/krauseschnauzen.de\/index.php\/hundesalon-krauseschnauzen-in-wermsdorf-2\/#breadcrumb"},"inLanguage":"de","potentialAction":[{"@type":"ReadAction","target":["https:\/\/krauseschnauzen.de\/index.php\/hundesalon-krauseschnauzen-in-wermsdorf-2\/"]}]},{"@type":"ImageObject","inLanguage":"de","@id":"https:\/\/krauseschnauzen.de\/index.php\/hundesalon-krauseschnauzen-in-wermsdorf-2\/#primaryimage","url":"https:\/\/krauseschnauzen.de\/wp-content\/uploads\/2023\/11\/IMG_3513.jpg","contentUrl":"https:\/\/krauseschnauzen.de\/wp-content\/uploads\/2023\/11\/IMG_3513.jpg","width":1953,"height":1447},{"@type":"BreadcrumbList","@id":"https:\/\/krauseschnauzen.de\/index.php\/hundesalon-krauseschnauzen-in-wermsdorf-2\/#breadcrumb","itemListElement":[{"@type":"ListItem","position":1,"name":"Startseite","item":"https:\/\/krauseschnauzen.de\/"},{"@type":"ListItem","position":2,"name":"Hundesalon"}]},{"@type":"WebSite","@id":"https:\/\/krauseschnauzen.de\/#website","url":"https:\/\/krauseschnauzen.de\/","name":"Krauseschnauzen","description":"Hundesalon und Aromatherapie","publisher":{"@id":"https:\/\/krauseschnauzen.de\/#organization"},"potentialAction":[{"@type":"SearchAction","target":{"@type":"EntryPoint","urlTemplate":"https:\/\/krauseschnauzen.de\/?s={search_term_string}"},"query-input":{"@type":"PropertyValueSpecification","valueRequired":true,"valueName":"search_term_string"}}],"inLanguage":"de"},{"@type":"Organization","@id":"https:\/\/krauseschnauzen.de\/#organization","name":"Hundesalon Krauseschnauzen","url":"https:\/\/krauseschnauzen.de\/","logo":{"@type":"ImageObject","inLanguage":"de","@id":"https:\/\/krauseschnauzen.de\/#\/schema\/logo\/image\/","url":"https:\/\/krauseschnauzen.de\/wp-content\/uploads\/2023\/01\/KrauseSchnauzen_Logo_Farbig.png","contentUrl":"https:\/\/krauseschnauzen.de\/wp-content\/uploads\/2023\/01\/KrauseSchnauzen_Logo_Farbig.png","width":2623,"height":2181,"caption":"Hundesalon Krauseschnauzen"},"image":{"@id":"https:\/\/krauseschnauzen.de\/#\/schema\/logo\/image\/"},"sameAs":["https:\/\/www.facebook.com\/HundesalonKrauseschnauzen","https:\/\/www.instagram.com\/krauseschnauzen\/"]}]}},"_links":{"self":[{"href":"https:\/\/krauseschnauzen.de\/index.php\/wp-json\/wp\/v2\/pages\/55","targetHints":{"allow":["GET"]}}],"collection":[{"href":"https:\/\/krauseschnauzen.de\/index.php\/wp-json\/wp\/v2\/pages"}],"about":[{"href":"https:\/\/krauseschnauzen.de\/index.php\/wp-json\/wp\/v2\/types\/page"}],"author":[{"embeddable":true,"href":"https:\/\/krauseschnauzen.de\/index.php\/wp-json\/wp\/v2\/users\/1"}],"replies":[{"embeddable":true,"href":"https:\/\/krauseschnauzen.de\/index.php\/wp-json\/wp\/v2\/comments?post=55"}],"version-history":[{"count":25,"href":"https:\/\/krauseschnauzen.de\/index.php\/wp-json\/wp\/v2\/pages\/55\/revisions"}],"predecessor-version":[{"id":1538,"href":"https:\/\/krauseschnauzen.de\/index.php\/wp-json\/wp\/v2\/pages\/55\/revisions\/1538"}],"wp:attachment":[{"href":"https:\/\/krauseschnauzen.de\/index.php\/wp-json\/wp\/v2\/media?parent=55"}],"curies":[{"name":"wp","href":"https:\/\/api.w.org\/{rel}","templated":true}]}}