{"id":40,"date":"2022-08-09T09:56:50","date_gmt":"2022-08-09T07:56:50","guid":{"rendered":"https:\/\/krauseschnauzen.de\/?page_id=40"},"modified":"2023-04-02T12:31:15","modified_gmt":"2023-04-02T10:31:15","slug":"carding","status":"publish","type":"page","link":"https:\/\/krauseschnauzen.de\/index.php\/carding\/","title":{"rendered":"Carding \/ Entwollen"},"content":{"rendered":"<p>Unter Carding versteht man das professionelle entfernen der Unterwolle mit speziellem Werkzeug. Hunderassen mit viel Unterwolle sollten mindestens 2 mal j\u00e4hrlich durch gezieltes Ausb\u00fcrsten davon befreit werden. Noch ges\u00fcnder ist ein Rhythmus aller 3-4 Monate. Ist die Unterwolle aus dem Pelz, f\u00e4llt das Deckhaar lockerer und mehr Luft kommt auf die Haut des Hundes. Der Hund f\u00fchlt sich wohler und verliert gleichzeitig an unangenehmen Ger\u00fcchen.&nbsp;<\/p>\n\n\n<div class=\"wp-block-columns is-layout-flex wp-container-core-columns-is-layout-9d6595d7 wp-block-columns-is-layout-flex\">\n<div class=\"wp-block-column is-layout-flow wp-block-column-is-layout-flow\">\n<p>Hauptsaison f\u00fcr das Entfernen der Unterwolle ist ganz klassisch die Zeit des Fellwechsels im Fr\u00fchjahr und im Herbst. Besonders in den Monaten April und Mai, bzw. September und Oktober sollte der Fellwechsel unterst\u00fctzt werden. Alte, juckende Haare werden entfernt und neue Unterwolle kann sich bilden.<\/p>\n<p>Es gibt sowohl kurzhaarige, als auch langhaarige Rassen, die viel Unterwolle ausbilden. Klassische Vertreter, bei denen sich professionelles Carding lohnt sind: <span style=\"color: #ff9900;\">Labrador, Australian Shepherd, Border Collie, Rottweiler, Mops, Berner Sennenhund, Appenzeller Sennenhund, Golden Retriever, Sch\u00e4ferhunde<\/span> und einige mehr.&nbsp;<\/p>\n<p>Diese Rassen sollten nie geschoren werden.<\/p>\n<\/div>\n\n\n\n<div class=\"wp-block-column is-layout-flow wp-block-column-is-layout-flow\">\n<figure class=\"wp-block-image size-full is-resized\"><img loading=\"lazy\" decoding=\"async\" src=\"https:\/\/krauseschnauzen.de\/wp-content\/uploads\/2022\/12\/IMG_7591.jpg\" alt=\"\" class=\"wp-image-255\" width=\"258\" height=\"373\" srcset=\"https:\/\/krauseschnauzen.de\/wp-content\/uploads\/2022\/12\/IMG_7591.jpg 515w, https:\/\/krauseschnauzen.de\/wp-content\/uploads\/2022\/12\/IMG_7591-207x300.jpg 207w\" sizes=\"auto, (max-width: 258px) 100vw, 258px\" \/><\/figure>\n<\/div>\n<\/div>\n\n\n<p>Das Carding f\u00e4llt bei mir im Salon in das Angebot der Komplettpflege hinein. Es gilt der <a href=\"https:\/\/krauseschnauzen.de\/index.php\/preisliste\/\">Preis<\/a> entsprechend der Gr\u00f6\u00dfe ihres Hundes.<\/p>\n\n\n<div class=\"wp-block-columns is-layout-flex wp-container-core-columns-is-layout-9d6595d7 wp-block-columns-is-layout-flex\">\n<div class=\"wp-block-column is-layout-flow wp-block-column-is-layout-flow\" style=\"flex-basis:33.33%\">\n<figure class=\"wp-block-image size-full is-resized\"><img loading=\"lazy\" decoding=\"async\" src=\"https:\/\/krauseschnauzen.de\/wp-content\/uploads\/2023\/03\/IMGP0813a.jpg\" alt=\"\" class=\"wp-image-744\" width=\"331\" height=\"227\" srcset=\"https:\/\/krauseschnauzen.de\/wp-content\/uploads\/2023\/03\/IMGP0813a.jpg 441w, https:\/\/krauseschnauzen.de\/wp-content\/uploads\/2023\/03\/IMGP0813a-300x205.jpg 300w, https:\/\/krauseschnauzen.de\/wp-content\/uploads\/2023\/03\/IMGP0813a-1x1.jpg 1w\" sizes=\"auto, (max-width: 331px) 100vw, 331px\" \/><\/figure>\n<\/div>\n\n\n\n<div class=\"wp-block-column is-layout-flow wp-block-column-is-layout-flow\" style=\"flex-basis:66.66%\">\n<p>Ihr Hund wird im Hundesalon Krauseschnauzen zun\u00e4chst mit geeigneten B\u00fcrsten ausgeb\u00fcrstet. Bei diesem Prozess hole ich schon sehr viel Unterwolle heraus. Im Anschluss wird der Hund mit einem hochwertigen Shampoo gewaschen und mit einem Hochleistungsf\u00f6hn getrocknet. Was beim K\u00e4mmen an loser Unterwolle nicht entfernt wurde, fliegt nun in kleinen W\u00f6lkchen vom Hund ab. Wenn der Hund trocken ist, wird er abschlie\u00dfend nochmals geb\u00fcrstet und gek\u00e4mmt. Pfoten, Rute und Beh\u00e4nge werden sauber geschnitten und runden das Ergebnis ab.<\/p>\n<\/div>\n<\/div>\n\n\n\n<div class=\"wp-block-buttons is-layout-flex wp-block-buttons-is-layout-flex\">\n<div class=\"wp-block-button has-custom-width wp-block-button__width-100 has-custom-font-size is-style-fill has-small-font-size\"><a class=\"wp-block-button__link has-white-color has-text-color has-background wp-element-button\" href=\"https:\/\/krauseschnauzen.de\/index.php\/kontakt-krauseschnauzen\/\" style=\"border-radius:0px;background-color:#c9975db5\"><strong>Termin vereinbaren<\/strong><\/a><\/div>\n<\/div>\n","protected":false},"excerpt":{"rendered":"<p>Unter Carding versteht man das professionelle entfernen der Unterwolle mit speziellem Werkzeug. Hunderassen mit viel Unterwolle sollten mindestens 2 mal j\u00e4hrlich durch gezieltes Ausb\u00fcrsten davon befreit werden. Noch ges\u00fcnder ist ein Rhythmus aller 3-4 Monate. Ist die Unterwolle aus dem Pelz, f\u00e4llt das Deckhaar lockerer und mehr Luft kommt auf die Haut des Hundes. Der [&hellip;]<\/p>\n","protected":false},"author":1,"featured_media":0,"parent":0,"menu_order":0,"comment_status":"closed","ping_status":"closed","template":"","meta":{"footnotes":""},"class_list":["post-40","page","type-page","status-publish","hentry"],"yoast_head":"<!-- This site is optimized with the Yoast SEO plugin v27.3 - https:\/\/yoast.com\/product\/yoast-seo-wordpress\/ -->\n<title>Carding \/ Entwollen - Krauseschnauzen<\/title>\n<meta name=\"description\" content=\"Hauptsaison f\u00fcr das Entfernen der Unterwolle (Carding) ist ganz klassisch die Zeit des Fellwechsels im Fr\u00fchjahr und im Herbst.\" \/>\n<meta name=\"robots\" content=\"index, follow, max-snippet:-1, max-image-preview:large, max-video-preview:-1\" \/>\n<link rel=\"canonical\" href=\"https:\/\/krauseschnauzen.de\/index.php\/carding\/\" \/>\n<meta property=\"og:locale\" content=\"de_DE\" \/>\n<meta property=\"og:type\" content=\"article\" \/>\n<meta property=\"og:title\" content=\"Carding \/ Entwollen - Krauseschnauzen\" \/>\n<meta property=\"og:description\" content=\"Hauptsaison f\u00fcr das Entfernen der Unterwolle (Carding) ist ganz klassisch die Zeit des Fellwechsels im Fr\u00fchjahr und im Herbst.\" \/>\n<meta property=\"og:url\" content=\"https:\/\/krauseschnauzen.de\/index.php\/carding\/\" \/>\n<meta property=\"og:site_name\" content=\"Krauseschnauzen\" \/>\n<meta property=\"article:publisher\" content=\"https:\/\/www.facebook.com\/HundesalonKrauseschnauzen\" \/>\n<meta property=\"article:modified_time\" content=\"2023-04-02T10:31:15+00:00\" \/>\n<meta property=\"og:image\" content=\"https:\/\/krauseschnauzen.de\/wp-content\/uploads\/2022\/12\/IMG_7591.jpg\" \/>\n<meta name=\"twitter:card\" content=\"summary_large_image\" \/>\n<meta name=\"twitter:label1\" content=\"Gesch\u00e4tzte Lesezeit\" \/>\n\t<meta name=\"twitter:data1\" content=\"2\u00a0Minuten\" \/>\n<script type=\"application\/ld+json\" class=\"yoast-schema-graph\">{\"@context\":\"https:\\\/\\\/schema.org\",\"@graph\":[{\"@type\":\"WebPage\",\"@id\":\"https:\\\/\\\/krauseschnauzen.de\\\/index.php\\\/carding\\\/\",\"url\":\"https:\\\/\\\/krauseschnauzen.de\\\/index.php\\\/carding\\\/\",\"name\":\"Carding \\\/ Entwollen - Krauseschnauzen\",\"isPartOf\":{\"@id\":\"https:\\\/\\\/krauseschnauzen.de\\\/#website\"},\"primaryImageOfPage\":{\"@id\":\"https:\\\/\\\/krauseschnauzen.de\\\/index.php\\\/carding\\\/#primaryimage\"},\"image\":{\"@id\":\"https:\\\/\\\/krauseschnauzen.de\\\/index.php\\\/carding\\\/#primaryimage\"},\"thumbnailUrl\":\"https:\\\/\\\/krauseschnauzen.de\\\/wp-content\\\/uploads\\\/2022\\\/12\\\/IMG_7591.jpg\",\"datePublished\":\"2022-08-09T07:56:50+00:00\",\"dateModified\":\"2023-04-02T10:31:15+00:00\",\"description\":\"Hauptsaison f\u00fcr das Entfernen der Unterwolle (Carding) ist ganz klassisch die Zeit des Fellwechsels im Fr\u00fchjahr und im Herbst.\",\"breadcrumb\":{\"@id\":\"https:\\\/\\\/krauseschnauzen.de\\\/index.php\\\/carding\\\/#breadcrumb\"},\"inLanguage\":\"de\",\"potentialAction\":[{\"@type\":\"ReadAction\",\"target\":[\"https:\\\/\\\/krauseschnauzen.de\\\/index.php\\\/carding\\\/\"]}]},{\"@type\":\"ImageObject\",\"inLanguage\":\"de\",\"@id\":\"https:\\\/\\\/krauseschnauzen.de\\\/index.php\\\/carding\\\/#primaryimage\",\"url\":\"https:\\\/\\\/krauseschnauzen.de\\\/wp-content\\\/uploads\\\/2022\\\/12\\\/IMG_7591.jpg\",\"contentUrl\":\"https:\\\/\\\/krauseschnauzen.de\\\/wp-content\\\/uploads\\\/2022\\\/12\\\/IMG_7591.jpg\",\"width\":515,\"height\":745},{\"@type\":\"BreadcrumbList\",\"@id\":\"https:\\\/\\\/krauseschnauzen.de\\\/index.php\\\/carding\\\/#breadcrumb\",\"itemListElement\":[{\"@type\":\"ListItem\",\"position\":1,\"name\":\"Startseite\",\"item\":\"https:\\\/\\\/krauseschnauzen.de\\\/\"},{\"@type\":\"ListItem\",\"position\":2,\"name\":\"Carding \\\/ Entwollen\"}]},{\"@type\":\"WebSite\",\"@id\":\"https:\\\/\\\/krauseschnauzen.de\\\/#website\",\"url\":\"https:\\\/\\\/krauseschnauzen.de\\\/\",\"name\":\"Krauseschnauzen\",\"description\":\"Hundesalon und Aromatherapie\",\"publisher\":{\"@id\":\"https:\\\/\\\/krauseschnauzen.de\\\/#organization\"},\"potentialAction\":[{\"@type\":\"SearchAction\",\"target\":{\"@type\":\"EntryPoint\",\"urlTemplate\":\"https:\\\/\\\/krauseschnauzen.de\\\/?s={search_term_string}\"},\"query-input\":{\"@type\":\"PropertyValueSpecification\",\"valueRequired\":true,\"valueName\":\"search_term_string\"}}],\"inLanguage\":\"de\"},{\"@type\":\"Organization\",\"@id\":\"https:\\\/\\\/krauseschnauzen.de\\\/#organization\",\"name\":\"Hundesalon Krauseschnauzen\",\"url\":\"https:\\\/\\\/krauseschnauzen.de\\\/\",\"logo\":{\"@type\":\"ImageObject\",\"inLanguage\":\"de\",\"@id\":\"https:\\\/\\\/krauseschnauzen.de\\\/#\\\/schema\\\/logo\\\/image\\\/\",\"url\":\"https:\\\/\\\/krauseschnauzen.de\\\/wp-content\\\/uploads\\\/2023\\\/01\\\/KrauseSchnauzen_Logo_Farbig.png\",\"contentUrl\":\"https:\\\/\\\/krauseschnauzen.de\\\/wp-content\\\/uploads\\\/2023\\\/01\\\/KrauseSchnauzen_Logo_Farbig.png\",\"width\":2623,\"height\":2181,\"caption\":\"Hundesalon Krauseschnauzen\"},\"image\":{\"@id\":\"https:\\\/\\\/krauseschnauzen.de\\\/#\\\/schema\\\/logo\\\/image\\\/\"},\"sameAs\":[\"https:\\\/\\\/www.facebook.com\\\/HundesalonKrauseschnauzen\",\"https:\\\/\\\/www.instagram.com\\\/krauseschnauzen\\\/\"]}]}<\/script>\n<!-- \/ Yoast SEO plugin. -->","yoast_head_json":{"title":"Carding \/ Entwollen - Krauseschnauzen","description":"Hauptsaison f\u00fcr das Entfernen der Unterwolle (Carding) ist ganz klassisch die Zeit des Fellwechsels im Fr\u00fchjahr und im Herbst.","robots":{"index":"index","follow":"follow","max-snippet":"max-snippet:-1","max-image-preview":"max-image-preview:large","max-video-preview":"max-video-preview:-1"},"canonical":"https:\/\/krauseschnauzen.de\/index.php\/carding\/","og_locale":"de_DE","og_type":"article","og_title":"Carding \/ Entwollen - Krauseschnauzen","og_description":"Hauptsaison f\u00fcr das Entfernen der Unterwolle (Carding) ist ganz klassisch die Zeit des Fellwechsels im Fr\u00fchjahr und im Herbst.","og_url":"https:\/\/krauseschnauzen.de\/index.php\/carding\/","og_site_name":"Krauseschnauzen","article_publisher":"https:\/\/www.facebook.com\/HundesalonKrauseschnauzen","article_modified_time":"2023-04-02T10:31:15+00:00","og_image":[{"url":"https:\/\/krauseschnauzen.de\/wp-content\/uploads\/2022\/12\/IMG_7591.jpg","type":"","width":"","height":""}],"twitter_card":"summary_large_image","twitter_misc":{"Gesch\u00e4tzte Lesezeit":"2\u00a0Minuten"},"schema":{"@context":"https:\/\/schema.org","@graph":[{"@type":"WebPage","@id":"https:\/\/krauseschnauzen.de\/index.php\/carding\/","url":"https:\/\/krauseschnauzen.de\/index.php\/carding\/","name":"Carding \/ Entwollen - Krauseschnauzen","isPartOf":{"@id":"https:\/\/krauseschnauzen.de\/#website"},"primaryImageOfPage":{"@id":"https:\/\/krauseschnauzen.de\/index.php\/carding\/#primaryimage"},"image":{"@id":"https:\/\/krauseschnauzen.de\/index.php\/carding\/#primaryimage"},"thumbnailUrl":"https:\/\/krauseschnauzen.de\/wp-content\/uploads\/2022\/12\/IMG_7591.jpg","datePublished":"2022-08-09T07:56:50+00:00","dateModified":"2023-04-02T10:31:15+00:00","description":"Hauptsaison f\u00fcr das Entfernen der Unterwolle (Carding) ist ganz klassisch die Zeit des Fellwechsels im Fr\u00fchjahr und im Herbst.","breadcrumb":{"@id":"https:\/\/krauseschnauzen.de\/index.php\/carding\/#breadcrumb"},"inLanguage":"de","potentialAction":[{"@type":"ReadAction","target":["https:\/\/krauseschnauzen.de\/index.php\/carding\/"]}]},{"@type":"ImageObject","inLanguage":"de","@id":"https:\/\/krauseschnauzen.de\/index.php\/carding\/#primaryimage","url":"https:\/\/krauseschnauzen.de\/wp-content\/uploads\/2022\/12\/IMG_7591.jpg","contentUrl":"https:\/\/krauseschnauzen.de\/wp-content\/uploads\/2022\/12\/IMG_7591.jpg","width":515,"height":745},{"@type":"BreadcrumbList","@id":"https:\/\/krauseschnauzen.de\/index.php\/carding\/#breadcrumb","itemListElement":[{"@type":"ListItem","position":1,"name":"Startseite","item":"https:\/\/krauseschnauzen.de\/"},{"@type":"ListItem","position":2,"name":"Carding \/ Entwollen"}]},{"@type":"WebSite","@id":"https:\/\/krauseschnauzen.de\/#website","url":"https:\/\/krauseschnauzen.de\/","name":"Krauseschnauzen","description":"Hundesalon und Aromatherapie","publisher":{"@id":"https:\/\/krauseschnauzen.de\/#organization"},"potentialAction":[{"@type":"SearchAction","target":{"@type":"EntryPoint","urlTemplate":"https:\/\/krauseschnauzen.de\/?s={search_term_string}"},"query-input":{"@type":"PropertyValueSpecification","valueRequired":true,"valueName":"search_term_string"}}],"inLanguage":"de"},{"@type":"Organization","@id":"https:\/\/krauseschnauzen.de\/#organization","name":"Hundesalon Krauseschnauzen","url":"https:\/\/krauseschnauzen.de\/","logo":{"@type":"ImageObject","inLanguage":"de","@id":"https:\/\/krauseschnauzen.de\/#\/schema\/logo\/image\/","url":"https:\/\/krauseschnauzen.de\/wp-content\/uploads\/2023\/01\/KrauseSchnauzen_Logo_Farbig.png","contentUrl":"https:\/\/krauseschnauzen.de\/wp-content\/uploads\/2023\/01\/KrauseSchnauzen_Logo_Farbig.png","width":2623,"height":2181,"caption":"Hundesalon Krauseschnauzen"},"image":{"@id":"https:\/\/krauseschnauzen.de\/#\/schema\/logo\/image\/"},"sameAs":["https:\/\/www.facebook.com\/HundesalonKrauseschnauzen","https:\/\/www.instagram.com\/krauseschnauzen\/"]}]}},"_links":{"self":[{"href":"https:\/\/krauseschnauzen.de\/index.php\/wp-json\/wp\/v2\/pages\/40","targetHints":{"allow":["GET"]}}],"collection":[{"href":"https:\/\/krauseschnauzen.de\/index.php\/wp-json\/wp\/v2\/pages"}],"about":[{"href":"https:\/\/krauseschnauzen.de\/index.php\/wp-json\/wp\/v2\/types\/page"}],"author":[{"embeddable":true,"href":"https:\/\/krauseschnauzen.de\/index.php\/wp-json\/wp\/v2\/users\/1"}],"replies":[{"embeddable":true,"href":"https:\/\/krauseschnauzen.de\/index.php\/wp-json\/wp\/v2\/comments?post=40"}],"version-history":[{"count":23,"href":"https:\/\/krauseschnauzen.de\/index.php\/wp-json\/wp\/v2\/pages\/40\/revisions"}],"predecessor-version":[{"id":854,"href":"https:\/\/krauseschnauzen.de\/index.php\/wp-json\/wp\/v2\/pages\/40\/revisions\/854"}],"wp:attachment":[{"href":"https:\/\/krauseschnauzen.de\/index.php\/wp-json\/wp\/v2\/media?parent=40"}],"curies":[{"name":"wp","href":"https:\/\/api.w.org\/{rel}","templated":true}]}}