{"id":38,"date":"2022-08-09T09:56:50","date_gmt":"2022-08-09T07:56:50","guid":{"rendered":"https:\/\/krauseschnauzen.de\/?page_id=38"},"modified":"2023-03-31T11:45:23","modified_gmt":"2023-03-31T09:45:23","slug":"trimmen","status":"publish","type":"page","link":"https:\/\/krauseschnauzen.de\/index.php\/trimmen\/","title":{"rendered":"Trimmen"},"content":{"rendered":"<p>Beim Trimmen wird das abgestorbene Deckhaar durch gezieltes und fachgerechtes Zupfen entfernt, um Hautreizungen und Ekzeme zu vermeiden. Besonders Hunde mit rauhaarigem Fell fallen unter die klassischen Trimmrassen, deren Fell durch gezielte Z\u00fcchtung nicht mehr dem normalen Fellwechsel unterliegt. Das Fell ist dadurch robuster und auch wasserabweisender, so dass diese Hunde auch im Winter dem Wetter gut trotzen. Um die Haut- und Fellgesundheit langfristig zu erhalten, ist es notwendig, bei Hunden mit dieser Fellstruktur mehrmals j\u00e4hrlich das tote Deckhaar zu entfernen, damit die darunter nachwachsenden Deckhaare Platz haben und die Haut mit frischer Luft versorgt werden kann.<\/p>\n<p>Einige Rassen werden komplett am gesamten K\u00f6rper getrimmt, also auch an Bauch, Beinen, Ohren und Rute. Bei anderen Rassen trimmt man haupts\u00e4chlich den R\u00fccken, den Schulter-Nacken-Bereich und die Oberschenkel. Das Fell an Ohren, Beh\u00e4ngen und Beinen wird hier in der Regel mit verschiedenen Scheren modelliert.<\/p>\n\n\n<div class=\"wp-block-columns is-layout-flex wp-container-core-columns-is-layout-9d6595d7 wp-block-columns-is-layout-flex\">\n<div class=\"wp-block-column is-layout-flow wp-block-column-is-layout-flow\">\n<p><strong>Vorher-Nachher-Vergleich<\/strong><\/p>\n<p>Der Kleine M\u00fcnsterl\u00e4nder hat, \u00e4hnlich wie viele Setterrassen und bspw. Englische Cockerspaniel, Deckhaar, welches gut abgetrimmt werden kann. Bei diesen Rassen wird vor dem Schnitt der Ohren und Beh\u00e4nge sauber mit der Hand getrimmt. Auf Wunsch kann der Hund nach dem Trimmen und vor dem Schneiden auch mit einem milden Shampoo gewaschen werden, was das Gesamtergebnis sch\u00f6ner macht.<\/p>\n<p>Die lose Unterwolle wird auch bei diesen Rassen auf herk\u00f6mmliche Art und Weise ausgek\u00e4mmt.<\/p>\n<p>Je nach Gr\u00f6\u00dfe des Hundes variiert der Zeitaufwand zwischen 1-3h. Viele Hunde, die behutsam ans Trimmen herangef\u00fchrt werden, entspannen w\u00e4hrend der Behandlung, sind aber in der Regel danach &#8222;ausgepowert&#8220; wie im Anschluss an einen gro\u00dfen Spaziergang.<\/p>\n<\/div>\n\n\n\n<div class=\"wp-block-column is-layout-flow wp-block-column-is-layout-flow\">\n<figure class=\"wp-block-gallery has-nested-images columns-1 is-cropped wp-block-gallery-1 is-layout-flex wp-block-gallery-is-layout-flex\">\n<figure class=\"wp-block-image size-full is-style-default\"><img loading=\"lazy\" decoding=\"async\" width=\"773\" height=\"565\" data-id=\"682\" src=\"https:\/\/krauseschnauzen.de\/wp-content\/uploads\/2023\/03\/IMG_0066.jpg\" alt=\"\" class=\"wp-image-682\" srcset=\"https:\/\/krauseschnauzen.de\/wp-content\/uploads\/2023\/03\/IMG_0066.jpg 773w, https:\/\/krauseschnauzen.de\/wp-content\/uploads\/2023\/03\/IMG_0066-600x439.jpg 600w, https:\/\/krauseschnauzen.de\/wp-content\/uploads\/2023\/03\/IMG_0066-300x219.jpg 300w, https:\/\/krauseschnauzen.de\/wp-content\/uploads\/2023\/03\/IMG_0066-768x561.jpg 768w, https:\/\/krauseschnauzen.de\/wp-content\/uploads\/2023\/03\/IMG_0066-1x1.jpg 1w\" sizes=\"auto, (max-width: 773px) 100vw, 773px\" \/><figcaption class=\"wp-element-caption\">vor dem Trimmen<\/figcaption><\/figure>\n\n\n\n<figure class=\"wp-block-image size-large\"><img loading=\"lazy\" decoding=\"async\" width=\"1024\" height=\"751\" data-id=\"608\" src=\"https:\/\/krauseschnauzen.de\/wp-content\/uploads\/2023\/03\/Trimmennachher1-1024x751.jpg\" alt=\"\" class=\"wp-image-608\" srcset=\"https:\/\/krauseschnauzen.de\/wp-content\/uploads\/2023\/03\/Trimmennachher1-1024x751.jpg 1024w, https:\/\/krauseschnauzen.de\/wp-content\/uploads\/2023\/03\/Trimmennachher1-600x440.jpg 600w, https:\/\/krauseschnauzen.de\/wp-content\/uploads\/2023\/03\/Trimmennachher1-300x220.jpg 300w, https:\/\/krauseschnauzen.de\/wp-content\/uploads\/2023\/03\/Trimmennachher1-768x563.jpg 768w, https:\/\/krauseschnauzen.de\/wp-content\/uploads\/2023\/03\/Trimmennachher1-1x1.jpg 1w, https:\/\/krauseschnauzen.de\/wp-content\/uploads\/2023\/03\/Trimmennachher1.jpg 1440w\" sizes=\"auto, (max-width: 1024px) 100vw, 1024px\" \/><figcaption class=\"wp-element-caption\">nach dem Trimmen<\/figcaption><\/figure>\n<\/figure>\n<\/div>\n<\/div>\n\n\n<p>Typische Rassen, deren Fell ca. aller 12 Wochen getrimmt werden sollte: Rauhaardackel, Westhighland Terrier, Scottisch Terrier, Irish Terrier, Welsh Terrier, Jack Russel Terrier, Parson Russel Terrier, Foxterrier, Zwergschnauzer, Riesenschnauzer, Deutsch Drahthaar, Kleiner M\u00fcnsterl\u00e4nder, Setter, Airedale Terrier und einige mehr. Wenn Sie unsicher sind, ob ihr Hund darunter f\u00e4llt, rufen Sie mich gern zu einem Beratungsgespr\u00e4ch an. Bei Mischlingen, die anteilig Vertreter dieser Rassen im Stammbaum haben, macht es durchaus Sinn, die Fellstruktur anzusehen, da es auch hier m\u00f6glich ist ein sch\u00f6nes Trimmergebnis zu erzielen.<\/p>\n\n\n<figure class=\"wp-block-image size-full\"><img loading=\"lazy\" decoding=\"async\" width=\"751\" height=\"509\" src=\"https:\/\/krauseschnauzen.de\/wp-content\/uploads\/2022\/12\/IMG_7585.jpg\" alt=\"\" class=\"wp-image-259\" srcset=\"https:\/\/krauseschnauzen.de\/wp-content\/uploads\/2022\/12\/IMG_7585.jpg 751w, https:\/\/krauseschnauzen.de\/wp-content\/uploads\/2022\/12\/IMG_7585-600x407.jpg 600w, https:\/\/krauseschnauzen.de\/wp-content\/uploads\/2022\/12\/IMG_7585-300x203.jpg 300w, https:\/\/krauseschnauzen.de\/wp-content\/uploads\/2022\/12\/IMG_7585-676x458.jpg 676w\" sizes=\"auto, (max-width: 751px) 100vw, 751px\" \/><figcaption class=\"wp-element-caption\">Segugio Italiano a Pelo Forte, ein klassicher Vertreter der Trimmhunde mit rauhem Fell<\/figcaption><\/figure>\n\n\n\n<div class=\"wp-block-buttons is-layout-flex wp-block-buttons-is-layout-flex\">\n<div class=\"wp-block-button has-custom-width wp-block-button__width-100 has-custom-font-size is-style-fill has-small-font-size\"><a class=\"wp-block-button__link has-white-color has-text-color has-background wp-element-button\" href=\"https:\/\/krauseschnauzen.de\/index.php\/kontakt\/\" style=\"border-radius:0px;background-color:#c9975db5\" target=\"_blank\" rel=\"noreferrer noopener\"><strong>Termin vereinbaren<\/strong><\/a><\/div>\n<\/div>\n","protected":false},"excerpt":{"rendered":"<p>Beim Trimmen wird das abgestorbene Deckhaar durch gezieltes und fachgerechtes Zupfen entfernt, um Hautreizungen und Ekzeme zu vermeiden. Besonders Hunde mit rauhaarigem Fell fallen unter die klassischen Trimmrassen, deren Fell durch gezielte Z\u00fcchtung nicht mehr dem normalen Fellwechsel unterliegt. Das Fell ist dadurch robuster und auch wasserabweisender, so dass diese Hunde auch im Winter dem [&hellip;]<\/p>\n","protected":false},"author":1,"featured_media":0,"parent":0,"menu_order":0,"comment_status":"closed","ping_status":"closed","template":"","meta":{"footnotes":""},"class_list":["post-38","page","type-page","status-publish","hentry"],"yoast_head":"<!-- This site is optimized with the Yoast SEO plugin v27.3 - https:\/\/yoast.com\/product\/yoast-seo-wordpress\/ -->\n<title>Trimmen - Krauseschnauzen<\/title>\n<meta name=\"robots\" content=\"index, follow, max-snippet:-1, max-image-preview:large, max-video-preview:-1\" \/>\n<link rel=\"canonical\" href=\"https:\/\/krauseschnauzen.de\/index.php\/trimmen\/\" \/>\n<meta property=\"og:locale\" content=\"de_DE\" \/>\n<meta property=\"og:type\" content=\"article\" \/>\n<meta property=\"og:title\" content=\"Trimmen - Krauseschnauzen\" \/>\n<meta property=\"og:description\" content=\"Beim Trimmen wird das abgestorbene Deckhaar durch gezieltes und fachgerechtes Zupfen entfernt, um Hautreizungen und Ekzeme zu vermeiden. Besonders Hunde mit rauhaarigem Fell fallen unter die klassischen Trimmrassen, deren Fell durch gezielte Z\u00fcchtung nicht mehr dem normalen Fellwechsel unterliegt. Das Fell ist dadurch robuster und auch wasserabweisender, so dass diese Hunde auch im Winter dem [&hellip;]\" \/>\n<meta property=\"og:url\" content=\"https:\/\/krauseschnauzen.de\/index.php\/trimmen\/\" \/>\n<meta property=\"og:site_name\" content=\"Krauseschnauzen\" \/>\n<meta property=\"article:publisher\" content=\"https:\/\/www.facebook.com\/HundesalonKrauseschnauzen\" \/>\n<meta property=\"article:modified_time\" content=\"2023-03-31T09:45:23+00:00\" \/>\n<meta property=\"og:image\" content=\"https:\/\/krauseschnauzen.de\/wp-content\/uploads\/2023\/03\/IMG_0066.jpg\" \/>\n<meta name=\"twitter:card\" content=\"summary_large_image\" \/>\n<meta name=\"twitter:label1\" content=\"Gesch\u00e4tzte Lesezeit\" \/>\n\t<meta name=\"twitter:data1\" content=\"3\u00a0Minuten\" \/>\n<script type=\"application\/ld+json\" class=\"yoast-schema-graph\">{\"@context\":\"https:\\\/\\\/schema.org\",\"@graph\":[{\"@type\":\"WebPage\",\"@id\":\"https:\\\/\\\/krauseschnauzen.de\\\/index.php\\\/trimmen\\\/\",\"url\":\"https:\\\/\\\/krauseschnauzen.de\\\/index.php\\\/trimmen\\\/\",\"name\":\"Trimmen - Krauseschnauzen\",\"isPartOf\":{\"@id\":\"https:\\\/\\\/krauseschnauzen.de\\\/#website\"},\"primaryImageOfPage\":{\"@id\":\"https:\\\/\\\/krauseschnauzen.de\\\/index.php\\\/trimmen\\\/#primaryimage\"},\"image\":{\"@id\":\"https:\\\/\\\/krauseschnauzen.de\\\/index.php\\\/trimmen\\\/#primaryimage\"},\"thumbnailUrl\":\"https:\\\/\\\/krauseschnauzen.de\\\/wp-content\\\/uploads\\\/2023\\\/03\\\/IMG_0066.jpg\",\"datePublished\":\"2022-08-09T07:56:50+00:00\",\"dateModified\":\"2023-03-31T09:45:23+00:00\",\"breadcrumb\":{\"@id\":\"https:\\\/\\\/krauseschnauzen.de\\\/index.php\\\/trimmen\\\/#breadcrumb\"},\"inLanguage\":\"de\",\"potentialAction\":[{\"@type\":\"ReadAction\",\"target\":[\"https:\\\/\\\/krauseschnauzen.de\\\/index.php\\\/trimmen\\\/\"]}]},{\"@type\":\"ImageObject\",\"inLanguage\":\"de\",\"@id\":\"https:\\\/\\\/krauseschnauzen.de\\\/index.php\\\/trimmen\\\/#primaryimage\",\"url\":\"https:\\\/\\\/krauseschnauzen.de\\\/wp-content\\\/uploads\\\/2023\\\/03\\\/IMG_0066.jpg\",\"contentUrl\":\"https:\\\/\\\/krauseschnauzen.de\\\/wp-content\\\/uploads\\\/2023\\\/03\\\/IMG_0066.jpg\",\"width\":773,\"height\":565},{\"@type\":\"BreadcrumbList\",\"@id\":\"https:\\\/\\\/krauseschnauzen.de\\\/index.php\\\/trimmen\\\/#breadcrumb\",\"itemListElement\":[{\"@type\":\"ListItem\",\"position\":1,\"name\":\"Startseite\",\"item\":\"https:\\\/\\\/krauseschnauzen.de\\\/\"},{\"@type\":\"ListItem\",\"position\":2,\"name\":\"Trimmen\"}]},{\"@type\":\"WebSite\",\"@id\":\"https:\\\/\\\/krauseschnauzen.de\\\/#website\",\"url\":\"https:\\\/\\\/krauseschnauzen.de\\\/\",\"name\":\"Krauseschnauzen\",\"description\":\"Hundesalon und Aromatherapie\",\"publisher\":{\"@id\":\"https:\\\/\\\/krauseschnauzen.de\\\/#organization\"},\"potentialAction\":[{\"@type\":\"SearchAction\",\"target\":{\"@type\":\"EntryPoint\",\"urlTemplate\":\"https:\\\/\\\/krauseschnauzen.de\\\/?s={search_term_string}\"},\"query-input\":{\"@type\":\"PropertyValueSpecification\",\"valueRequired\":true,\"valueName\":\"search_term_string\"}}],\"inLanguage\":\"de\"},{\"@type\":\"Organization\",\"@id\":\"https:\\\/\\\/krauseschnauzen.de\\\/#organization\",\"name\":\"Hundesalon Krauseschnauzen\",\"url\":\"https:\\\/\\\/krauseschnauzen.de\\\/\",\"logo\":{\"@type\":\"ImageObject\",\"inLanguage\":\"de\",\"@id\":\"https:\\\/\\\/krauseschnauzen.de\\\/#\\\/schema\\\/logo\\\/image\\\/\",\"url\":\"https:\\\/\\\/krauseschnauzen.de\\\/wp-content\\\/uploads\\\/2023\\\/01\\\/KrauseSchnauzen_Logo_Farbig.png\",\"contentUrl\":\"https:\\\/\\\/krauseschnauzen.de\\\/wp-content\\\/uploads\\\/2023\\\/01\\\/KrauseSchnauzen_Logo_Farbig.png\",\"width\":2623,\"height\":2181,\"caption\":\"Hundesalon Krauseschnauzen\"},\"image\":{\"@id\":\"https:\\\/\\\/krauseschnauzen.de\\\/#\\\/schema\\\/logo\\\/image\\\/\"},\"sameAs\":[\"https:\\\/\\\/www.facebook.com\\\/HundesalonKrauseschnauzen\",\"https:\\\/\\\/www.instagram.com\\\/krauseschnauzen\\\/\"]}]}<\/script>\n<!-- \/ Yoast SEO plugin. -->","yoast_head_json":{"title":"Trimmen - Krauseschnauzen","robots":{"index":"index","follow":"follow","max-snippet":"max-snippet:-1","max-image-preview":"max-image-preview:large","max-video-preview":"max-video-preview:-1"},"canonical":"https:\/\/krauseschnauzen.de\/index.php\/trimmen\/","og_locale":"de_DE","og_type":"article","og_title":"Trimmen - Krauseschnauzen","og_description":"Beim Trimmen wird das abgestorbene Deckhaar durch gezieltes und fachgerechtes Zupfen entfernt, um Hautreizungen und Ekzeme zu vermeiden. Besonders Hunde mit rauhaarigem Fell fallen unter die klassischen Trimmrassen, deren Fell durch gezielte Z\u00fcchtung nicht mehr dem normalen Fellwechsel unterliegt. Das Fell ist dadurch robuster und auch wasserabweisender, so dass diese Hunde auch im Winter dem [&hellip;]","og_url":"https:\/\/krauseschnauzen.de\/index.php\/trimmen\/","og_site_name":"Krauseschnauzen","article_publisher":"https:\/\/www.facebook.com\/HundesalonKrauseschnauzen","article_modified_time":"2023-03-31T09:45:23+00:00","og_image":[{"url":"https:\/\/krauseschnauzen.de\/wp-content\/uploads\/2023\/03\/IMG_0066.jpg","type":"","width":"","height":""}],"twitter_card":"summary_large_image","twitter_misc":{"Gesch\u00e4tzte Lesezeit":"3\u00a0Minuten"},"schema":{"@context":"https:\/\/schema.org","@graph":[{"@type":"WebPage","@id":"https:\/\/krauseschnauzen.de\/index.php\/trimmen\/","url":"https:\/\/krauseschnauzen.de\/index.php\/trimmen\/","name":"Trimmen - Krauseschnauzen","isPartOf":{"@id":"https:\/\/krauseschnauzen.de\/#website"},"primaryImageOfPage":{"@id":"https:\/\/krauseschnauzen.de\/index.php\/trimmen\/#primaryimage"},"image":{"@id":"https:\/\/krauseschnauzen.de\/index.php\/trimmen\/#primaryimage"},"thumbnailUrl":"https:\/\/krauseschnauzen.de\/wp-content\/uploads\/2023\/03\/IMG_0066.jpg","datePublished":"2022-08-09T07:56:50+00:00","dateModified":"2023-03-31T09:45:23+00:00","breadcrumb":{"@id":"https:\/\/krauseschnauzen.de\/index.php\/trimmen\/#breadcrumb"},"inLanguage":"de","potentialAction":[{"@type":"ReadAction","target":["https:\/\/krauseschnauzen.de\/index.php\/trimmen\/"]}]},{"@type":"ImageObject","inLanguage":"de","@id":"https:\/\/krauseschnauzen.de\/index.php\/trimmen\/#primaryimage","url":"https:\/\/krauseschnauzen.de\/wp-content\/uploads\/2023\/03\/IMG_0066.jpg","contentUrl":"https:\/\/krauseschnauzen.de\/wp-content\/uploads\/2023\/03\/IMG_0066.jpg","width":773,"height":565},{"@type":"BreadcrumbList","@id":"https:\/\/krauseschnauzen.de\/index.php\/trimmen\/#breadcrumb","itemListElement":[{"@type":"ListItem","position":1,"name":"Startseite","item":"https:\/\/krauseschnauzen.de\/"},{"@type":"ListItem","position":2,"name":"Trimmen"}]},{"@type":"WebSite","@id":"https:\/\/krauseschnauzen.de\/#website","url":"https:\/\/krauseschnauzen.de\/","name":"Krauseschnauzen","description":"Hundesalon und Aromatherapie","publisher":{"@id":"https:\/\/krauseschnauzen.de\/#organization"},"potentialAction":[{"@type":"SearchAction","target":{"@type":"EntryPoint","urlTemplate":"https:\/\/krauseschnauzen.de\/?s={search_term_string}"},"query-input":{"@type":"PropertyValueSpecification","valueRequired":true,"valueName":"search_term_string"}}],"inLanguage":"de"},{"@type":"Organization","@id":"https:\/\/krauseschnauzen.de\/#organization","name":"Hundesalon Krauseschnauzen","url":"https:\/\/krauseschnauzen.de\/","logo":{"@type":"ImageObject","inLanguage":"de","@id":"https:\/\/krauseschnauzen.de\/#\/schema\/logo\/image\/","url":"https:\/\/krauseschnauzen.de\/wp-content\/uploads\/2023\/01\/KrauseSchnauzen_Logo_Farbig.png","contentUrl":"https:\/\/krauseschnauzen.de\/wp-content\/uploads\/2023\/01\/KrauseSchnauzen_Logo_Farbig.png","width":2623,"height":2181,"caption":"Hundesalon Krauseschnauzen"},"image":{"@id":"https:\/\/krauseschnauzen.de\/#\/schema\/logo\/image\/"},"sameAs":["https:\/\/www.facebook.com\/HundesalonKrauseschnauzen","https:\/\/www.instagram.com\/krauseschnauzen\/"]}]}},"_links":{"self":[{"href":"https:\/\/krauseschnauzen.de\/index.php\/wp-json\/wp\/v2\/pages\/38","targetHints":{"allow":["GET"]}}],"collection":[{"href":"https:\/\/krauseschnauzen.de\/index.php\/wp-json\/wp\/v2\/pages"}],"about":[{"href":"https:\/\/krauseschnauzen.de\/index.php\/wp-json\/wp\/v2\/types\/page"}],"author":[{"embeddable":true,"href":"https:\/\/krauseschnauzen.de\/index.php\/wp-json\/wp\/v2\/users\/1"}],"replies":[{"embeddable":true,"href":"https:\/\/krauseschnauzen.de\/index.php\/wp-json\/wp\/v2\/comments?post=38"}],"version-history":[{"count":24,"href":"https:\/\/krauseschnauzen.de\/index.php\/wp-json\/wp\/v2\/pages\/38\/revisions"}],"predecessor-version":[{"id":830,"href":"https:\/\/krauseschnauzen.de\/index.php\/wp-json\/wp\/v2\/pages\/38\/revisions\/830"}],"wp:attachment":[{"href":"https:\/\/krauseschnauzen.de\/index.php\/wp-json\/wp\/v2\/media?parent=38"}],"curies":[{"name":"wp","href":"https:\/\/api.w.org\/{rel}","templated":true}]}}