{"id":37,"date":"2022-08-09T09:56:50","date_gmt":"2022-08-09T07:56:50","guid":{"rendered":"https:\/\/krauseschnauzen.de\/?page_id=37"},"modified":"2023-11-29T15:03:44","modified_gmt":"2023-11-29T13:03:44","slug":"preisliste","status":"publish","type":"page","link":"https:\/\/krauseschnauzen.de\/index.php\/preisliste\/","title":{"rendered":"Preisliste"},"content":{"rendered":"<p>Die Preisliste soll Ihnen transparent einen \u00dcberblick \u00fcber anfallende Kosten geben. Ich halte diese aktuell und werde vor anstehenden \u00c4nderungen auch stets im Salon darauf hinweisen.<\/p>\n\n\n<div class=\"wp-block-columns is-layout-flex wp-container-core-columns-is-layout-9d6595d7 wp-block-columns-is-layout-flex\">\n<div class=\"wp-block-column is-layout-flow wp-block-column-is-layout-flow\">\n<p>Bei Fragen zur Preisliste und individuellen Preisgestaltung rufen Sie gerne jederzeit unter der<\/p>\n<p><span style=\"color: #ff9900;\"><strong>0151 70801740<\/strong><\/span>, bzw. unter der\u00a0<span style=\"color: #ff9900;\"><strong><span style=\"color: #ff9900;\">034364<\/span> 887848\u00a0<\/strong><\/span>im Salon an.<\/p>\n<p>Ich habe f\u00fcr meine Komplettpflegeangebote eine <span style=\"color: #339966;\"><a style=\"color: #339966;\" href=\"https:\/\/krauseschnauzen.de\/index.php\/preisbeispiele-fuer-ausgewaehlte-rassen\/\" target=\"_blank\" rel=\"noopener\">Liste mit Preisbeispielen f\u00fcr ausgew\u00e4hlte Rassen erstellt.<\/a><\/span> Diese kann Ihnen zu Orientierung dienen, geht jedoch immer von einem grunds\u00e4tzlich gepflegten Zustand des Fells aus.<\/p>\n<\/div>\n<\/div>\n\n\n\n<div class=\"wp-block-columns is-layout-flex wp-container-core-columns-is-layout-9d6595d7 wp-block-columns-is-layout-flex\">\n<div class=\"wp-block-column is-layout-flow wp-block-column-is-layout-flow\" style=\"flex-basis:66.66%\">\n<p><span style=\"color: #ff9900;\"><strong>Waschen \/ F\u00f6hnen \/ B\u00fcrsten<\/strong><\/span><\/p>\n<p>Ihr Hund wird mit einem hochwertigen Shampoo gewaschen, anschlie\u00dfend trocken gef\u00f6hnt und ordentlich ausgeb\u00fcrstet.<\/p>\n<\/div>\n\n\n\n<div class=\"wp-block-column is-layout-flow wp-block-column-is-layout-flow\" style=\"flex-basis:33.33%\">\n<p><span style=\"color: #ff9900;\"><strong>ab 20 Euro<\/strong><\/span><\/p>\n<p>Der Preis richtet sich nach der Gr\u00f6\u00dfe und Fellbeschaffenheit ihres Hundes<\/p>\n<\/div>\n<\/div>\n\n\n\n<div class=\"wp-block-columns is-layout-flex wp-container-core-columns-is-layout-9d6595d7 wp-block-columns-is-layout-flex\">\n<div class=\"wp-block-column is-layout-flow wp-block-column-is-layout-flow\" style=\"flex-basis:100%\">\n<div class=\"wp-block-columns is-layout-flex wp-container-core-columns-is-layout-9d6595d7 wp-block-columns-is-layout-flex\">\n<div class=\"wp-block-column is-layout-flow wp-block-column-is-layout-flow\" style=\"flex-basis:66.66%\">\n<p><span style=\"color: #ff9900;\"><strong>Komplettpflege kleine Hunde<\/strong><\/span><\/p>\n<p>Waschen, F\u00f6hnen, Ausk\u00e4mmen, rassegerechtes Schneiden<\/p>\n<p>(z.B.: Yorkshire Terrier, Bolonka Zwetna, Havanneser, Malteser, Zwergpudel, Bologneser, Bichon, Pomeranian, etc.)<\/p>\n<p>N\u00e4here Infos finden Sie <span style=\"color: #ff9900;\"><a style=\"color: #ff9900;\" href=\"https:\/\/krauseschnauzen.de\/index.php\/schneiden\/\" target=\"_blank\" rel=\"noopener\">&lt;&lt; hier &gt;&gt;<\/a><\/span><\/p>\n<\/div>\n\n\n\n<div class=\"wp-block-column is-layout-flow wp-block-column-is-layout-flow\" style=\"flex-basis:33.33%\">\n<p><span style=\"color: #ff9900;\"><strong>50 Euro \/ Stunde<\/strong><\/span><\/p>\n<\/div>\n<\/div>\n<\/div>\n<\/div>\n\n\n\n<div class=\"wp-block-columns is-layout-flex wp-container-core-columns-is-layout-9d6595d7 wp-block-columns-is-layout-flex\">\n<div class=\"wp-block-column is-layout-flow wp-block-column-is-layout-flow\" style=\"flex-basis:66.66%\">\n<p><span style=\"color: #ff9900;\"><strong>Komplettpflege mittelgro\u00dfe Hunde<\/strong><\/span><\/p>\n<p>Waschen, F\u00f6hnen, Ausk\u00e4mmen, rassegerechtes Schneiden<\/p>\n<p>(z.B.: Tibet Terrier, Powder Puff, Cavalier King Charles Spaniel, L\u00f6wchen, Sheltie, Kleinpudel, American Cocker Spaniel, Lagotto Romagnolo, etc.)<\/p>\n<p>N\u00e4here Infos finden Sie <span style=\"color: #ff9900;\"><a style=\"color: #ff9900;\" href=\"https:\/\/krauseschnauzen.de\/index.php\/schneiden\/\" target=\"_blank\" rel=\"noopener\">&lt;&lt; hier &gt;&gt;<\/a><\/span><\/p>\n<\/div>\n\n\n\n<div class=\"wp-block-column is-layout-flow wp-block-column-is-layout-flow\" style=\"flex-basis:33.33%\">\n<p><span style=\"color: #ff9900;\"><strong>55 Euro \/ Stunde<\/strong><\/span><\/p>\n<\/div>\n<\/div>\n\n\n\n<div class=\"wp-block-columns is-layout-flex wp-container-core-columns-is-layout-9d6595d7 wp-block-columns-is-layout-flex\">\n<div class=\"wp-block-column is-layout-flow wp-block-column-is-layout-flow\" style=\"flex-basis:66.66%\">\n<p><span style=\"color: #ff9900;\"><strong>Komplettpflege gro\u00dfe Hunde<\/strong><\/span><\/p>\n<p>Waschen, F\u00f6hnen, Ausk\u00e4mmen, rassegerechtes Schneiden<\/p>\n<p>(z.B.: Bearded Collie, Collie, Bobtail, Gro\u00dfpudel, Berner Sennenhund, Bernhardiener, Golden Retriever, Eurasier, Samojede, Doodle, etc.)<\/p>\n<p>N\u00e4here Infos finden Sie <span style=\"color: #ff9900;\"><a style=\"color: #ff9900;\" href=\"https:\/\/krauseschnauzen.de\/index.php\/schneiden\/\" target=\"_blank\" rel=\"noopener\">&lt;&lt; hier &gt;&gt;<\/a><\/span><\/p>\n<\/div>\n\n\n\n<div class=\"wp-block-column is-layout-flow wp-block-column-is-layout-flow\" style=\"flex-basis:33.33%\">\n<p><span style=\"color: #ff9900;\"><strong>60 Euro \/ Stunde<\/strong><\/span><\/p>\n<\/div>\n<\/div>\n\n\n\n<div class=\"wp-block-columns is-layout-flex wp-container-core-columns-is-layout-9d6595d7 wp-block-columns-is-layout-flex\">\n<div class=\"wp-block-column is-layout-flow wp-block-column-is-layout-flow\" style=\"flex-basis:66.66%\">\n<p><span style=\"color: #ff9900;\"><strong>rassegerechtes Trimmen von Hand<\/strong><\/span><\/p>\n<p>(z.B. Rauhaardackel, Westhighland Terrier, Scottisch Terrier, Irish Terrier, Welsh Terrier, Jack Russel Terrier, Parson Russel Terrier, Foxterrier, Zwergschnauzer, Riesenschnauzer, Deutsch Drahthaar, Kleiner M\u00fcnsterl\u00e4nder, Setter, Airedale Terrier, etc.)<\/p>\n<p>N\u00e4here Infos finden Sie <span style=\"color: #ff9900;\"><a style=\"color: #ff9900;\" href=\"https:\/\/krauseschnauzen.de\/index.php\/trimmen\/\">&lt;&lt; hier &gt;&gt;<\/a><\/span><\/p>\n<\/div>\n\n\n\n<div class=\"wp-block-column is-layout-flow wp-block-column-is-layout-flow\" style=\"flex-basis:33.33%\">\n<p><span style=\"color: #ff9900;\"><strong>40 Euro \/ Stunde<\/strong><\/span><\/p>\n<\/div>\n<\/div>\n\n\n\n<div class=\"wp-block-columns is-layout-flex wp-container-core-columns-is-layout-9d6595d7 wp-block-columns-is-layout-flex\">\n<div class=\"wp-block-column is-layout-flow wp-block-column-is-layout-flow\" style=\"flex-basis:66.66%\">\n<p><span style=\"color: #ff9900;\"><strong>Carding<\/strong><\/span><\/p>\n<p><span style=\"color: #808080;\">(z.B. Golden Retriever, Border Collie, Australien Shepard, Berner Sennenhund, Kleinspitz, Wolfsspitz, Samojede, Akita Inu, Shiba Inu, Labrador, Collie, Sheltie, Sch\u00e4ferhunde, u.v.m.)<\/span><\/p>\n<p>N\u00e4here Infos finden Sie <span style=\"color: #ff9900;\"><a style=\"color: #ff9900;\" href=\"https:\/\/krauseschnauzen.de\/index.php\/carding\/\">&lt;&lt; hier &gt;&gt;<\/a><\/span><\/p>\n<\/div>\n\n\n\n<div class=\"wp-block-column is-layout-flow wp-block-column-is-layout-flow\" style=\"flex-basis:33.33%\">\n<p><strong><span style=\"color: #ff9900;\">ab 50 Euro \/ Stunde<\/span><\/strong><\/p>\n<\/div>\n<\/div>\n\n\n\n<div class=\"wp-block-columns is-layout-flex wp-container-core-columns-is-layout-9d6595d7 wp-block-columns-is-layout-flex\">\n<div class=\"wp-block-column is-layout-flow wp-block-column-is-layout-flow\" style=\"flex-basis:66.66%\">\n<p><span style=\"color: #ff9900;\"><strong>B\u00fcrsten \/ Filzentfernung f\u00fcr Hunde und Katzen<\/strong><\/span><\/p>\n<p><span style=\"color: #808080;\">Wenn Sie Zuhause Schwierigkeiten beim B\u00fcrsten haben, kann ich das sehr gern f\u00fcr Sie im Hundesalon \u00fcbernehmen. M\u00f6glich sind hier auch einzelnen K\u00f6rperstellen (Beine, Bauch, Rute, etc.)<\/span><\/p>\n<\/div>\n\n\n\n<div class=\"wp-block-column is-layout-flow wp-block-column-is-layout-flow\" style=\"flex-basis:33.33%\">\n<p><strong><span style=\"color: #ff9900;\">10 Euro je 10 Minuten<\/span><\/strong><\/p>\n<\/div>\n<\/div>\n\n\n\n<div class=\"wp-block-columns is-layout-flex wp-container-core-columns-is-layout-9d6595d7 wp-block-columns-is-layout-flex\">\n<div class=\"wp-block-column is-layout-flow wp-block-column-is-layout-flow\" style=\"flex-basis:66.66%\">\n<p><span style=\"color: #ff9900;\"><strong>Ohrenpflege<\/strong><\/span><\/p>\n<p>Reinigung der Ohren, ggf. entfernen von \u00fcbersch\u00fcssigen Wollhaaren<\/p>\n<\/div>\n\n\n\n<div class=\"wp-block-column is-layout-flow wp-block-column-is-layout-flow\" style=\"flex-basis:33.33%\">\n<p><span style=\"color: #ff9900;\"><strong>5 &#8211; 10 Euro<\/strong><\/span><\/p>\n<\/div>\n<\/div>\n\n\n\n<div class=\"wp-block-columns is-layout-flex wp-container-core-columns-is-layout-9d6595d7 wp-block-columns-is-layout-flex\">\n<div class=\"wp-block-column is-layout-flow wp-block-column-is-layout-flow\" style=\"flex-basis:66.66%\">\n<p><span style=\"color: #ff9900;\"><strong>Krallenschneiden<\/strong><\/span><\/p>\n<p>Kontrolle der einzelnen Krallen und eink\u00fcrzen auf gesunde L\u00e4nge<\/p>\n<\/div>\n\n\n\n<div class=\"wp-block-column is-layout-flow wp-block-column-is-layout-flow\" style=\"flex-basis:33.33%\">\n<p><span style=\"color: #ff9900;\"><strong>10 &#8211; 15 Euro<\/strong><\/span><\/p>\n<\/div>\n<\/div>\n\n\n\n<div class=\"wp-block-columns is-layout-flex wp-container-core-columns-is-layout-9d6595d7 wp-block-columns-is-layout-flex\">\n<div class=\"wp-block-column is-layout-flow wp-block-column-is-layout-flow\" style=\"flex-basis:66.66%\">\n<p><span style=\"color: #ff9900;\"><strong>Zahnpflege<\/strong><\/span><\/p>\n<p>professionelle Zahnreinigung mit ger\u00e4uschloser Ultraschallzahnb\u00fcrste<\/p>\n<\/div>\n\n\n\n<div class=\"wp-block-column is-layout-flow wp-block-column-is-layout-flow\" style=\"flex-basis:33.33%\">\n<p><span style=\"color: #ff9900;\"><strong>20 Euro<\/strong><\/span><\/p>\n<\/div>\n<\/div>\n\n\n\n<div class=\"wp-block-columns is-layout-flex wp-container-core-columns-is-layout-9d6595d7 wp-block-columns-is-layout-flex\">\n<div class=\"wp-block-column is-layout-flow wp-block-column-is-layout-flow\" style=\"flex-basis:66.66%\">\n<p><span style=\"color: #ff9900;\"><strong>Welpeneingew\u00f6hnung<\/strong><\/span><\/p>\n<p>erstes Beratungsgespr\u00e4ch mit Tipps zur Hundepflege f\u00fcr Zuhause, kurzes B\u00fcrsten des Hundebabys; Kontrollblick ins Hundemaul, in die Ohren und unter die Pfoten<\/p>\n<\/div>\n\n\n\n<div class=\"wp-block-column is-layout-flow wp-block-column-is-layout-flow\" style=\"flex-basis:33.33%\">\n<p><span style=\"color: #ff9900;\"><strong>kostenfrei<\/strong><\/span><\/p>\n<\/div>\n<\/div>\n\n\n\n<div class=\"wp-block-columns is-layout-flex wp-container-core-columns-is-layout-9d6595d7 wp-block-columns-is-layout-flex\">\n<div class=\"wp-block-column is-layout-flow wp-block-column-is-layout-flow\" style=\"flex-basis:50%\">\n<p><span style=\"color: #ff9900;\"><strong>Thalassotherapie<\/strong><\/span><\/p>\n<p>Wellnessprogramm f\u00fcr Ihren Hund. N\u00e4here Infos finden sie <span style=\"color: #ff9900;\"><a style=\"color: #ff9900;\" href=\"https:\/\/krauseschnauzen.de\/index.php\/thalassotherapie\/\">&lt;&lt; hier &gt;&gt;<\/a><\/span><\/p>\n<\/div>\n\n\n\n<div class=\"wp-block-column is-layout-flow wp-block-column-is-layout-flow\" style=\"flex-basis:50%\">\n<p style=\"text-align: center;\"><span style=\"color: #ff9900;\"><strong>&nbsp; &nbsp;ab 50 Euro<\/strong><\/span><\/p>\n<\/p>\n<\/div>\n<\/div>\n\n\n\n<div class=\"wp-block-columns is-layout-flex wp-container-core-columns-is-layout-9d6595d7 wp-block-columns-is-layout-flex\">\n<div class=\"wp-block-column is-layout-flow wp-block-column-is-layout-flow\" style=\"flex-basis:50%\">\n<p><span style=\"color: #ff9900;\"><strong>Pf\u00f6tchen &#8211; Service<\/strong><\/span><\/p>\n<p>ausrasieren der Ballenzwischenr\u00e4ume, sauber Kante an Pfoten-Au\u00dfenseite, sowie pflege mit einem hochwertigen Balsam<\/p>\n<\/div>\n\n\n\n<div class=\"wp-block-column is-layout-flow wp-block-column-is-layout-flow\" style=\"flex-basis:50%\">\n<p style=\"text-align: center;\"><span style=\"color: #ff9900;\"><strong>\u00a0 \u00a010 &#8211; 20 Euro<\/strong><\/span><\/p>\n<\/div>\n<\/div>\n\n\n\n<figure class=\"wp-block-image size-full\"><img loading=\"lazy\" decoding=\"async\" width=\"751\" height=\"509\" src=\"https:\/\/krauseschnauzen.de\/wp-content\/uploads\/2022\/08\/IMG_7592.jpg\" alt=\"\" class=\"wp-image-129\" srcset=\"https:\/\/krauseschnauzen.de\/wp-content\/uploads\/2022\/08\/IMG_7592.jpg 751w, https:\/\/krauseschnauzen.de\/wp-content\/uploads\/2022\/08\/IMG_7592-600x407.jpg 600w, https:\/\/krauseschnauzen.de\/wp-content\/uploads\/2022\/08\/IMG_7592-300x203.jpg 300w, https:\/\/krauseschnauzen.de\/wp-content\/uploads\/2022\/08\/IMG_7592-676x458.jpg 676w\" sizes=\"auto, (max-width: 751px) 100vw, 751px\" \/><figcaption class=\"wp-element-caption\">Mix<\/figcaption><\/figure>\n","protected":false},"excerpt":{"rendered":"<p>Die Preisliste soll Ihnen transparent einen \u00dcberblick \u00fcber anfallende Kosten geben. Ich halte diese aktuell und werde vor anstehenden \u00c4nderungen auch stets im Salon darauf hinweisen. Bei Fragen zur Preisliste und individuellen Preisgestaltung rufen Sie gerne jederzeit unter der 0151 70801740, bzw. unter der\u00a0034364 887848\u00a0im Salon an. Ich habe f\u00fcr meine Komplettpflegeangebote eine Liste mit [&hellip;]<\/p>\n","protected":false},"author":1,"featured_media":0,"parent":0,"menu_order":0,"comment_status":"closed","ping_status":"closed","template":"","meta":{"footnotes":""},"class_list":["post-37","page","type-page","status-publish","hentry"],"yoast_head":"<!-- This site is optimized with the Yoast SEO plugin v27.3 - https:\/\/yoast.com\/product\/yoast-seo-wordpress\/ -->\n<title>Preisliste - Krauseschnauzen<\/title>\n<meta name=\"description\" content=\"Auf der Preisliste finden Sie eine \u00dcbersicht \u00fcber alle angebotenen Leistungen und deren Kosten. Bei Fragen, rufen Sie gern jederzeit an.\" \/>\n<meta name=\"robots\" content=\"index, follow, max-snippet:-1, max-image-preview:large, max-video-preview:-1\" \/>\n<link rel=\"canonical\" href=\"https:\/\/krauseschnauzen.de\/index.php\/preisliste\/\" \/>\n<meta property=\"og:locale\" content=\"de_DE\" \/>\n<meta property=\"og:type\" content=\"article\" \/>\n<meta property=\"og:title\" content=\"Preisliste - Krauseschnauzen\" \/>\n<meta property=\"og:description\" content=\"Auf der Preisliste finden Sie eine \u00dcbersicht \u00fcber alle angebotenen Leistungen und deren Kosten. Bei Fragen, rufen Sie gern jederzeit an.\" \/>\n<meta property=\"og:url\" content=\"https:\/\/krauseschnauzen.de\/index.php\/preisliste\/\" \/>\n<meta property=\"og:site_name\" content=\"Krauseschnauzen\" \/>\n<meta property=\"article:publisher\" content=\"https:\/\/www.facebook.com\/HundesalonKrauseschnauzen\" \/>\n<meta property=\"article:modified_time\" content=\"2023-11-29T13:03:44+00:00\" \/>\n<meta property=\"og:image\" content=\"https:\/\/krauseschnauzen.de\/wp-content\/uploads\/2022\/08\/IMG_7592.jpg\" \/>\n<meta name=\"twitter:card\" content=\"summary_large_image\" \/>\n<meta name=\"twitter:label1\" content=\"Gesch\u00e4tzte Lesezeit\" \/>\n\t<meta name=\"twitter:data1\" content=\"3\u00a0Minuten\" \/>\n<script type=\"application\/ld+json\" class=\"yoast-schema-graph\">{\"@context\":\"https:\\\/\\\/schema.org\",\"@graph\":[{\"@type\":\"WebPage\",\"@id\":\"https:\\\/\\\/krauseschnauzen.de\\\/index.php\\\/preisliste\\\/\",\"url\":\"https:\\\/\\\/krauseschnauzen.de\\\/index.php\\\/preisliste\\\/\",\"name\":\"Preisliste - Krauseschnauzen\",\"isPartOf\":{\"@id\":\"https:\\\/\\\/krauseschnauzen.de\\\/#website\"},\"primaryImageOfPage\":{\"@id\":\"https:\\\/\\\/krauseschnauzen.de\\\/index.php\\\/preisliste\\\/#primaryimage\"},\"image\":{\"@id\":\"https:\\\/\\\/krauseschnauzen.de\\\/index.php\\\/preisliste\\\/#primaryimage\"},\"thumbnailUrl\":\"https:\\\/\\\/krauseschnauzen.de\\\/wp-content\\\/uploads\\\/2022\\\/08\\\/IMG_7592.jpg\",\"datePublished\":\"2022-08-09T07:56:50+00:00\",\"dateModified\":\"2023-11-29T13:03:44+00:00\",\"description\":\"Auf der Preisliste finden Sie eine \u00dcbersicht \u00fcber alle angebotenen Leistungen und deren Kosten. Bei Fragen, rufen Sie gern jederzeit an.\",\"breadcrumb\":{\"@id\":\"https:\\\/\\\/krauseschnauzen.de\\\/index.php\\\/preisliste\\\/#breadcrumb\"},\"inLanguage\":\"de\",\"potentialAction\":[{\"@type\":\"ReadAction\",\"target\":[\"https:\\\/\\\/krauseschnauzen.de\\\/index.php\\\/preisliste\\\/\"]}]},{\"@type\":\"ImageObject\",\"inLanguage\":\"de\",\"@id\":\"https:\\\/\\\/krauseschnauzen.de\\\/index.php\\\/preisliste\\\/#primaryimage\",\"url\":\"https:\\\/\\\/krauseschnauzen.de\\\/wp-content\\\/uploads\\\/2022\\\/08\\\/IMG_7592.jpg\",\"contentUrl\":\"https:\\\/\\\/krauseschnauzen.de\\\/wp-content\\\/uploads\\\/2022\\\/08\\\/IMG_7592.jpg\",\"width\":751,\"height\":509,\"caption\":\"Thera, Mix\"},{\"@type\":\"BreadcrumbList\",\"@id\":\"https:\\\/\\\/krauseschnauzen.de\\\/index.php\\\/preisliste\\\/#breadcrumb\",\"itemListElement\":[{\"@type\":\"ListItem\",\"position\":1,\"name\":\"Startseite\",\"item\":\"https:\\\/\\\/krauseschnauzen.de\\\/\"},{\"@type\":\"ListItem\",\"position\":2,\"name\":\"Preisliste\"}]},{\"@type\":\"WebSite\",\"@id\":\"https:\\\/\\\/krauseschnauzen.de\\\/#website\",\"url\":\"https:\\\/\\\/krauseschnauzen.de\\\/\",\"name\":\"Krauseschnauzen\",\"description\":\"Hundesalon und Aromatherapie\",\"publisher\":{\"@id\":\"https:\\\/\\\/krauseschnauzen.de\\\/#organization\"},\"potentialAction\":[{\"@type\":\"SearchAction\",\"target\":{\"@type\":\"EntryPoint\",\"urlTemplate\":\"https:\\\/\\\/krauseschnauzen.de\\\/?s={search_term_string}\"},\"query-input\":{\"@type\":\"PropertyValueSpecification\",\"valueRequired\":true,\"valueName\":\"search_term_string\"}}],\"inLanguage\":\"de\"},{\"@type\":\"Organization\",\"@id\":\"https:\\\/\\\/krauseschnauzen.de\\\/#organization\",\"name\":\"Hundesalon Krauseschnauzen\",\"url\":\"https:\\\/\\\/krauseschnauzen.de\\\/\",\"logo\":{\"@type\":\"ImageObject\",\"inLanguage\":\"de\",\"@id\":\"https:\\\/\\\/krauseschnauzen.de\\\/#\\\/schema\\\/logo\\\/image\\\/\",\"url\":\"https:\\\/\\\/krauseschnauzen.de\\\/wp-content\\\/uploads\\\/2023\\\/01\\\/KrauseSchnauzen_Logo_Farbig.png\",\"contentUrl\":\"https:\\\/\\\/krauseschnauzen.de\\\/wp-content\\\/uploads\\\/2023\\\/01\\\/KrauseSchnauzen_Logo_Farbig.png\",\"width\":2623,\"height\":2181,\"caption\":\"Hundesalon Krauseschnauzen\"},\"image\":{\"@id\":\"https:\\\/\\\/krauseschnauzen.de\\\/#\\\/schema\\\/logo\\\/image\\\/\"},\"sameAs\":[\"https:\\\/\\\/www.facebook.com\\\/HundesalonKrauseschnauzen\",\"https:\\\/\\\/www.instagram.com\\\/krauseschnauzen\\\/\"]}]}<\/script>\n<!-- \/ Yoast SEO plugin. -->","yoast_head_json":{"title":"Preisliste - Krauseschnauzen","description":"Auf der Preisliste finden Sie eine \u00dcbersicht \u00fcber alle angebotenen Leistungen und deren Kosten. Bei Fragen, rufen Sie gern jederzeit an.","robots":{"index":"index","follow":"follow","max-snippet":"max-snippet:-1","max-image-preview":"max-image-preview:large","max-video-preview":"max-video-preview:-1"},"canonical":"https:\/\/krauseschnauzen.de\/index.php\/preisliste\/","og_locale":"de_DE","og_type":"article","og_title":"Preisliste - Krauseschnauzen","og_description":"Auf der Preisliste finden Sie eine \u00dcbersicht \u00fcber alle angebotenen Leistungen und deren Kosten. Bei Fragen, rufen Sie gern jederzeit an.","og_url":"https:\/\/krauseschnauzen.de\/index.php\/preisliste\/","og_site_name":"Krauseschnauzen","article_publisher":"https:\/\/www.facebook.com\/HundesalonKrauseschnauzen","article_modified_time":"2023-11-29T13:03:44+00:00","og_image":[{"url":"https:\/\/krauseschnauzen.de\/wp-content\/uploads\/2022\/08\/IMG_7592.jpg","type":"","width":"","height":""}],"twitter_card":"summary_large_image","twitter_misc":{"Gesch\u00e4tzte Lesezeit":"3\u00a0Minuten"},"schema":{"@context":"https:\/\/schema.org","@graph":[{"@type":"WebPage","@id":"https:\/\/krauseschnauzen.de\/index.php\/preisliste\/","url":"https:\/\/krauseschnauzen.de\/index.php\/preisliste\/","name":"Preisliste - Krauseschnauzen","isPartOf":{"@id":"https:\/\/krauseschnauzen.de\/#website"},"primaryImageOfPage":{"@id":"https:\/\/krauseschnauzen.de\/index.php\/preisliste\/#primaryimage"},"image":{"@id":"https:\/\/krauseschnauzen.de\/index.php\/preisliste\/#primaryimage"},"thumbnailUrl":"https:\/\/krauseschnauzen.de\/wp-content\/uploads\/2022\/08\/IMG_7592.jpg","datePublished":"2022-08-09T07:56:50+00:00","dateModified":"2023-11-29T13:03:44+00:00","description":"Auf der Preisliste finden Sie eine \u00dcbersicht \u00fcber alle angebotenen Leistungen und deren Kosten. Bei Fragen, rufen Sie gern jederzeit an.","breadcrumb":{"@id":"https:\/\/krauseschnauzen.de\/index.php\/preisliste\/#breadcrumb"},"inLanguage":"de","potentialAction":[{"@type":"ReadAction","target":["https:\/\/krauseschnauzen.de\/index.php\/preisliste\/"]}]},{"@type":"ImageObject","inLanguage":"de","@id":"https:\/\/krauseschnauzen.de\/index.php\/preisliste\/#primaryimage","url":"https:\/\/krauseschnauzen.de\/wp-content\/uploads\/2022\/08\/IMG_7592.jpg","contentUrl":"https:\/\/krauseschnauzen.de\/wp-content\/uploads\/2022\/08\/IMG_7592.jpg","width":751,"height":509,"caption":"Thera, Mix"},{"@type":"BreadcrumbList","@id":"https:\/\/krauseschnauzen.de\/index.php\/preisliste\/#breadcrumb","itemListElement":[{"@type":"ListItem","position":1,"name":"Startseite","item":"https:\/\/krauseschnauzen.de\/"},{"@type":"ListItem","position":2,"name":"Preisliste"}]},{"@type":"WebSite","@id":"https:\/\/krauseschnauzen.de\/#website","url":"https:\/\/krauseschnauzen.de\/","name":"Krauseschnauzen","description":"Hundesalon und Aromatherapie","publisher":{"@id":"https:\/\/krauseschnauzen.de\/#organization"},"potentialAction":[{"@type":"SearchAction","target":{"@type":"EntryPoint","urlTemplate":"https:\/\/krauseschnauzen.de\/?s={search_term_string}"},"query-input":{"@type":"PropertyValueSpecification","valueRequired":true,"valueName":"search_term_string"}}],"inLanguage":"de"},{"@type":"Organization","@id":"https:\/\/krauseschnauzen.de\/#organization","name":"Hundesalon Krauseschnauzen","url":"https:\/\/krauseschnauzen.de\/","logo":{"@type":"ImageObject","inLanguage":"de","@id":"https:\/\/krauseschnauzen.de\/#\/schema\/logo\/image\/","url":"https:\/\/krauseschnauzen.de\/wp-content\/uploads\/2023\/01\/KrauseSchnauzen_Logo_Farbig.png","contentUrl":"https:\/\/krauseschnauzen.de\/wp-content\/uploads\/2023\/01\/KrauseSchnauzen_Logo_Farbig.png","width":2623,"height":2181,"caption":"Hundesalon Krauseschnauzen"},"image":{"@id":"https:\/\/krauseschnauzen.de\/#\/schema\/logo\/image\/"},"sameAs":["https:\/\/www.facebook.com\/HundesalonKrauseschnauzen","https:\/\/www.instagram.com\/krauseschnauzen\/"]}]}},"_links":{"self":[{"href":"https:\/\/krauseschnauzen.de\/index.php\/wp-json\/wp\/v2\/pages\/37","targetHints":{"allow":["GET"]}}],"collection":[{"href":"https:\/\/krauseschnauzen.de\/index.php\/wp-json\/wp\/v2\/pages"}],"about":[{"href":"https:\/\/krauseschnauzen.de\/index.php\/wp-json\/wp\/v2\/types\/page"}],"author":[{"embeddable":true,"href":"https:\/\/krauseschnauzen.de\/index.php\/wp-json\/wp\/v2\/users\/1"}],"replies":[{"embeddable":true,"href":"https:\/\/krauseschnauzen.de\/index.php\/wp-json\/wp\/v2\/comments?post=37"}],"version-history":[{"count":42,"href":"https:\/\/krauseschnauzen.de\/index.php\/wp-json\/wp\/v2\/pages\/37\/revisions"}],"predecessor-version":[{"id":1399,"href":"https:\/\/krauseschnauzen.de\/index.php\/wp-json\/wp\/v2\/pages\/37\/revisions\/1399"}],"wp:attachment":[{"href":"https:\/\/krauseschnauzen.de\/index.php\/wp-json\/wp\/v2\/media?parent=37"}],"curies":[{"name":"wp","href":"https:\/\/api.w.org\/{rel}","templated":true}]}}