{"id":1863,"date":"2024-12-30T22:45:44","date_gmt":"2024-12-30T20:45:44","guid":{"rendered":"https:\/\/krauseschnauzen.de\/?page_id=1863"},"modified":"2026-01-13T09:45:48","modified_gmt":"2026-01-13T07:45:48","slug":"aromatherapie-2","status":"publish","type":"page","link":"https:\/\/krauseschnauzen.de\/index.php\/aromatherapie-2\/","title":{"rendered":"Aromatherapie"},"content":{"rendered":"\n<p>Die Aromatherapie bietet ein breites Anwendungsspektrum, von fetten Pflanzen\u00f6len \u00fcber \u00e4therische \u00d6le hin zu Hydrolaten, Mazeraten und R\u00e4ucherwerk.<\/p>\n\n\n\n<p>Aromatherapeutische Arbeit unterst\u00fctzt mit der Kraft der Natur den K\u00f6rper bei der Beseitigung der Ursachen von gesundheitlichen Problemen, seien sie k\u00f6rperlicher oder mentaler Art. Sie kann schulmedizinische Therapien begleiten und zus\u00e4tzliche Linderung im Heilungsprozess bewirken.<\/p>\n\n\n\n<p>Nicht nur wir selbst, sondern auch unsere Hunde sind t\u00e4glich mit vielen Umweltreizen und Schadstoffen belastet, was nicht selten zu Allergien, Stoffwechselerkrankungen oder seelischen Beschwerden f\u00fchrt. Die sichtbaren Symptome sind dann u. A. \u00fcberm\u00e4\u00dfiges Jucken oder Pfotenlecken, Futterunvertr\u00e4glichkeiten, Magen-Darm-Probleme, Tumore und Dauerstress.<\/p>\n\n\n\n<p>Ihr Hund leidet unter chronischen Erkrankungen, \u00c4ngsten &#8211; oder Stresszust\u00e4nden? Dann vereinbaren Sie gern einen Termin zu einem ausf\u00fchrlichen Anamnese-Gespr\u00e4ch.<\/p>\n\n\n\n<h5 class=\"wp-block-heading\">Ich bin seit M\u00e4rz 2025 tier\u00e4rztlich gepr\u00fcfte Aromatherapeutin f\u00fcr Tiere und kann Sie daher fachgerecht unterst\u00fctzen. Meine Ausbildung dazu habe ich an der Rolf-Schneider-Akademie absolviert.<\/h5>\n\n\n\n<hr class=\"wp-block-separator has-alpha-channel-opacity\"\/>\n\n\n\n<h2 class=\"wp-block-heading\">Aromatherapie f\u00fcr Ihren Hund<\/h2>\n\n\n<p><span style=\"color: #339966;\"><strong>Aromabad \/ Aromadusche: 10 &#8211; 20 Minuten (ohne F\u00f6hnen) ab 25 Euro<\/strong><\/span><\/p>\n<p><a href=\"https:\/\/krauseschnauzen.de\/index.php\/aromabad-fuer-hunde\/\">&gt;&gt; ausf\u00fchrliche Informationen &lt;&lt;<\/a><\/p>\n<p><span style=\"color: #339966;\"><strong>Aroma\u00f6l-Dusche mit Massage: 20 &#8211; 30 Minuten (ohne F\u00f6hnen) ab 35 Euro<\/strong><\/span><\/p>\n<p>Unterst\u00fctzt Hunde mit Hautproblemen, Allergien, Muskel- und Gelenkerkrankungen, sowie chronischen Beschwerden der Atemwege.<\/p>\n<p><strong><span style=\"color: #339966;\">Flohbehandlung mit \u00e4therischen \u00d6len: ca. 30 Minuten (ohne F\u00f6hnen) ab 45 Euro<\/span><\/strong><\/p>\n<p>Wer bei seinem Hund einen Flohbefall feststellt und auf Chemiebomben am und im Hund verzichten m\u00f6chte, bekommt hier eine nat\u00fcrliche L\u00f6sung mit hochwertigen \u00e4therischen \u00d6len. Der Hund wird im Salon mit einem speziellen Shampoo, sowie hinzugef\u00fcgten \u00d6len gewaschen. Alle Fl\u00f6he am Hund \u00fcberleben diesen Vorgang nicht. Bei Flohbefall ist es ebenfalls wichtig, die Umgebung mit zu behandeln, so dass Sie zus\u00e4tzlich wertvolle Hinweise und Empfehlungen an die Hand bekommen.<\/p>\n<p><span style=\"color: #339966;\"><strong>Aromatherapeutische Beratung bei chronischen Beschwerden:\u00a0<\/strong><\/span><\/p>\n<p>Bei Chronischen Erkrankungen gibt es sehr\u00a0 wertvolle Anwendungsm\u00f6glichkeiten, um den Hund Zuhause auf dem Weg der Besserung zu unterst\u00fctzen und Linderung der Beschwerden zu erwirken. Jeder Patientenfall ist hier sehr individuell zu betrachten, so auch der Therapieansatz.\u00a0<\/p>\n<p>Ein Erstanamnese Gespr\u00e4ch dauert zwischen 30 &#8211; 60 Minuten. Je nach gesundheitlicher Thematik sind weitere kurze Termine erforderlich, in denen wir R\u00fccksprache \u00fcber die Entwicklung des Hundes halten k\u00f6nnen.<\/p>\n<p><em>Preis: Abrechnung nach Minuten (ab 30 Euro)<\/em><\/p>\n<p><span style=\"color: #339966;\"><strong>Trockenbluttest zur Analyse der Fetts\u00e4uren im Kapillarblutes f\u00fcr 79,99 Euro<\/strong><\/span><\/p>\n<p>Gemessen werden 11 Fetts\u00e4uren im Blut sowie die Omega6:3-Balance.<\/p>\n<p>weitere Informationen zur Bedeutung der Omega-3-Fetts\u00e4uren f\u00fcr uns und unsere Hunde findet ihr\u00a0<\/p>\n<p><a href=\"https:\/\/krauseschnauzen.de\/index.php\/omega-3-fettsaeuren-fuer-hunde-warum-sie-so-wichtig-sind\/\">\u00a0&gt;&gt; hier &lt;&lt;<\/a><\/p>\n<\/p>\n\n\n<hr class=\"wp-block-separator has-alpha-channel-opacity\"\/>\n\n\n\n<h4 class=\"wp-block-heading\"><\/h4>\n\n\n\n<p><\/p>\n\n\n\n<a href=https:\/\/www.naturheilkundeschule.de?utm-medium=Grafik-Guetesiegel&#038;utm-campaign=Extern-Alumni target=\"_blank\" rel=\"noopener\"><img src=https:\/\/www.naturheilkundeschule.de\/wp-content\/uploads\/2023\/11\/ATT-FS-Siegel2.png alt=\"G\u00fctesiegel der Rolf-Schneider-Akademie\" width=\"177\" height=\"166\"\/><\/a>\n","protected":false},"excerpt":{"rendered":"<p>Die Aromatherapie bietet ein breites Anwendungsspektrum, von fetten Pflanzen\u00f6len \u00fcber \u00e4therische \u00d6le hin zu Hydrolaten, Mazeraten und R\u00e4ucherwerk. Aromatherapeutische Arbeit unterst\u00fctzt mit der Kraft der Natur den K\u00f6rper bei der Beseitigung der Ursachen von gesundheitlichen Problemen, seien sie k\u00f6rperlicher oder mentaler Art. Sie kann schulmedizinische Therapien begleiten und zus\u00e4tzliche Linderung im Heilungsprozess bewirken. Nicht nur [&hellip;]<\/p>\n","protected":false},"author":1,"featured_media":0,"parent":0,"menu_order":0,"comment_status":"closed","ping_status":"closed","template":"","meta":{"footnotes":""},"class_list":["post-1863","page","type-page","status-publish","hentry"],"yoast_head":"<!-- This site is optimized with the Yoast SEO plugin v27.3 - https:\/\/yoast.com\/product\/yoast-seo-wordpress\/ -->\n<title>Aromatherapie - Krauseschnauzen<\/title>\n<meta name=\"robots\" content=\"index, follow, max-snippet:-1, max-image-preview:large, max-video-preview:-1\" \/>\n<link rel=\"canonical\" href=\"https:\/\/krauseschnauzen.de\/index.php\/aromatherapie-2\/\" \/>\n<meta property=\"og:locale\" content=\"de_DE\" \/>\n<meta property=\"og:type\" content=\"article\" \/>\n<meta property=\"og:title\" content=\"Aromatherapie - Krauseschnauzen\" \/>\n<meta property=\"og:description\" content=\"Die Aromatherapie bietet ein breites Anwendungsspektrum, von fetten Pflanzen\u00f6len \u00fcber \u00e4therische \u00d6le hin zu Hydrolaten, Mazeraten und R\u00e4ucherwerk. Aromatherapeutische Arbeit unterst\u00fctzt mit der Kraft der Natur den K\u00f6rper bei der Beseitigung der Ursachen von gesundheitlichen Problemen, seien sie k\u00f6rperlicher oder mentaler Art. Sie kann schulmedizinische Therapien begleiten und zus\u00e4tzliche Linderung im Heilungsprozess bewirken. Nicht nur [&hellip;]\" \/>\n<meta property=\"og:url\" content=\"https:\/\/krauseschnauzen.de\/index.php\/aromatherapie-2\/\" \/>\n<meta property=\"og:site_name\" content=\"Krauseschnauzen\" \/>\n<meta property=\"article:publisher\" content=\"https:\/\/www.facebook.com\/HundesalonKrauseschnauzen\" \/>\n<meta property=\"article:modified_time\" content=\"2026-01-13T07:45:48+00:00\" \/>\n<meta name=\"twitter:card\" content=\"summary_large_image\" \/>\n<meta name=\"twitter:label1\" content=\"Gesch\u00e4tzte Lesezeit\" \/>\n\t<meta name=\"twitter:data1\" content=\"3\u00a0Minuten\" \/>\n<script type=\"application\/ld+json\" class=\"yoast-schema-graph\">{\"@context\":\"https:\\\/\\\/schema.org\",\"@graph\":[{\"@type\":\"WebPage\",\"@id\":\"https:\\\/\\\/krauseschnauzen.de\\\/index.php\\\/aromatherapie-2\\\/\",\"url\":\"https:\\\/\\\/krauseschnauzen.de\\\/index.php\\\/aromatherapie-2\\\/\",\"name\":\"Aromatherapie - Krauseschnauzen\",\"isPartOf\":{\"@id\":\"https:\\\/\\\/krauseschnauzen.de\\\/#website\"},\"datePublished\":\"2024-12-30T20:45:44+00:00\",\"dateModified\":\"2026-01-13T07:45:48+00:00\",\"breadcrumb\":{\"@id\":\"https:\\\/\\\/krauseschnauzen.de\\\/index.php\\\/aromatherapie-2\\\/#breadcrumb\"},\"inLanguage\":\"de\",\"potentialAction\":[{\"@type\":\"ReadAction\",\"target\":[\"https:\\\/\\\/krauseschnauzen.de\\\/index.php\\\/aromatherapie-2\\\/\"]}]},{\"@type\":\"BreadcrumbList\",\"@id\":\"https:\\\/\\\/krauseschnauzen.de\\\/index.php\\\/aromatherapie-2\\\/#breadcrumb\",\"itemListElement\":[{\"@type\":\"ListItem\",\"position\":1,\"name\":\"Startseite\",\"item\":\"https:\\\/\\\/krauseschnauzen.de\\\/\"},{\"@type\":\"ListItem\",\"position\":2,\"name\":\"Aromatherapie\"}]},{\"@type\":\"WebSite\",\"@id\":\"https:\\\/\\\/krauseschnauzen.de\\\/#website\",\"url\":\"https:\\\/\\\/krauseschnauzen.de\\\/\",\"name\":\"Krauseschnauzen\",\"description\":\"Hundesalon und Aromatherapie\",\"publisher\":{\"@id\":\"https:\\\/\\\/krauseschnauzen.de\\\/#organization\"},\"potentialAction\":[{\"@type\":\"SearchAction\",\"target\":{\"@type\":\"EntryPoint\",\"urlTemplate\":\"https:\\\/\\\/krauseschnauzen.de\\\/?s={search_term_string}\"},\"query-input\":{\"@type\":\"PropertyValueSpecification\",\"valueRequired\":true,\"valueName\":\"search_term_string\"}}],\"inLanguage\":\"de\"},{\"@type\":\"Organization\",\"@id\":\"https:\\\/\\\/krauseschnauzen.de\\\/#organization\",\"name\":\"Hundesalon Krauseschnauzen\",\"url\":\"https:\\\/\\\/krauseschnauzen.de\\\/\",\"logo\":{\"@type\":\"ImageObject\",\"inLanguage\":\"de\",\"@id\":\"https:\\\/\\\/krauseschnauzen.de\\\/#\\\/schema\\\/logo\\\/image\\\/\",\"url\":\"https:\\\/\\\/krauseschnauzen.de\\\/wp-content\\\/uploads\\\/2023\\\/01\\\/KrauseSchnauzen_Logo_Farbig.png\",\"contentUrl\":\"https:\\\/\\\/krauseschnauzen.de\\\/wp-content\\\/uploads\\\/2023\\\/01\\\/KrauseSchnauzen_Logo_Farbig.png\",\"width\":2623,\"height\":2181,\"caption\":\"Hundesalon Krauseschnauzen\"},\"image\":{\"@id\":\"https:\\\/\\\/krauseschnauzen.de\\\/#\\\/schema\\\/logo\\\/image\\\/\"},\"sameAs\":[\"https:\\\/\\\/www.facebook.com\\\/HundesalonKrauseschnauzen\",\"https:\\\/\\\/www.instagram.com\\\/krauseschnauzen\\\/\"]}]}<\/script>\n<!-- \/ Yoast SEO plugin. -->","yoast_head_json":{"title":"Aromatherapie - Krauseschnauzen","robots":{"index":"index","follow":"follow","max-snippet":"max-snippet:-1","max-image-preview":"max-image-preview:large","max-video-preview":"max-video-preview:-1"},"canonical":"https:\/\/krauseschnauzen.de\/index.php\/aromatherapie-2\/","og_locale":"de_DE","og_type":"article","og_title":"Aromatherapie - Krauseschnauzen","og_description":"Die Aromatherapie bietet ein breites Anwendungsspektrum, von fetten Pflanzen\u00f6len \u00fcber \u00e4therische \u00d6le hin zu Hydrolaten, Mazeraten und R\u00e4ucherwerk. Aromatherapeutische Arbeit unterst\u00fctzt mit der Kraft der Natur den K\u00f6rper bei der Beseitigung der Ursachen von gesundheitlichen Problemen, seien sie k\u00f6rperlicher oder mentaler Art. Sie kann schulmedizinische Therapien begleiten und zus\u00e4tzliche Linderung im Heilungsprozess bewirken. Nicht nur [&hellip;]","og_url":"https:\/\/krauseschnauzen.de\/index.php\/aromatherapie-2\/","og_site_name":"Krauseschnauzen","article_publisher":"https:\/\/www.facebook.com\/HundesalonKrauseschnauzen","article_modified_time":"2026-01-13T07:45:48+00:00","twitter_card":"summary_large_image","twitter_misc":{"Gesch\u00e4tzte Lesezeit":"3\u00a0Minuten"},"schema":{"@context":"https:\/\/schema.org","@graph":[{"@type":"WebPage","@id":"https:\/\/krauseschnauzen.de\/index.php\/aromatherapie-2\/","url":"https:\/\/krauseschnauzen.de\/index.php\/aromatherapie-2\/","name":"Aromatherapie - Krauseschnauzen","isPartOf":{"@id":"https:\/\/krauseschnauzen.de\/#website"},"datePublished":"2024-12-30T20:45:44+00:00","dateModified":"2026-01-13T07:45:48+00:00","breadcrumb":{"@id":"https:\/\/krauseschnauzen.de\/index.php\/aromatherapie-2\/#breadcrumb"},"inLanguage":"de","potentialAction":[{"@type":"ReadAction","target":["https:\/\/krauseschnauzen.de\/index.php\/aromatherapie-2\/"]}]},{"@type":"BreadcrumbList","@id":"https:\/\/krauseschnauzen.de\/index.php\/aromatherapie-2\/#breadcrumb","itemListElement":[{"@type":"ListItem","position":1,"name":"Startseite","item":"https:\/\/krauseschnauzen.de\/"},{"@type":"ListItem","position":2,"name":"Aromatherapie"}]},{"@type":"WebSite","@id":"https:\/\/krauseschnauzen.de\/#website","url":"https:\/\/krauseschnauzen.de\/","name":"Krauseschnauzen","description":"Hundesalon und Aromatherapie","publisher":{"@id":"https:\/\/krauseschnauzen.de\/#organization"},"potentialAction":[{"@type":"SearchAction","target":{"@type":"EntryPoint","urlTemplate":"https:\/\/krauseschnauzen.de\/?s={search_term_string}"},"query-input":{"@type":"PropertyValueSpecification","valueRequired":true,"valueName":"search_term_string"}}],"inLanguage":"de"},{"@type":"Organization","@id":"https:\/\/krauseschnauzen.de\/#organization","name":"Hundesalon Krauseschnauzen","url":"https:\/\/krauseschnauzen.de\/","logo":{"@type":"ImageObject","inLanguage":"de","@id":"https:\/\/krauseschnauzen.de\/#\/schema\/logo\/image\/","url":"https:\/\/krauseschnauzen.de\/wp-content\/uploads\/2023\/01\/KrauseSchnauzen_Logo_Farbig.png","contentUrl":"https:\/\/krauseschnauzen.de\/wp-content\/uploads\/2023\/01\/KrauseSchnauzen_Logo_Farbig.png","width":2623,"height":2181,"caption":"Hundesalon Krauseschnauzen"},"image":{"@id":"https:\/\/krauseschnauzen.de\/#\/schema\/logo\/image\/"},"sameAs":["https:\/\/www.facebook.com\/HundesalonKrauseschnauzen","https:\/\/www.instagram.com\/krauseschnauzen\/"]}]}},"_links":{"self":[{"href":"https:\/\/krauseschnauzen.de\/index.php\/wp-json\/wp\/v2\/pages\/1863","targetHints":{"allow":["GET"]}}],"collection":[{"href":"https:\/\/krauseschnauzen.de\/index.php\/wp-json\/wp\/v2\/pages"}],"about":[{"href":"https:\/\/krauseschnauzen.de\/index.php\/wp-json\/wp\/v2\/types\/page"}],"author":[{"embeddable":true,"href":"https:\/\/krauseschnauzen.de\/index.php\/wp-json\/wp\/v2\/users\/1"}],"replies":[{"embeddable":true,"href":"https:\/\/krauseschnauzen.de\/index.php\/wp-json\/wp\/v2\/comments?post=1863"}],"version-history":[{"count":24,"href":"https:\/\/krauseschnauzen.de\/index.php\/wp-json\/wp\/v2\/pages\/1863\/revisions"}],"predecessor-version":[{"id":2226,"href":"https:\/\/krauseschnauzen.de\/index.php\/wp-json\/wp\/v2\/pages\/1863\/revisions\/2226"}],"wp:attachment":[{"href":"https:\/\/krauseschnauzen.de\/index.php\/wp-json\/wp\/v2\/media?parent=1863"}],"curies":[{"name":"wp","href":"https:\/\/api.w.org\/{rel}","templated":true}]}}