{"id":1498,"date":"2023-12-14T13:09:05","date_gmt":"2023-12-14T11:09:05","guid":{"rendered":"https:\/\/krauseschnauzen.de\/?page_id=1498"},"modified":"2024-01-09T22:16:44","modified_gmt":"2024-01-09T20:16:44","slug":"welpen-hund-baden","status":"publish","type":"page","link":"https:\/\/krauseschnauzen.de\/index.php\/welpen-hund-baden\/","title":{"rendered":"Welpen \/ Hund baden &#8211; Darf ich?"},"content":{"rendered":"<div class=\"\" data-block=\"true\" data-editor=\"ddge8\" data-offset-key=\"1295h-0-0\">\n<div class=\"_1mf _1mj\" data-offset-key=\"1295h-0-0\"><span style=\"color: initial;\">Ich erlebe es immer wieder, dass das Thema Baden &#8211; egal ob im Salon oder Zuhause &#8211; ein gro\u00dfes Thema unter Hundeleuten ist.<\/span><\/div>\n<\/div>\n<div class=\"\" data-block=\"true\" data-editor=\"ddge8\" data-offset-key=\"ds4ej-0-0\">\n<div class=\"_1mf _1mj\" data-offset-key=\"ds4ej-0-0\"><span data-offset-key=\"ds4ej-0-0\">\u00a0<\/span><\/div>\n<\/div>\n<div class=\"\" data-block=\"true\" data-editor=\"ddge8\" data-offset-key=\"1n26s-0-0\">\n<div class=\"_1mf _1mj\" data-offset-key=\"1n26s-0-0\"><span data-offset-key=\"1n26s-0-0\">Braucht der Wolf ein Bad? Ganz klares &#8222;Nein, braucht er nicht!&#8220;<\/span><\/div>\n<\/div>\n<div class=\"\" data-block=\"true\" data-editor=\"ddge8\" data-offset-key=\"24lu7-0-0\">\n<div class=\"_1mf _1mj\" data-offset-key=\"24lu7-0-0\"><span data-offset-key=\"24lu7-0-0\">Jetzt kommt mein aaaaber&#8230; der Wolf lebt in seinem nat\u00fcrlichen Habitat, angepasst an seine Umwelt und ausgestattet mit dem, was er ben\u00f6tigt.<\/span><\/div>\n<\/div>\n<div class=\"\" data-block=\"true\" data-editor=\"ddge8\" data-offset-key=\"9phn3-0-0\">\n<div class=\"_1mf _1mj\" data-offset-key=\"9phn3-0-0\"><span data-offset-key=\"9phn3-0-0\">\u00a0<\/span><\/div>\n<\/div>\n<div class=\"\" data-block=\"true\" data-editor=\"ddge8\" data-offset-key=\"211oj-0-0\">\n<div class=\"_1mf _1mj\" data-offset-key=\"211oj-0-0\"><span data-offset-key=\"211oj-0-0\">Unsere Hunde sind so vielf\u00e4ltig in ihrem Erscheinungsbild, so unterschiedlich in der Fellbeschaffenheit. Ein Pudel ohne entsprechende Fellpflege w\u00fcrde &#8222;naturbelassen&#8220; schier unter dem entstehenden Filz ersticken. <\/span><\/div>\n<\/div>\n<div class=\"\" data-block=\"true\" data-editor=\"ddge8\" data-offset-key=\"6eeqn-0-0\">\n<div class=\"_1mf _1mj\" data-offset-key=\"6eeqn-0-0\"><span data-offset-key=\"6eeqn-0-0\">Nehmen wir als weiteres Beispiel einen Husky&#8230; diese Rasse wurde f\u00fcr ein Leben in extremer K\u00e4lte gez\u00fcchtet. Das Fell ist an diese Umwelt angepasst. Lebt er mit uns zusammen im Haus bei einer Durchschnittstemperatur von 20-21\u00b0, dann braucht auch dieser naturbelassene Bursche unsere Unterst\u00fctzung, um sich in seinem Pelz wohlzuf\u00fchlen. Die \u00fcberfl\u00fcssige Unterwolle muss raus. Ein Bad tut beiden Rassen, so unterschiedlich sie sind, absolut gut und sorgt f\u00fcr eine Durchl\u00fcftung der Haut. Wir reden so viel \u00fcber Themen wie Umweltverschmutzung, Feinstaub und Abgase&#8230; alles Stoffe, die dem Hund im Fell und am K\u00f6rper h\u00e4ngen bleiben. Diese sich ablagernde Schicht aus Schadstoffen hin und wieder abzuwaschen, kann dem Hund nur gesundheitliche Vorteile bringen.<\/span><\/div>\n<div data-offset-key=\"6eeqn-0-0\">\u00a0<\/div>\n<\/div>\n\n\n<h1 class=\"wp-block-heading\">Welpen \/ Hund baden &#8211; ja oder nein?<\/h1>\n\n\n\n<div class=\"wp-block-media-text is-stacked-on-mobile\"><figure class=\"wp-block-media-text__media\"><img loading=\"lazy\" decoding=\"async\" width=\"640\" height=\"342\" src=\"https:\/\/krauseschnauzen.de\/wp-content\/uploads\/2023\/12\/IMG_3799.jpg\" alt=\"\" class=\"wp-image-1500 size-full\" srcset=\"https:\/\/krauseschnauzen.de\/wp-content\/uploads\/2023\/12\/IMG_3799.jpg 640w, https:\/\/krauseschnauzen.de\/wp-content\/uploads\/2023\/12\/IMG_3799-600x321.jpg 600w, https:\/\/krauseschnauzen.de\/wp-content\/uploads\/2023\/12\/IMG_3799-300x160.jpg 300w, https:\/\/krauseschnauzen.de\/wp-content\/uploads\/2023\/12\/IMG_3799-1x1.jpg 1w\" sizes=\"auto, (max-width: 640px) 100vw, 640px\" \/><\/figure><div class=\"wp-block-media-text__content\">\n<p>Ich empfehle jedem bereits seinen Welpen ans Wasser und an regelm\u00e4\u00dfige Hundew\u00e4schen zu gew\u00f6hnen. Man kann es spielerisch aufbauen und keineswegs muss dabei immer Shampoo im Spiel sein. Unsere Welpen auf dem Bild sind bei ihrem ersten Bad 7 Wochen alt. Neugierig schauen sie \u00fcber den Wannenrand, wie das Wasser einl\u00e4uft. <\/p>\n<\/div><\/div>\n\n\n<p>Sie durften erst ein paar Minuten im Wasser spielen, bis ich die Brause eingeschalten habe. Die ganz mutigen sind gleich gucken gegangen. Die anderen sind erstmal im Hintergrund geblieben. Auch wenn der ein oder andere das abbrausen gruselig fand, so haben sie dennoch gelernt: Es geht vorbei und ich schaffe das. Shampoo war an diesem Tag noch nicht im Spiel. Danach gings ins warme Handtuch und ab auf den Scho\u00df zum kuscheln. Ende gut, alles gut.<\/p>\n\n\n<figure class=\"wp-block-gallery has-nested-images columns-default is-cropped wp-block-gallery-1 is-layout-flex wp-block-gallery-is-layout-flex\">\n<figure class=\"wp-block-image size-large\"><img loading=\"lazy\" decoding=\"async\" width=\"640\" height=\"454\" data-id=\"1499\" src=\"https:\/\/krauseschnauzen.de\/wp-content\/uploads\/2023\/12\/IMG_3801.jpg\" alt=\"\" class=\"wp-image-1499\" srcset=\"https:\/\/krauseschnauzen.de\/wp-content\/uploads\/2023\/12\/IMG_3801.jpg 640w, https:\/\/krauseschnauzen.de\/wp-content\/uploads\/2023\/12\/IMG_3801-600x426.jpg 600w, https:\/\/krauseschnauzen.de\/wp-content\/uploads\/2023\/12\/IMG_3801-300x213.jpg 300w, https:\/\/krauseschnauzen.de\/wp-content\/uploads\/2023\/12\/IMG_3801-1x1.jpg 1w\" sizes=\"auto, (max-width: 640px) 100vw, 640px\" \/><\/figure>\n\n\n\n<figure class=\"wp-block-image size-large\"><img loading=\"lazy\" decoding=\"async\" width=\"630\" height=\"640\" data-id=\"1509\" src=\"https:\/\/krauseschnauzen.de\/wp-content\/uploads\/2023\/12\/IMG_3800.jpg\" alt=\"\" class=\"wp-image-1509\" srcset=\"https:\/\/krauseschnauzen.de\/wp-content\/uploads\/2023\/12\/IMG_3800.jpg 630w, https:\/\/krauseschnauzen.de\/wp-content\/uploads\/2023\/12\/IMG_3800-600x610.jpg 600w, https:\/\/krauseschnauzen.de\/wp-content\/uploads\/2023\/12\/IMG_3800-295x300.jpg 295w, https:\/\/krauseschnauzen.de\/wp-content\/uploads\/2023\/12\/IMG_3800-1x1.jpg 1w\" sizes=\"auto, (max-width: 630px) 100vw, 630px\" \/><\/figure>\n<\/figure>\n\n\n<div class=\"\" data-block=\"true\" data-editor=\"ddge8\" data-offset-key=\"5n2ph-0-0\">\n<div class=\"_1mf _1mj\" data-offset-key=\"5n2ph-0-0\"><span data-offset-key=\"5n2ph-0-0\">Einmal in der Woche sollte das frisch eingezogene Hundebaby spielerisch das baden und abgeduscht werden trainieren, dann gibt es sp\u00e4ter weniger Stress damit. Der Hund wird vielleicht nicht mit Begeisterung in die Dusche springen, aber er lernt, dass es auszuhalten ist. <\/span><\/div>\n<\/div>\n<div class=\"\" data-block=\"true\" data-editor=\"ddge8\" data-offset-key=\"601qm-0-0\">\n<div class=\"_1mf _1mj\" data-offset-key=\"601qm-0-0\"><span data-offset-key=\"601qm-0-0\">Ein hochwertiges Welpen &#8211; Shampoo w\u00fcrde ich hier nur alle 2-3 Wochen verwenden, an allen anderen Wochen regnet es nur Wasser und die H\u00e4nde massieren sanft den K\u00f6rper.<\/span><\/div>\n<\/div>\n<div class=\"\" data-block=\"true\" data-editor=\"ddge8\" data-offset-key=\"12duc-0-0\">\n<div class=\"_1mf _1mj\" data-offset-key=\"12duc-0-0\"><span data-offset-key=\"12duc-0-0\">\u00a0<\/span><\/div>\n<\/div>\n<div class=\"\" data-block=\"true\" data-editor=\"ddge8\" data-offset-key=\"6rho8-0-0\">\n<div class=\"_1mf _1mj\" data-offset-key=\"6rho8-0-0\"><span data-offset-key=\"6rho8-0-0\">Wenn die kleinen vier bis f\u00fcnf Monate als sind, kann man beginnen, sich an einem anderen Rhythmus zu probieren. <\/span><\/div>\n<\/div>\n<div class=\"\" data-block=\"true\" data-editor=\"ddge8\" data-offset-key=\"3iag4-0-0\">\n<div class=\"_1mf _1mj\" data-offset-key=\"3iag4-0-0\"><span data-offset-key=\"3iag4-0-0\">Es gibt hier keine pauschalen Intervalle. Der eine bleibt bei einem Waschtag in der Woche, ein anderer findet einen im Monat ausreichend. Immer hochwertige Produkte vorausgesetzt ist beides okay.<\/span><\/div>\n<\/div>\n<div class=\"\" data-block=\"true\" data-editor=\"ddge8\" data-offset-key=\"3hvc0-0-0\">\n<div class=\"_1mf _1mj\" data-offset-key=\"3hvc0-0-0\"><span data-offset-key=\"3hvc0-0-0\">\u00a0<\/span><\/div>\n<div class=\"_1mf _1mj\" data-offset-key=\"3hvc0-0-0\"><span style=\"color: #808080;\">Unsere M\u00fcnsterl\u00e4nder baden ca. alle 6-8 Wochen.<\/span><\/div>\n<\/div>\n<p>Ich berate Sie gern in einem kostenfreien Gespr\u00e4ch zum Thema Welpen \/ Hund baden und empfehle Ihnen auch gern geeignete Pflegeprodukte, abgestimmt auf die Bed\u00fcrfnisse, die das Fell ihres Hundes hat. Lesen Sie <a href=\"https:\/\/krauseschnauzen.de\/index.php\/fellpflegefibel\/\"><strong><span style=\"color: #ff6600;\">&lt;&lt; hier &gt;&gt;<\/span><\/strong><\/a> gern mehr dazu oder <a href=\"https:\/\/krauseschnauzen.de\/index.php\/kontakt-anfahrt-krauseschnauzen\/\"><strong><span style=\"color: #ff6600;\">vereinbaren Sie direkt ihren Beratungstermin<\/span><\/strong><\/a>.<\/p>","protected":false},"excerpt":{"rendered":"<p>Ich erlebe es immer wieder, dass das Thema Baden &#8211; egal ob im Salon oder Zuhause &#8211; ein gro\u00dfes Thema unter Hundeleuten ist. \u00a0 Braucht der Wolf ein Bad? Ganz klares &#8222;Nein, braucht er nicht!&#8220; Jetzt kommt mein aaaaber&#8230; der Wolf lebt in seinem nat\u00fcrlichen Habitat, angepasst an seine Umwelt und ausgestattet mit dem, was [&hellip;]<\/p>\n","protected":false},"author":1,"featured_media":0,"parent":0,"menu_order":0,"comment_status":"closed","ping_status":"closed","template":"","meta":{"footnotes":""},"class_list":["post-1498","page","type-page","status-publish","hentry"],"yoast_head":"<!-- This site is optimized with the Yoast SEO plugin v27.3 - https:\/\/yoast.com\/product\/yoast-seo-wordpress\/ -->\n<title>Welpen \/ Hund baden - Darf ich? - Krauseschnauzen<\/title>\n<meta name=\"description\" content=\"Ich erlebe es immer wieder: Das Thema Welpen \/ Hund baden bewegt die Hundewelt. Darf ich oder darf ich nicht? Lesen Sie hier...\" \/>\n<meta name=\"robots\" content=\"index, follow, max-snippet:-1, max-image-preview:large, max-video-preview:-1\" \/>\n<link rel=\"canonical\" href=\"https:\/\/krauseschnauzen.de\/index.php\/welpen-hund-baden\/\" \/>\n<meta property=\"og:locale\" content=\"de_DE\" \/>\n<meta property=\"og:type\" content=\"article\" \/>\n<meta property=\"og:title\" content=\"Welpen \/ Hund baden - Darf ich? - Krauseschnauzen\" \/>\n<meta property=\"og:description\" content=\"Ich erlebe es immer wieder: Das Thema Welpen \/ Hund baden bewegt die Hundewelt. Darf ich oder darf ich nicht? Lesen Sie hier...\" \/>\n<meta property=\"og:url\" content=\"https:\/\/krauseschnauzen.de\/index.php\/welpen-hund-baden\/\" \/>\n<meta property=\"og:site_name\" content=\"Krauseschnauzen\" \/>\n<meta property=\"article:publisher\" content=\"https:\/\/www.facebook.com\/HundesalonKrauseschnauzen\" \/>\n<meta property=\"article:modified_time\" content=\"2024-01-09T20:16:44+00:00\" \/>\n<meta property=\"og:image\" content=\"https:\/\/krauseschnauzen.de\/wp-content\/uploads\/2023\/12\/IMG_3799.jpg\" \/>\n<meta name=\"twitter:card\" content=\"summary_large_image\" \/>\n<meta name=\"twitter:label1\" content=\"Gesch\u00e4tzte Lesezeit\" \/>\n\t<meta name=\"twitter:data1\" content=\"4\u00a0Minuten\" \/>\n<script type=\"application\/ld+json\" class=\"yoast-schema-graph\">{\"@context\":\"https:\\\/\\\/schema.org\",\"@graph\":[{\"@type\":\"WebPage\",\"@id\":\"https:\\\/\\\/krauseschnauzen.de\\\/index.php\\\/welpen-hund-baden\\\/\",\"url\":\"https:\\\/\\\/krauseschnauzen.de\\\/index.php\\\/welpen-hund-baden\\\/\",\"name\":\"Welpen \\\/ Hund baden - Darf ich? - Krauseschnauzen\",\"isPartOf\":{\"@id\":\"https:\\\/\\\/krauseschnauzen.de\\\/#website\"},\"primaryImageOfPage\":{\"@id\":\"https:\\\/\\\/krauseschnauzen.de\\\/index.php\\\/welpen-hund-baden\\\/#primaryimage\"},\"image\":{\"@id\":\"https:\\\/\\\/krauseschnauzen.de\\\/index.php\\\/welpen-hund-baden\\\/#primaryimage\"},\"thumbnailUrl\":\"https:\\\/\\\/krauseschnauzen.de\\\/wp-content\\\/uploads\\\/2023\\\/12\\\/IMG_3799.jpg\",\"datePublished\":\"2023-12-14T11:09:05+00:00\",\"dateModified\":\"2024-01-09T20:16:44+00:00\",\"description\":\"Ich erlebe es immer wieder: Das Thema Welpen \\\/ Hund baden bewegt die Hundewelt. Darf ich oder darf ich nicht? Lesen Sie hier...\",\"breadcrumb\":{\"@id\":\"https:\\\/\\\/krauseschnauzen.de\\\/index.php\\\/welpen-hund-baden\\\/#breadcrumb\"},\"inLanguage\":\"de\",\"potentialAction\":[{\"@type\":\"ReadAction\",\"target\":[\"https:\\\/\\\/krauseschnauzen.de\\\/index.php\\\/welpen-hund-baden\\\/\"]}]},{\"@type\":\"ImageObject\",\"inLanguage\":\"de\",\"@id\":\"https:\\\/\\\/krauseschnauzen.de\\\/index.php\\\/welpen-hund-baden\\\/#primaryimage\",\"url\":\"https:\\\/\\\/krauseschnauzen.de\\\/wp-content\\\/uploads\\\/2023\\\/12\\\/IMG_3799.jpg\",\"contentUrl\":\"https:\\\/\\\/krauseschnauzen.de\\\/wp-content\\\/uploads\\\/2023\\\/12\\\/IMG_3799.jpg\",\"width\":640,\"height\":342},{\"@type\":\"BreadcrumbList\",\"@id\":\"https:\\\/\\\/krauseschnauzen.de\\\/index.php\\\/welpen-hund-baden\\\/#breadcrumb\",\"itemListElement\":[{\"@type\":\"ListItem\",\"position\":1,\"name\":\"Startseite\",\"item\":\"https:\\\/\\\/krauseschnauzen.de\\\/\"},{\"@type\":\"ListItem\",\"position\":2,\"name\":\"Welpen \\\/ Hund baden &#8211; Darf ich?\"}]},{\"@type\":\"WebSite\",\"@id\":\"https:\\\/\\\/krauseschnauzen.de\\\/#website\",\"url\":\"https:\\\/\\\/krauseschnauzen.de\\\/\",\"name\":\"Krauseschnauzen\",\"description\":\"Hundesalon und Aromatherapie\",\"publisher\":{\"@id\":\"https:\\\/\\\/krauseschnauzen.de\\\/#organization\"},\"potentialAction\":[{\"@type\":\"SearchAction\",\"target\":{\"@type\":\"EntryPoint\",\"urlTemplate\":\"https:\\\/\\\/krauseschnauzen.de\\\/?s={search_term_string}\"},\"query-input\":{\"@type\":\"PropertyValueSpecification\",\"valueRequired\":true,\"valueName\":\"search_term_string\"}}],\"inLanguage\":\"de\"},{\"@type\":\"Organization\",\"@id\":\"https:\\\/\\\/krauseschnauzen.de\\\/#organization\",\"name\":\"Hundesalon Krauseschnauzen\",\"url\":\"https:\\\/\\\/krauseschnauzen.de\\\/\",\"logo\":{\"@type\":\"ImageObject\",\"inLanguage\":\"de\",\"@id\":\"https:\\\/\\\/krauseschnauzen.de\\\/#\\\/schema\\\/logo\\\/image\\\/\",\"url\":\"https:\\\/\\\/krauseschnauzen.de\\\/wp-content\\\/uploads\\\/2023\\\/01\\\/KrauseSchnauzen_Logo_Farbig.png\",\"contentUrl\":\"https:\\\/\\\/krauseschnauzen.de\\\/wp-content\\\/uploads\\\/2023\\\/01\\\/KrauseSchnauzen_Logo_Farbig.png\",\"width\":2623,\"height\":2181,\"caption\":\"Hundesalon Krauseschnauzen\"},\"image\":{\"@id\":\"https:\\\/\\\/krauseschnauzen.de\\\/#\\\/schema\\\/logo\\\/image\\\/\"},\"sameAs\":[\"https:\\\/\\\/www.facebook.com\\\/HundesalonKrauseschnauzen\",\"https:\\\/\\\/www.instagram.com\\\/krauseschnauzen\\\/\"]}]}<\/script>\n<!-- \/ Yoast SEO plugin. -->","yoast_head_json":{"title":"Welpen \/ Hund baden - Darf ich? - Krauseschnauzen","description":"Ich erlebe es immer wieder: Das Thema Welpen \/ Hund baden bewegt die Hundewelt. Darf ich oder darf ich nicht? Lesen Sie hier...","robots":{"index":"index","follow":"follow","max-snippet":"max-snippet:-1","max-image-preview":"max-image-preview:large","max-video-preview":"max-video-preview:-1"},"canonical":"https:\/\/krauseschnauzen.de\/index.php\/welpen-hund-baden\/","og_locale":"de_DE","og_type":"article","og_title":"Welpen \/ Hund baden - Darf ich? - Krauseschnauzen","og_description":"Ich erlebe es immer wieder: Das Thema Welpen \/ Hund baden bewegt die Hundewelt. Darf ich oder darf ich nicht? Lesen Sie hier...","og_url":"https:\/\/krauseschnauzen.de\/index.php\/welpen-hund-baden\/","og_site_name":"Krauseschnauzen","article_publisher":"https:\/\/www.facebook.com\/HundesalonKrauseschnauzen","article_modified_time":"2024-01-09T20:16:44+00:00","og_image":[{"url":"https:\/\/krauseschnauzen.de\/wp-content\/uploads\/2023\/12\/IMG_3799.jpg","type":"","width":"","height":""}],"twitter_card":"summary_large_image","twitter_misc":{"Gesch\u00e4tzte Lesezeit":"4\u00a0Minuten"},"schema":{"@context":"https:\/\/schema.org","@graph":[{"@type":"WebPage","@id":"https:\/\/krauseschnauzen.de\/index.php\/welpen-hund-baden\/","url":"https:\/\/krauseschnauzen.de\/index.php\/welpen-hund-baden\/","name":"Welpen \/ Hund baden - Darf ich? - Krauseschnauzen","isPartOf":{"@id":"https:\/\/krauseschnauzen.de\/#website"},"primaryImageOfPage":{"@id":"https:\/\/krauseschnauzen.de\/index.php\/welpen-hund-baden\/#primaryimage"},"image":{"@id":"https:\/\/krauseschnauzen.de\/index.php\/welpen-hund-baden\/#primaryimage"},"thumbnailUrl":"https:\/\/krauseschnauzen.de\/wp-content\/uploads\/2023\/12\/IMG_3799.jpg","datePublished":"2023-12-14T11:09:05+00:00","dateModified":"2024-01-09T20:16:44+00:00","description":"Ich erlebe es immer wieder: Das Thema Welpen \/ Hund baden bewegt die Hundewelt. Darf ich oder darf ich nicht? Lesen Sie hier...","breadcrumb":{"@id":"https:\/\/krauseschnauzen.de\/index.php\/welpen-hund-baden\/#breadcrumb"},"inLanguage":"de","potentialAction":[{"@type":"ReadAction","target":["https:\/\/krauseschnauzen.de\/index.php\/welpen-hund-baden\/"]}]},{"@type":"ImageObject","inLanguage":"de","@id":"https:\/\/krauseschnauzen.de\/index.php\/welpen-hund-baden\/#primaryimage","url":"https:\/\/krauseschnauzen.de\/wp-content\/uploads\/2023\/12\/IMG_3799.jpg","contentUrl":"https:\/\/krauseschnauzen.de\/wp-content\/uploads\/2023\/12\/IMG_3799.jpg","width":640,"height":342},{"@type":"BreadcrumbList","@id":"https:\/\/krauseschnauzen.de\/index.php\/welpen-hund-baden\/#breadcrumb","itemListElement":[{"@type":"ListItem","position":1,"name":"Startseite","item":"https:\/\/krauseschnauzen.de\/"},{"@type":"ListItem","position":2,"name":"Welpen \/ Hund baden &#8211; Darf ich?"}]},{"@type":"WebSite","@id":"https:\/\/krauseschnauzen.de\/#website","url":"https:\/\/krauseschnauzen.de\/","name":"Krauseschnauzen","description":"Hundesalon und Aromatherapie","publisher":{"@id":"https:\/\/krauseschnauzen.de\/#organization"},"potentialAction":[{"@type":"SearchAction","target":{"@type":"EntryPoint","urlTemplate":"https:\/\/krauseschnauzen.de\/?s={search_term_string}"},"query-input":{"@type":"PropertyValueSpecification","valueRequired":true,"valueName":"search_term_string"}}],"inLanguage":"de"},{"@type":"Organization","@id":"https:\/\/krauseschnauzen.de\/#organization","name":"Hundesalon Krauseschnauzen","url":"https:\/\/krauseschnauzen.de\/","logo":{"@type":"ImageObject","inLanguage":"de","@id":"https:\/\/krauseschnauzen.de\/#\/schema\/logo\/image\/","url":"https:\/\/krauseschnauzen.de\/wp-content\/uploads\/2023\/01\/KrauseSchnauzen_Logo_Farbig.png","contentUrl":"https:\/\/krauseschnauzen.de\/wp-content\/uploads\/2023\/01\/KrauseSchnauzen_Logo_Farbig.png","width":2623,"height":2181,"caption":"Hundesalon Krauseschnauzen"},"image":{"@id":"https:\/\/krauseschnauzen.de\/#\/schema\/logo\/image\/"},"sameAs":["https:\/\/www.facebook.com\/HundesalonKrauseschnauzen","https:\/\/www.instagram.com\/krauseschnauzen\/"]}]}},"_links":{"self":[{"href":"https:\/\/krauseschnauzen.de\/index.php\/wp-json\/wp\/v2\/pages\/1498","targetHints":{"allow":["GET"]}}],"collection":[{"href":"https:\/\/krauseschnauzen.de\/index.php\/wp-json\/wp\/v2\/pages"}],"about":[{"href":"https:\/\/krauseschnauzen.de\/index.php\/wp-json\/wp\/v2\/types\/page"}],"author":[{"embeddable":true,"href":"https:\/\/krauseschnauzen.de\/index.php\/wp-json\/wp\/v2\/users\/1"}],"replies":[{"embeddable":true,"href":"https:\/\/krauseschnauzen.de\/index.php\/wp-json\/wp\/v2\/comments?post=1498"}],"version-history":[{"count":16,"href":"https:\/\/krauseschnauzen.de\/index.php\/wp-json\/wp\/v2\/pages\/1498\/revisions"}],"predecessor-version":[{"id":1574,"href":"https:\/\/krauseschnauzen.de\/index.php\/wp-json\/wp\/v2\/pages\/1498\/revisions\/1574"}],"wp:attachment":[{"href":"https:\/\/krauseschnauzen.de\/index.php\/wp-json\/wp\/v2\/media?parent=1498"}],"curies":[{"name":"wp","href":"https:\/\/api.w.org\/{rel}","templated":true}]}}