{"id":1282,"date":"2023-10-06T11:02:06","date_gmt":"2023-10-06T09:02:06","guid":{"rendered":"https:\/\/krauseschnauzen.de\/?page_id=1282"},"modified":"2023-11-25T10:38:28","modified_gmt":"2023-11-25T08:38:28","slug":"tipps-und-tricks-zur-zahnpflege-und-zahnhygiene","status":"publish","type":"page","link":"https:\/\/krauseschnauzen.de\/index.php\/tipps-und-tricks-zur-zahnpflege-und-zahnhygiene\/","title":{"rendered":"Zahnpflege und Zahnhygiene &#8211; Tipps und Tricks"},"content":{"rendered":"\n<div class=\"wp-block-columns is-layout-flex wp-container-core-columns-is-layout-9d6595d7 wp-block-columns-is-layout-flex\">\n<div class=\"wp-block-column is-layout-flow wp-block-column-is-layout-flow\" style=\"flex-basis:66.66%\">\n<p>Unsere Hunde ben\u00f6tigen in vielen F\u00e4llen nicht nur bei der Fellpflege unsere Unterst\u00fctzung, sondern auch bei der Zahnpflege. Durch ver\u00e4nderte Futtergewohnheiten und die vorwiegende F\u00fctterung mit fertigem Nass- und Trockenfutter, lagern sich im Hundemaul allerhand Bakterien an, die die Zahngesundheit unserer Hunde gef\u00e4hrden.\u00a0<\/p>\n<p>Die hier aufgelisteten Zahnpflege &#8211; Tipps sollen Ihnen helfen, aktiv an der Zahngesundheit ihres Vierbeiners mitzuwirken. Ich w\u00fcnsche Ihnen viel Freude dabei und allzeit ein strahlendes L\u00e4cheln bei Ihnen und ihrem Hund.<\/p>\n\n\n\n<h1 class=\"wp-block-heading\"><strong>Kausnacks &#8211; Zahnpflege und Besch\u00e4ftigung in einem<\/strong><\/h1>\n\n\n\n<p>Unsere Hunde t\u00e4glich mit einem Kausnacks zu versorgen schl\u00e4gt mehrere Fliegen mit einer Klappe. Durch mechanischen Abrieb beim Zerlegen eines Snacks werden Schmutz und Bakterien von den Z\u00e4hnen und Schleimh\u00e4uten gel\u00f6st und landen mit im Magen, wo sie verdaut werden, bzw. ihren Weg nach drau\u00dfen finden.<\/p>\n<\/div>\n\n\n\n<div class=\"wp-block-column is-layout-flow wp-block-column-is-layout-flow\" style=\"flex-basis:33.33%\"><div class=\"wp-block-image\">\n<figure class=\"aligncenter size-full is-resized\"><img loading=\"lazy\" decoding=\"async\" width=\"283\" height=\"431\" src=\"https:\/\/krauseschnauzen.de\/wp-content\/uploads\/2023\/10\/901600_409692329126613_1109666874_o.jpg\" alt=\"\" class=\"wp-image-1293\" style=\"width:238px;height:364px\" srcset=\"https:\/\/krauseschnauzen.de\/wp-content\/uploads\/2023\/10\/901600_409692329126613_1109666874_o.jpg 283w, https:\/\/krauseschnauzen.de\/wp-content\/uploads\/2023\/10\/901600_409692329126613_1109666874_o-197x300.jpg 197w, https:\/\/krauseschnauzen.de\/wp-content\/uploads\/2023\/10\/901600_409692329126613_1109666874_o-1x2.jpg 1w\" sizes=\"auto, (max-width: 283px) 100vw, 283px\" \/><figcaption class=\"wp-element-caption\">H\u00fcndin Cora mit 7 Jahren: gesunde Z\u00e4hne durch regelm\u00e4\u00dfige Zahnpflege<\/figcaption><\/figure>\n<\/div><\/div>\n<\/div>\n\n\n<p>Gleichzeitig lastet es unsere Vierbeiner mental und auch k\u00f6rperlich aus. Hektische, unruhige Hunde kommen zur Ruhe und k\u00f6nnen so auf nat\u00fcrliche Weise Stressabbauen.<\/p>\n<p>Bei Hunden mit Gewichtsproblemen w\u00fcrde ich neben einem kalorienarmen Futter immer auch hochwertige Kausnacks mit anbieten. Die t\u00e4glich empfohlene Futtermenge des Hauptfutters kann man reduzieren und dem Hund daf\u00fcr etwas anbieten, was schwerer zu fressen ist. Er verbrennt dabei mehr Kalorien und pflegt gleichzeitig seine Z\u00e4hne.<\/p>\n<\/p>\n\n<div class=\"wp-block-image\">\n<figure class=\"aligncenter size-full is-resized\"><img loading=\"lazy\" decoding=\"async\" width=\"640\" height=\"524\" src=\"https:\/\/krauseschnauzen.de\/wp-content\/uploads\/2023\/10\/IMG_2832.jpg\" alt=\"\" class=\"wp-image-1309\" style=\"width:640px;height:524px\" srcset=\"https:\/\/krauseschnauzen.de\/wp-content\/uploads\/2023\/10\/IMG_2832.jpg 640w, https:\/\/krauseschnauzen.de\/wp-content\/uploads\/2023\/10\/IMG_2832-600x491.jpg 600w, https:\/\/krauseschnauzen.de\/wp-content\/uploads\/2023\/10\/IMG_2832-300x246.jpg 300w, https:\/\/krauseschnauzen.de\/wp-content\/uploads\/2023\/10\/IMG_2832-1x1.jpg 1w\" sizes=\"auto, (max-width: 640px) 100vw, 640px\" \/><\/figure>\n<\/div>\n\n\n<p><\/p>\n\n\n\n<p><\/p>\n\n\n\n<h2 class=\"wp-block-heading\"><strong>H\u00fcttenk\u00e4se &#8211; Zahnpflege f\u00fcr kaufaule Hunde<\/strong><\/h2>\n\n\n<p>Er neutralisiert die Plaque Bakterien der Maulfora, in dem er ihre Fortpflanzung hemmt. So kann sich kein Zahnstein bilden und auch der Mundgeruch des Hundes nimmt deutlich ab.<\/p>\n<p>Gerade bei Hunden, die ungern kauen, macht es Sinn, zwei-dreimal in der Woche H\u00fcttenk\u00e4se ans Futter zu mischen. Der H\u00fcttenk\u00e4se verteilt sich leicht gleichm\u00e4\u00dfig im Maul und kann so seine Wirkung entfalten. In der Regel wird er von den meisten Hunde sehr gern gefressen.<\/p>\n<p>Auch Hunde mit Allergien und Unvertr\u00e4glichkeiten reagieren extrem selten negativ auf die regelm\u00e4\u00dfige Zuf\u00fctterung von H\u00fcttenk\u00e4se.<\/p>\n\n\n<h2 class=\"wp-block-heading\"><strong>Zahnpflege Spielzeuge<\/strong><\/h2>\n\n\n<p>Mittlerweile gibt es auch eine Reihe an Spielzeugen, die der Zahnpflege dienen und gute Zwecke erf\u00fcllen. Gerade bei jungen Hunden kann man damit sehr gut punkten. Es lohnt aber auch, bei Hunden mit Gewichtsproblemen der Versuch, Zahnpflegespielzeuge anstelle von Kauartikeln zu nutzen. Nutzt der Hund keine Kauartikel, sondern nur Spielzeuge, empfehle ich besonders die Zuf\u00fctterung von H\u00fcttenk\u00e4se, da die Spielzeuge zwar Bakterien und Schmutz von den Z\u00e4hnen und Schleimh\u00e4uten abl\u00f6sen, diese aber oft in gr\u00f6\u00dferer Anzahl mit dem Speichel im Maulraum verbleiben, da der Hund hier nichts fressbares herunterschluckt. G\u00fcnstig sind hier Kauspielzeuge, die sich mit Futter kombinieren lassen. Der Hund muss hierbei durch intensives Kauen an die Leckerchen kommen und kann dann mit deren Hilfe die gel\u00f6sten Plaque Bakterien hinunterschlucken.<\/p>\n\n\n<h2 class=\"wp-block-heading\"><strong>Zahnreinigung per Ultraschall<\/strong><\/h2>\n\n\n<p>Die Zahnreinigung bei Hunden per Ultraschall entfernt in einigen Sitzungen sehr effektiv bereits vorhandenen Zahnstein. Die Ursache f\u00fcr Zahnstein wird jedoch nicht bek\u00e4mpft, so dass dieser sich immer wieder neu bilden wird und diese Methode immer nur begleitend zur h\u00e4uslichen Zahnpflege bei akutem Befall angewendet werden sollte.<\/p>\n<p>Wenn Ihr Hund Zahnprobleme hat und Sie Unterst\u00fctzung bei der Zahnpflege ben\u00f6tigen, dann vereinbaren Sie sehr gern einen Termin bei mir <a href=\"https:\/\/krauseschnauzen.de\/index.php\/kontakt-anfahrt-krauseschnauzen\/\">&lt;&lt; hier klicken &gt;&gt;<\/a>.<\/p>\n\n\n<hr class=\"wp-block-separator has-alpha-channel-opacity is-style-wide\"\/>\n\n\n\n<div class=\"wp-block-media-text is-stacked-on-mobile\" style=\"grid-template-columns:33% auto\"><figure class=\"wp-block-media-text__media\"><img loading=\"lazy\" decoding=\"async\" width=\"640\" height=\"437\" src=\"https:\/\/krauseschnauzen.de\/wp-content\/uploads\/2023\/11\/IMG_3542.jpg\" alt=\"\" class=\"wp-image-1386 size-full\" srcset=\"https:\/\/krauseschnauzen.de\/wp-content\/uploads\/2023\/11\/IMG_3542.jpg 640w, https:\/\/krauseschnauzen.de\/wp-content\/uploads\/2023\/11\/IMG_3542-600x410.jpg 600w, https:\/\/krauseschnauzen.de\/wp-content\/uploads\/2023\/11\/IMG_3542-300x205.jpg 300w, https:\/\/krauseschnauzen.de\/wp-content\/uploads\/2023\/11\/IMG_3542-1x1.jpg 1w\" sizes=\"auto, (max-width: 640px) 100vw, 640px\" \/><\/figure><div class=\"wp-block-media-text__content\">\n<p><strong><mark style=\"background-color:rgba(0, 0, 0, 0)\" class=\"has-inline-color has-vivid-green-cyan-color\">Produktempfehlung:<\/mark><\/strong> Yak &#8211; K\u00e4se f\u00fcr Hunde<\/p>\n\n\n\n<p>Diese robusten Kausnacks eignen sich hervorragend f\u00fcr Hunde, die andere Snacks im Nu verschlungen haben. Unsere M\u00fcnsterl\u00e4nder haben mit so einer Stange wirklich 2h zu tun.<\/p>\n\n\n\n<p>Der K\u00e4se beugt der Zahnsteinbildung vor, in dem er die Vermehrung von Plaque Bakterien ausbremst.<\/p>\n\n\n\n<p><strong>Preis: Gr\u00f6\u00dfe M 7,50 Euro \/\/ Gr\u00f6\u00dfe L 9,50 Euro<\/strong><\/p>\n<\/div><\/div>\n\n\n\n<div class=\"wp-block-media-text is-stacked-on-mobile\" style=\"grid-template-columns:33% auto\"><figure class=\"wp-block-media-text__media\"><img loading=\"lazy\" decoding=\"async\" width=\"640\" height=\"497\" src=\"https:\/\/krauseschnauzen.de\/wp-content\/uploads\/2023\/11\/IMG_3544.jpg\" alt=\"\" class=\"wp-image-1388 size-full\" srcset=\"https:\/\/krauseschnauzen.de\/wp-content\/uploads\/2023\/11\/IMG_3544.jpg 640w, https:\/\/krauseschnauzen.de\/wp-content\/uploads\/2023\/11\/IMG_3544-600x466.jpg 600w, https:\/\/krauseschnauzen.de\/wp-content\/uploads\/2023\/11\/IMG_3544-300x233.jpg 300w, https:\/\/krauseschnauzen.de\/wp-content\/uploads\/2023\/11\/IMG_3544-1x1.jpg 1w\" sizes=\"auto, (max-width: 640px) 100vw, 640px\" \/><\/figure><div class=\"wp-block-media-text__content\">\n<p><strong><mark style=\"background-color:rgba(0, 0, 0, 0)\" class=\"has-inline-color has-vivid-green-cyan-color\">Produktempfehlung:<\/mark><\/strong> Zahnpflege Ball<\/p>\n\n\n\n<p>Dieser Ball eignet sich gut, um Trockenfutter und andere Leckereien zwischen den Zacken zu platzieren. Die Hunde sind dann eine Weile damit besch\u00e4ftigt, die Snacks herauszubekommen. Dabei kauen sie auf dem Ball herum und reinigen so ihre Z\u00e4hne. <\/p>\n\n\n\n<p><strong>Preis: 7 Euro<\/strong><\/p>\n<\/div><\/div>\n","protected":false},"excerpt":{"rendered":"<p>Unsere Hunde ben\u00f6tigen in vielen F\u00e4llen nicht nur bei der Fellpflege unsere Unterst\u00fctzung, sondern auch bei der Zahnpflege. Durch ver\u00e4nderte Futtergewohnheiten und die vorwiegende F\u00fctterung mit fertigem Nass- und Trockenfutter, lagern sich im Hundemaul allerhand Bakterien an, die die Zahngesundheit unserer Hunde gef\u00e4hrden.\u00a0 Die hier aufgelisteten Zahnpflege &#8211; Tipps sollen Ihnen helfen, aktiv an der [&hellip;]<\/p>\n","protected":false},"author":1,"featured_media":0,"parent":0,"menu_order":0,"comment_status":"closed","ping_status":"closed","template":"","meta":{"footnotes":""},"class_list":["post-1282","page","type-page","status-publish","hentry"],"yoast_head":"<!-- This site is optimized with the Yoast SEO plugin v27.3 - https:\/\/yoast.com\/product\/yoast-seo-wordpress\/ -->\n<title>Zahnpflege und Zahnhygiene - Tipps und Tricks - Krauseschnauzen<\/title>\n<meta name=\"description\" content=\"Die hier aufgelisteten Zahnpflege - Tipps sollen Ihnen helfen, aktiv an der Zahngesundheit ihres Vierbeiners mitzuwirken.\" \/>\n<meta name=\"robots\" content=\"index, follow, max-snippet:-1, max-image-preview:large, max-video-preview:-1\" \/>\n<link rel=\"canonical\" href=\"https:\/\/krauseschnauzen.de\/index.php\/tipps-und-tricks-zur-zahnpflege-und-zahnhygiene\/\" \/>\n<meta property=\"og:locale\" content=\"de_DE\" \/>\n<meta property=\"og:type\" content=\"article\" \/>\n<meta property=\"og:title\" content=\"Zahnpflege und Zahnhygiene - Tipps und Tricks - Krauseschnauzen\" \/>\n<meta property=\"og:description\" content=\"Die hier aufgelisteten Zahnpflege - Tipps sollen Ihnen helfen, aktiv an der Zahngesundheit ihres Vierbeiners mitzuwirken.\" \/>\n<meta property=\"og:url\" content=\"https:\/\/krauseschnauzen.de\/index.php\/tipps-und-tricks-zur-zahnpflege-und-zahnhygiene\/\" \/>\n<meta property=\"og:site_name\" content=\"Krauseschnauzen\" \/>\n<meta property=\"article:publisher\" content=\"https:\/\/www.facebook.com\/HundesalonKrauseschnauzen\" \/>\n<meta property=\"article:modified_time\" content=\"2023-11-25T08:38:28+00:00\" \/>\n<meta property=\"og:image\" content=\"https:\/\/krauseschnauzen.de\/wp-content\/uploads\/2023\/10\/901600_409692329126613_1109666874_o.jpg\" \/>\n<meta name=\"twitter:card\" content=\"summary_large_image\" \/>\n<meta name=\"twitter:label1\" content=\"Gesch\u00e4tzte Lesezeit\" \/>\n\t<meta name=\"twitter:data1\" content=\"5\u00a0Minuten\" \/>\n<script type=\"application\/ld+json\" class=\"yoast-schema-graph\">{\"@context\":\"https:\\\/\\\/schema.org\",\"@graph\":[{\"@type\":\"WebPage\",\"@id\":\"https:\\\/\\\/krauseschnauzen.de\\\/index.php\\\/tipps-und-tricks-zur-zahnpflege-und-zahnhygiene\\\/\",\"url\":\"https:\\\/\\\/krauseschnauzen.de\\\/index.php\\\/tipps-und-tricks-zur-zahnpflege-und-zahnhygiene\\\/\",\"name\":\"Zahnpflege und Zahnhygiene - Tipps und Tricks - Krauseschnauzen\",\"isPartOf\":{\"@id\":\"https:\\\/\\\/krauseschnauzen.de\\\/#website\"},\"primaryImageOfPage\":{\"@id\":\"https:\\\/\\\/krauseschnauzen.de\\\/index.php\\\/tipps-und-tricks-zur-zahnpflege-und-zahnhygiene\\\/#primaryimage\"},\"image\":{\"@id\":\"https:\\\/\\\/krauseschnauzen.de\\\/index.php\\\/tipps-und-tricks-zur-zahnpflege-und-zahnhygiene\\\/#primaryimage\"},\"thumbnailUrl\":\"https:\\\/\\\/krauseschnauzen.de\\\/wp-content\\\/uploads\\\/2023\\\/10\\\/901600_409692329126613_1109666874_o.jpg\",\"datePublished\":\"2023-10-06T09:02:06+00:00\",\"dateModified\":\"2023-11-25T08:38:28+00:00\",\"description\":\"Die hier aufgelisteten Zahnpflege - Tipps sollen Ihnen helfen, aktiv an der Zahngesundheit ihres Vierbeiners mitzuwirken.\",\"breadcrumb\":{\"@id\":\"https:\\\/\\\/krauseschnauzen.de\\\/index.php\\\/tipps-und-tricks-zur-zahnpflege-und-zahnhygiene\\\/#breadcrumb\"},\"inLanguage\":\"de\",\"potentialAction\":[{\"@type\":\"ReadAction\",\"target\":[\"https:\\\/\\\/krauseschnauzen.de\\\/index.php\\\/tipps-und-tricks-zur-zahnpflege-und-zahnhygiene\\\/\"]}]},{\"@type\":\"ImageObject\",\"inLanguage\":\"de\",\"@id\":\"https:\\\/\\\/krauseschnauzen.de\\\/index.php\\\/tipps-und-tricks-zur-zahnpflege-und-zahnhygiene\\\/#primaryimage\",\"url\":\"https:\\\/\\\/krauseschnauzen.de\\\/wp-content\\\/uploads\\\/2023\\\/10\\\/901600_409692329126613_1109666874_o.jpg\",\"contentUrl\":\"https:\\\/\\\/krauseschnauzen.de\\\/wp-content\\\/uploads\\\/2023\\\/10\\\/901600_409692329126613_1109666874_o.jpg\",\"width\":283,\"height\":431},{\"@type\":\"BreadcrumbList\",\"@id\":\"https:\\\/\\\/krauseschnauzen.de\\\/index.php\\\/tipps-und-tricks-zur-zahnpflege-und-zahnhygiene\\\/#breadcrumb\",\"itemListElement\":[{\"@type\":\"ListItem\",\"position\":1,\"name\":\"Startseite\",\"item\":\"https:\\\/\\\/krauseschnauzen.de\\\/\"},{\"@type\":\"ListItem\",\"position\":2,\"name\":\"Zahnpflege und Zahnhygiene &#8211; Tipps und Tricks\"}]},{\"@type\":\"WebSite\",\"@id\":\"https:\\\/\\\/krauseschnauzen.de\\\/#website\",\"url\":\"https:\\\/\\\/krauseschnauzen.de\\\/\",\"name\":\"Krauseschnauzen\",\"description\":\"Hundesalon und Aromatherapie\",\"publisher\":{\"@id\":\"https:\\\/\\\/krauseschnauzen.de\\\/#organization\"},\"potentialAction\":[{\"@type\":\"SearchAction\",\"target\":{\"@type\":\"EntryPoint\",\"urlTemplate\":\"https:\\\/\\\/krauseschnauzen.de\\\/?s={search_term_string}\"},\"query-input\":{\"@type\":\"PropertyValueSpecification\",\"valueRequired\":true,\"valueName\":\"search_term_string\"}}],\"inLanguage\":\"de\"},{\"@type\":\"Organization\",\"@id\":\"https:\\\/\\\/krauseschnauzen.de\\\/#organization\",\"name\":\"Hundesalon Krauseschnauzen\",\"url\":\"https:\\\/\\\/krauseschnauzen.de\\\/\",\"logo\":{\"@type\":\"ImageObject\",\"inLanguage\":\"de\",\"@id\":\"https:\\\/\\\/krauseschnauzen.de\\\/#\\\/schema\\\/logo\\\/image\\\/\",\"url\":\"https:\\\/\\\/krauseschnauzen.de\\\/wp-content\\\/uploads\\\/2023\\\/01\\\/KrauseSchnauzen_Logo_Farbig.png\",\"contentUrl\":\"https:\\\/\\\/krauseschnauzen.de\\\/wp-content\\\/uploads\\\/2023\\\/01\\\/KrauseSchnauzen_Logo_Farbig.png\",\"width\":2623,\"height\":2181,\"caption\":\"Hundesalon Krauseschnauzen\"},\"image\":{\"@id\":\"https:\\\/\\\/krauseschnauzen.de\\\/#\\\/schema\\\/logo\\\/image\\\/\"},\"sameAs\":[\"https:\\\/\\\/www.facebook.com\\\/HundesalonKrauseschnauzen\",\"https:\\\/\\\/www.instagram.com\\\/krauseschnauzen\\\/\"]}]}<\/script>\n<!-- \/ Yoast SEO plugin. -->","yoast_head_json":{"title":"Zahnpflege und Zahnhygiene - Tipps und Tricks - Krauseschnauzen","description":"Die hier aufgelisteten Zahnpflege - Tipps sollen Ihnen helfen, aktiv an der Zahngesundheit ihres Vierbeiners mitzuwirken.","robots":{"index":"index","follow":"follow","max-snippet":"max-snippet:-1","max-image-preview":"max-image-preview:large","max-video-preview":"max-video-preview:-1"},"canonical":"https:\/\/krauseschnauzen.de\/index.php\/tipps-und-tricks-zur-zahnpflege-und-zahnhygiene\/","og_locale":"de_DE","og_type":"article","og_title":"Zahnpflege und Zahnhygiene - Tipps und Tricks - Krauseschnauzen","og_description":"Die hier aufgelisteten Zahnpflege - Tipps sollen Ihnen helfen, aktiv an der Zahngesundheit ihres Vierbeiners mitzuwirken.","og_url":"https:\/\/krauseschnauzen.de\/index.php\/tipps-und-tricks-zur-zahnpflege-und-zahnhygiene\/","og_site_name":"Krauseschnauzen","article_publisher":"https:\/\/www.facebook.com\/HundesalonKrauseschnauzen","article_modified_time":"2023-11-25T08:38:28+00:00","og_image":[{"url":"https:\/\/krauseschnauzen.de\/wp-content\/uploads\/2023\/10\/901600_409692329126613_1109666874_o.jpg","type":"","width":"","height":""}],"twitter_card":"summary_large_image","twitter_misc":{"Gesch\u00e4tzte Lesezeit":"5\u00a0Minuten"},"schema":{"@context":"https:\/\/schema.org","@graph":[{"@type":"WebPage","@id":"https:\/\/krauseschnauzen.de\/index.php\/tipps-und-tricks-zur-zahnpflege-und-zahnhygiene\/","url":"https:\/\/krauseschnauzen.de\/index.php\/tipps-und-tricks-zur-zahnpflege-und-zahnhygiene\/","name":"Zahnpflege und Zahnhygiene - Tipps und Tricks - Krauseschnauzen","isPartOf":{"@id":"https:\/\/krauseschnauzen.de\/#website"},"primaryImageOfPage":{"@id":"https:\/\/krauseschnauzen.de\/index.php\/tipps-und-tricks-zur-zahnpflege-und-zahnhygiene\/#primaryimage"},"image":{"@id":"https:\/\/krauseschnauzen.de\/index.php\/tipps-und-tricks-zur-zahnpflege-und-zahnhygiene\/#primaryimage"},"thumbnailUrl":"https:\/\/krauseschnauzen.de\/wp-content\/uploads\/2023\/10\/901600_409692329126613_1109666874_o.jpg","datePublished":"2023-10-06T09:02:06+00:00","dateModified":"2023-11-25T08:38:28+00:00","description":"Die hier aufgelisteten Zahnpflege - Tipps sollen Ihnen helfen, aktiv an der Zahngesundheit ihres Vierbeiners mitzuwirken.","breadcrumb":{"@id":"https:\/\/krauseschnauzen.de\/index.php\/tipps-und-tricks-zur-zahnpflege-und-zahnhygiene\/#breadcrumb"},"inLanguage":"de","potentialAction":[{"@type":"ReadAction","target":["https:\/\/krauseschnauzen.de\/index.php\/tipps-und-tricks-zur-zahnpflege-und-zahnhygiene\/"]}]},{"@type":"ImageObject","inLanguage":"de","@id":"https:\/\/krauseschnauzen.de\/index.php\/tipps-und-tricks-zur-zahnpflege-und-zahnhygiene\/#primaryimage","url":"https:\/\/krauseschnauzen.de\/wp-content\/uploads\/2023\/10\/901600_409692329126613_1109666874_o.jpg","contentUrl":"https:\/\/krauseschnauzen.de\/wp-content\/uploads\/2023\/10\/901600_409692329126613_1109666874_o.jpg","width":283,"height":431},{"@type":"BreadcrumbList","@id":"https:\/\/krauseschnauzen.de\/index.php\/tipps-und-tricks-zur-zahnpflege-und-zahnhygiene\/#breadcrumb","itemListElement":[{"@type":"ListItem","position":1,"name":"Startseite","item":"https:\/\/krauseschnauzen.de\/"},{"@type":"ListItem","position":2,"name":"Zahnpflege und Zahnhygiene &#8211; Tipps und Tricks"}]},{"@type":"WebSite","@id":"https:\/\/krauseschnauzen.de\/#website","url":"https:\/\/krauseschnauzen.de\/","name":"Krauseschnauzen","description":"Hundesalon und Aromatherapie","publisher":{"@id":"https:\/\/krauseschnauzen.de\/#organization"},"potentialAction":[{"@type":"SearchAction","target":{"@type":"EntryPoint","urlTemplate":"https:\/\/krauseschnauzen.de\/?s={search_term_string}"},"query-input":{"@type":"PropertyValueSpecification","valueRequired":true,"valueName":"search_term_string"}}],"inLanguage":"de"},{"@type":"Organization","@id":"https:\/\/krauseschnauzen.de\/#organization","name":"Hundesalon Krauseschnauzen","url":"https:\/\/krauseschnauzen.de\/","logo":{"@type":"ImageObject","inLanguage":"de","@id":"https:\/\/krauseschnauzen.de\/#\/schema\/logo\/image\/","url":"https:\/\/krauseschnauzen.de\/wp-content\/uploads\/2023\/01\/KrauseSchnauzen_Logo_Farbig.png","contentUrl":"https:\/\/krauseschnauzen.de\/wp-content\/uploads\/2023\/01\/KrauseSchnauzen_Logo_Farbig.png","width":2623,"height":2181,"caption":"Hundesalon Krauseschnauzen"},"image":{"@id":"https:\/\/krauseschnauzen.de\/#\/schema\/logo\/image\/"},"sameAs":["https:\/\/www.facebook.com\/HundesalonKrauseschnauzen","https:\/\/www.instagram.com\/krauseschnauzen\/"]}]}},"_links":{"self":[{"href":"https:\/\/krauseschnauzen.de\/index.php\/wp-json\/wp\/v2\/pages\/1282","targetHints":{"allow":["GET"]}}],"collection":[{"href":"https:\/\/krauseschnauzen.de\/index.php\/wp-json\/wp\/v2\/pages"}],"about":[{"href":"https:\/\/krauseschnauzen.de\/index.php\/wp-json\/wp\/v2\/types\/page"}],"author":[{"embeddable":true,"href":"https:\/\/krauseschnauzen.de\/index.php\/wp-json\/wp\/v2\/users\/1"}],"replies":[{"embeddable":true,"href":"https:\/\/krauseschnauzen.de\/index.php\/wp-json\/wp\/v2\/comments?post=1282"}],"version-history":[{"count":28,"href":"https:\/\/krauseschnauzen.de\/index.php\/wp-json\/wp\/v2\/pages\/1282\/revisions"}],"predecessor-version":[{"id":1393,"href":"https:\/\/krauseschnauzen.de\/index.php\/wp-json\/wp\/v2\/pages\/1282\/revisions\/1393"}],"wp:attachment":[{"href":"https:\/\/krauseschnauzen.de\/index.php\/wp-json\/wp\/v2\/media?parent=1282"}],"curies":[{"name":"wp","href":"https:\/\/api.w.org\/{rel}","templated":true}]}}