{"id":1031,"date":"2023-08-01T10:36:18","date_gmt":"2023-08-01T08:36:18","guid":{"rendered":"https:\/\/krauseschnauzen.de\/?page_id=1031"},"modified":"2025-07-22T08:21:45","modified_gmt":"2025-07-22T06:21:45","slug":"preisbeispiele-fuer-ausgewaehlte-rassen","status":"publish","type":"page","link":"https:\/\/krauseschnauzen.de\/index.php\/preisbeispiele-fuer-ausgewaehlte-rassen\/","title":{"rendered":"Preise"},"content":{"rendered":"\n<p>Liebe Hundebesitzer, <\/p>\n\n\n\n<p>ich verstehe den Wunsch, bereits im Vorfeld eines Termins oder eines Anrufes im Salon eine Vorstellung \u00fcber die anfallenden Kosten zu bekommen. Pauschale Preise in der Hundepflege festzulegen ist aufgrund der Vielf\u00e4ltigkeit auch innerhalb einzelner Rassen sehr schwierig. Hinzu kommt noch die individuelle Geschichte, die ein jeder Hund mit bringt &#8211; bezogen auf Erziehungsstand, bisherige Fellpflege und Erfahrungsschatz.<\/p>\n\n\n\n<p>Die hier aufgef\u00fchrten <strong>Preisbeispiele f\u00fcr ausgew\u00e4hlte Rassen<\/strong> dienen lediglich der Orientierung und gehen von einem grunds\u00e4tzlich gepflegten Zustand des Fells aus. Selbstverst\u00e4ndlich sind bei mir auch alle Mixe herzlich Willkommen.<\/p>\n\n\n\n<div class=\"wp-block-columns is-layout-flex wp-container-core-columns-is-layout-9d6595d7 wp-block-columns-is-layout-flex\">\n<div class=\"wp-block-column is-layout-flow wp-block-column-is-layout-flow\">\n<p style=\"text-align: center;\"><strong>Trimmen<\/strong><\/p>\n<ul>\n<li style=\"text-align: left;\"><strong><span style=\"color: #ff9900;\">65 &#8211; 75 Euro: <\/span><\/strong>Jack Russell, Parson Russell, Dackel, Cairn Terrier, Border Terrier, etc.\u00a0 \u00a0\u00a0<\/li>\n<li><strong style=\"font-size: revert; color: initial;\"><span style=\"color: #ff9900;\">70 &#8211; 80 Euro: <\/span><\/strong>Zwergschnauzer, Jagdterrier, Norfolk Terrier, Scottish Terrier etc.\u00a0 \u00a0 \u00a0<\/li>\n<li><strong><span style=\"color: #ff9900;\">80 &#8211; 90 Euro: <\/span><\/strong>Irish Terrier, West Highland Terrier, Cocker Spaniel, Welsh Terrier, etc.\u00a0<\/li>\n<li><strong><span style=\"color: #ff9900;\">90 &#8211; 100 Euro:<\/span> <\/strong>M\u00fcnsterl\u00e4nder, Mittelschnauzer, Deutsch Drahthaar, Ungarisch Drahthaar, etc.\u00a0<\/li>\n<li><strong><span style=\"color: #ff9900;\">ab 100 Euro:<\/span><\/strong> Foxterrier, Setter, Riesenschnauzer, Russischer Terrier, Airedale Terrier, etc.\u00a0 \u00a0 \u00a0\u00a0<\/li>\n<\/ul>\n<\/div>\n\n\n\n<div class=\"wp-block-column is-layout-flow wp-block-column-is-layout-flow\">\n<p style=\"text-align: center;\"><strong>Schneiden und Scheren<\/strong><\/p>\n<ul>\n<li><span style=\"color: #ff9900;\"><strong>60-65 Euro:<\/strong><\/span> Yorkshire Terrier, Chihuahua, Malteser, Toypudel, etc.<\/li>\n<li><strong><span style=\"color: #ff9900;\">60 &#8211; 75 Euro:<\/span> <\/strong>Havaneser, Bolonka Zwetna, Zwergpudel, Cavalier King Ch. Spaniel, Shi Tzu, etc.<\/li>\n<li><strong><span style=\"color: #ff9900;\">75 &#8211; 90 Euro:<\/span><\/strong> Tibet Terrier, Cockerpoo, Lagotto Romagnolo, Pudel Standard, etc., Wasserhunde<\/li>\n<li><strong><span style=\"color: #ff9900;\">ab 90 Euro:<\/span><\/strong> gro\u00dfe Doodle, Gro\u00dfpudel, etc.<\/li>\n<\/ul>\n<\/div>\n<\/div>\n\n\n\n<hr class=\"wp-block-separator alignfull has-alpha-channel-opacity is-style-wide\"\/>\n\n\n\n<div class=\"wp-block-columns is-layout-flex wp-container-core-columns-is-layout-9d6595d7 wp-block-columns-is-layout-flex\">\n<div class=\"wp-block-column is-layout-flow wp-block-column-is-layout-flow\">\n<p style=\"text-align: center;\"><strong>Carding \/ Unterwolle entfernen (mit waschen)<\/strong><\/p>\n<ul>\n<li><strong><span style=\"color: #ff9900;\">55 &#8211; 65 Euro:<\/span><\/strong> Chihuahua, Mops, Franz\u00f6sische Bulldogge, Zwergpinscher, etc.<\/li>\n<li><strong><span style=\"color: #ff9900;\">65 &#8211; 75 Euro:<\/span><\/strong> Langhaardackel, Pekinese, Zwergspitz, Boston Terrier, etc.\u00a0<\/li>\n<li><strong><span style=\"color: #ff9900;\">75 &#8211; 90 Euro:<\/span><\/strong> Beagle, Sheltie, Deutscher Pinscher, Berger des Pyr\u00e9n\u00e9es, Kromfohrl\u00e4nder, etc.<\/li>\n<li><strong><span style=\"color: #ff9900;\">90- 100 Euro:<\/span><\/strong> Shiba Inu, Border Collie, Australien Shepherd, Harzer Fuchs, Labrador, etc.<\/li>\n<li><span style=\"color: #ff9900;\"><strong>ab 100 Euro:<\/strong><\/span> Bearded Collie, Wei\u00dfer Schweizer Sch\u00e4ferhund, Deutscher Sch\u00e4ferhund,\u00a0Golden Retriever, Collie, Altdeutscher Sch\u00e4ferhund, Akita Inu, Sibierien Husky, Eurasier, etc.<\/li>\n<li><strong><span style=\"color: #ff9900;\">ab 120 Euro:<\/span><\/strong> Berner Sennenhund, Neufundl\u00e4nder, Briard, Leonberger, Bernhardiner, etc.<\/li>\n<\/ul>\n<\/div>\n\n\n\n<div class=\"wp-block-column is-layout-flow wp-block-column-is-layout-flow\">\n<p style=\"text-align: center;\"><strong>Thalassotherapie<\/strong><\/p>\n<ul>\n<li><strong><span style=\"color: #ff9900;\">55 &#8211; 65 Euro:<\/span> <\/strong>Hunde bis maximal 6kg<\/li>\n<li><span style=\"color: #ff9900;\"><strong>65 &#8211; 75 Euro:<\/strong><\/span> Hunde bis maximal 12kg<\/li>\n<li><span style=\"color: #ff9900;\"><strong>75 &#8211; 85 Euro:<\/strong><\/span> Hunde bis maximal 25kg<\/li>\n<li><span style=\"color: #ff9900;\"><strong>85 &#8211; 95 Euro:<\/strong><\/span> Hunde bis maximal 35kg<\/li>\n<li><span style=\"color: #ff9900;\"><strong>ab 95 Euro:<\/strong><\/span> Hunde ab 35kg<\/li>\n<\/ul>\n\n\n<div class=\"wp-block-image\">\n<figure class=\"aligncenter size-full is-resized\"><img loading=\"lazy\" decoding=\"async\" width=\"441\" height=\"302\" src=\"https:\/\/krauseschnauzen.de\/wp-content\/uploads\/2023\/08\/IMGP0063a.jpg\" alt=\"\" class=\"wp-image-1057\" style=\"width:310px;height:212px\" srcset=\"https:\/\/krauseschnauzen.de\/wp-content\/uploads\/2023\/08\/IMGP0063a.jpg 441w, https:\/\/krauseschnauzen.de\/wp-content\/uploads\/2023\/08\/IMGP0063a-300x205.jpg 300w, https:\/\/krauseschnauzen.de\/wp-content\/uploads\/2023\/08\/IMGP0063a-1x1.jpg 1w\" sizes=\"auto, (max-width: 441px) 100vw, 441px\" \/><\/figure>\n<\/div><\/div>\n<\/div>\n\n\n<p><strong>Zus\u00e4tzliche Leistungen<\/strong><\/p>\n<ul>\n<li>Zahnreinigung per Ultraschall + Zahnpflegeberatung\u00a0 <span style=\"color: #ff9900;\"><strong>ab 20 Euro<\/strong><\/span><\/li>\n<li>Krallenschneiden <span style=\"color: #ff9900;\"><strong>10 Euro<\/strong><\/span><\/li>\n<li>Ohrenreinigung <span style=\"color: #ff9900;\"><strong>10 Euro<\/strong><\/span><\/li>\n<li>Gesicht frei schneiden <strong><span style=\"color: #ff9900;\">ab 10 Euro<\/span><\/strong><\/li>\n<li>Flohbehandlung w\u00e4hrend der Komplettpflege <strong><span style=\"color: #ff9900;\">ab 25 Euro<\/span><\/strong><\/li>\n<li>kurzfristiger Notfall-Termin zur Flohbehandlung: <strong><span style=\"color: #ff9900;\">ab 40 Euro<\/span><\/strong><\/li>\n<\/ul>\n<p><strong>Sie wollen einen Termin vereinbaren?<\/strong> Klicken Sie <span style=\"color: #339966;\"><strong><a style=\"color: #339966;\" href=\"https:\/\/krauseschnauzen.de\/index.php\/kontakt-anfahrt-krauseschnauzen\/\">&lt;&lt; hier &gt;&gt;<\/a><\/strong><\/span><\/p>\n\n\n<p>Wenn Sie einen Einblick in einige Ergebnisse meiner Arbeit sehen wollen, dann besuchen Sie gern mein Profil auf <strong><a href=\"https:\/\/www.instagram.com\/krauseschnauzen\/\" target=\"_blank\" rel=\"noreferrer noopener\">Instagram<\/a> <\/strong>oder <strong><a href=\"https:\/\/www.facebook.com\/HundesalonKrauseschnauzen\/\" target=\"_blank\" rel=\"noreferrer noopener\">Facebook<\/a>.<\/strong> <\/p>\n","protected":false},"excerpt":{"rendered":"<p>Liebe Hundebesitzer, ich verstehe den Wunsch, bereits im Vorfeld eines Termins oder eines Anrufes im Salon eine Vorstellung \u00fcber die anfallenden Kosten zu bekommen. Pauschale Preise in der Hundepflege festzulegen ist aufgrund der Vielf\u00e4ltigkeit auch innerhalb einzelner Rassen sehr schwierig. Hinzu kommt noch die individuelle Geschichte, die ein jeder Hund mit bringt &#8211; bezogen auf [&hellip;]<\/p>\n","protected":false},"author":1,"featured_media":0,"parent":0,"menu_order":0,"comment_status":"closed","ping_status":"closed","template":"","meta":{"footnotes":""},"class_list":["post-1031","page","type-page","status-publish","hentry"],"yoast_head":"<!-- This site is optimized with the Yoast SEO plugin v27.3 - https:\/\/yoast.com\/product\/yoast-seo-wordpress\/ -->\n<title>Preise - Krauseschnauzen<\/title>\n<meta name=\"description\" content=\"Die aufgef\u00fchrten Preisbeispiele f\u00fcr ausgew\u00e4hlte Rassen dienen nur der Orientierung und gehen von einem gepflegten Zustand des Fells aus.\" \/>\n<meta name=\"robots\" content=\"index, follow, max-snippet:-1, max-image-preview:large, max-video-preview:-1\" \/>\n<link rel=\"canonical\" href=\"https:\/\/krauseschnauzen.de\/index.php\/preisbeispiele-fuer-ausgewaehlte-rassen\/\" \/>\n<meta property=\"og:locale\" content=\"de_DE\" \/>\n<meta property=\"og:type\" content=\"article\" \/>\n<meta property=\"og:title\" content=\"Preise - Krauseschnauzen\" \/>\n<meta property=\"og:description\" content=\"Die aufgef\u00fchrten Preisbeispiele f\u00fcr ausgew\u00e4hlte Rassen dienen nur der Orientierung und gehen von einem gepflegten Zustand des Fells aus.\" \/>\n<meta property=\"og:url\" content=\"https:\/\/krauseschnauzen.de\/index.php\/preisbeispiele-fuer-ausgewaehlte-rassen\/\" \/>\n<meta property=\"og:site_name\" content=\"Krauseschnauzen\" \/>\n<meta property=\"article:publisher\" content=\"https:\/\/www.facebook.com\/HundesalonKrauseschnauzen\" \/>\n<meta property=\"article:modified_time\" content=\"2025-07-22T06:21:45+00:00\" \/>\n<meta property=\"og:image\" content=\"https:\/\/krauseschnauzen.de\/wp-content\/uploads\/2023\/08\/IMGP0063a.jpg\" \/>\n\t<meta property=\"og:image:width\" content=\"441\" \/>\n\t<meta property=\"og:image:height\" content=\"302\" \/>\n\t<meta property=\"og:image:type\" content=\"image\/jpeg\" \/>\n<meta name=\"twitter:card\" content=\"summary_large_image\" \/>\n<meta name=\"twitter:label1\" content=\"Gesch\u00e4tzte Lesezeit\" \/>\n\t<meta name=\"twitter:data1\" content=\"3\u00a0Minuten\" \/>\n<script type=\"application\/ld+json\" class=\"yoast-schema-graph\">{\"@context\":\"https:\\\/\\\/schema.org\",\"@graph\":[{\"@type\":\"WebPage\",\"@id\":\"https:\\\/\\\/krauseschnauzen.de\\\/index.php\\\/preisbeispiele-fuer-ausgewaehlte-rassen\\\/\",\"url\":\"https:\\\/\\\/krauseschnauzen.de\\\/index.php\\\/preisbeispiele-fuer-ausgewaehlte-rassen\\\/\",\"name\":\"Preise - Krauseschnauzen\",\"isPartOf\":{\"@id\":\"https:\\\/\\\/krauseschnauzen.de\\\/#website\"},\"primaryImageOfPage\":{\"@id\":\"https:\\\/\\\/krauseschnauzen.de\\\/index.php\\\/preisbeispiele-fuer-ausgewaehlte-rassen\\\/#primaryimage\"},\"image\":{\"@id\":\"https:\\\/\\\/krauseschnauzen.de\\\/index.php\\\/preisbeispiele-fuer-ausgewaehlte-rassen\\\/#primaryimage\"},\"thumbnailUrl\":\"https:\\\/\\\/krauseschnauzen.de\\\/wp-content\\\/uploads\\\/2023\\\/08\\\/IMGP0063a.jpg\",\"datePublished\":\"2023-08-01T08:36:18+00:00\",\"dateModified\":\"2025-07-22T06:21:45+00:00\",\"description\":\"Die aufgef\u00fchrten Preisbeispiele f\u00fcr ausgew\u00e4hlte Rassen dienen nur der Orientierung und gehen von einem gepflegten Zustand des Fells aus.\",\"breadcrumb\":{\"@id\":\"https:\\\/\\\/krauseschnauzen.de\\\/index.php\\\/preisbeispiele-fuer-ausgewaehlte-rassen\\\/#breadcrumb\"},\"inLanguage\":\"de\",\"potentialAction\":[{\"@type\":\"ReadAction\",\"target\":[\"https:\\\/\\\/krauseschnauzen.de\\\/index.php\\\/preisbeispiele-fuer-ausgewaehlte-rassen\\\/\"]}]},{\"@type\":\"ImageObject\",\"inLanguage\":\"de\",\"@id\":\"https:\\\/\\\/krauseschnauzen.de\\\/index.php\\\/preisbeispiele-fuer-ausgewaehlte-rassen\\\/#primaryimage\",\"url\":\"https:\\\/\\\/krauseschnauzen.de\\\/wp-content\\\/uploads\\\/2023\\\/08\\\/IMGP0063a.jpg\",\"contentUrl\":\"https:\\\/\\\/krauseschnauzen.de\\\/wp-content\\\/uploads\\\/2023\\\/08\\\/IMGP0063a.jpg\",\"width\":441,\"height\":302},{\"@type\":\"BreadcrumbList\",\"@id\":\"https:\\\/\\\/krauseschnauzen.de\\\/index.php\\\/preisbeispiele-fuer-ausgewaehlte-rassen\\\/#breadcrumb\",\"itemListElement\":[{\"@type\":\"ListItem\",\"position\":1,\"name\":\"Startseite\",\"item\":\"https:\\\/\\\/krauseschnauzen.de\\\/\"},{\"@type\":\"ListItem\",\"position\":2,\"name\":\"Preise\"}]},{\"@type\":\"WebSite\",\"@id\":\"https:\\\/\\\/krauseschnauzen.de\\\/#website\",\"url\":\"https:\\\/\\\/krauseschnauzen.de\\\/\",\"name\":\"Krauseschnauzen\",\"description\":\"Hundesalon und Aromatherapie\",\"publisher\":{\"@id\":\"https:\\\/\\\/krauseschnauzen.de\\\/#organization\"},\"potentialAction\":[{\"@type\":\"SearchAction\",\"target\":{\"@type\":\"EntryPoint\",\"urlTemplate\":\"https:\\\/\\\/krauseschnauzen.de\\\/?s={search_term_string}\"},\"query-input\":{\"@type\":\"PropertyValueSpecification\",\"valueRequired\":true,\"valueName\":\"search_term_string\"}}],\"inLanguage\":\"de\"},{\"@type\":\"Organization\",\"@id\":\"https:\\\/\\\/krauseschnauzen.de\\\/#organization\",\"name\":\"Hundesalon Krauseschnauzen\",\"url\":\"https:\\\/\\\/krauseschnauzen.de\\\/\",\"logo\":{\"@type\":\"ImageObject\",\"inLanguage\":\"de\",\"@id\":\"https:\\\/\\\/krauseschnauzen.de\\\/#\\\/schema\\\/logo\\\/image\\\/\",\"url\":\"https:\\\/\\\/krauseschnauzen.de\\\/wp-content\\\/uploads\\\/2023\\\/01\\\/KrauseSchnauzen_Logo_Farbig.png\",\"contentUrl\":\"https:\\\/\\\/krauseschnauzen.de\\\/wp-content\\\/uploads\\\/2023\\\/01\\\/KrauseSchnauzen_Logo_Farbig.png\",\"width\":2623,\"height\":2181,\"caption\":\"Hundesalon Krauseschnauzen\"},\"image\":{\"@id\":\"https:\\\/\\\/krauseschnauzen.de\\\/#\\\/schema\\\/logo\\\/image\\\/\"},\"sameAs\":[\"https:\\\/\\\/www.facebook.com\\\/HundesalonKrauseschnauzen\",\"https:\\\/\\\/www.instagram.com\\\/krauseschnauzen\\\/\"]}]}<\/script>\n<!-- \/ Yoast SEO plugin. -->","yoast_head_json":{"title":"Preise - Krauseschnauzen","description":"Die aufgef\u00fchrten Preisbeispiele f\u00fcr ausgew\u00e4hlte Rassen dienen nur der Orientierung und gehen von einem gepflegten Zustand des Fells aus.","robots":{"index":"index","follow":"follow","max-snippet":"max-snippet:-1","max-image-preview":"max-image-preview:large","max-video-preview":"max-video-preview:-1"},"canonical":"https:\/\/krauseschnauzen.de\/index.php\/preisbeispiele-fuer-ausgewaehlte-rassen\/","og_locale":"de_DE","og_type":"article","og_title":"Preise - Krauseschnauzen","og_description":"Die aufgef\u00fchrten Preisbeispiele f\u00fcr ausgew\u00e4hlte Rassen dienen nur der Orientierung und gehen von einem gepflegten Zustand des Fells aus.","og_url":"https:\/\/krauseschnauzen.de\/index.php\/preisbeispiele-fuer-ausgewaehlte-rassen\/","og_site_name":"Krauseschnauzen","article_publisher":"https:\/\/www.facebook.com\/HundesalonKrauseschnauzen","article_modified_time":"2025-07-22T06:21:45+00:00","og_image":[{"width":441,"height":302,"url":"https:\/\/krauseschnauzen.de\/wp-content\/uploads\/2023\/08\/IMGP0063a.jpg","type":"image\/jpeg"}],"twitter_card":"summary_large_image","twitter_misc":{"Gesch\u00e4tzte Lesezeit":"3\u00a0Minuten"},"schema":{"@context":"https:\/\/schema.org","@graph":[{"@type":"WebPage","@id":"https:\/\/krauseschnauzen.de\/index.php\/preisbeispiele-fuer-ausgewaehlte-rassen\/","url":"https:\/\/krauseschnauzen.de\/index.php\/preisbeispiele-fuer-ausgewaehlte-rassen\/","name":"Preise - Krauseschnauzen","isPartOf":{"@id":"https:\/\/krauseschnauzen.de\/#website"},"primaryImageOfPage":{"@id":"https:\/\/krauseschnauzen.de\/index.php\/preisbeispiele-fuer-ausgewaehlte-rassen\/#primaryimage"},"image":{"@id":"https:\/\/krauseschnauzen.de\/index.php\/preisbeispiele-fuer-ausgewaehlte-rassen\/#primaryimage"},"thumbnailUrl":"https:\/\/krauseschnauzen.de\/wp-content\/uploads\/2023\/08\/IMGP0063a.jpg","datePublished":"2023-08-01T08:36:18+00:00","dateModified":"2025-07-22T06:21:45+00:00","description":"Die aufgef\u00fchrten Preisbeispiele f\u00fcr ausgew\u00e4hlte Rassen dienen nur der Orientierung und gehen von einem gepflegten Zustand des Fells aus.","breadcrumb":{"@id":"https:\/\/krauseschnauzen.de\/index.php\/preisbeispiele-fuer-ausgewaehlte-rassen\/#breadcrumb"},"inLanguage":"de","potentialAction":[{"@type":"ReadAction","target":["https:\/\/krauseschnauzen.de\/index.php\/preisbeispiele-fuer-ausgewaehlte-rassen\/"]}]},{"@type":"ImageObject","inLanguage":"de","@id":"https:\/\/krauseschnauzen.de\/index.php\/preisbeispiele-fuer-ausgewaehlte-rassen\/#primaryimage","url":"https:\/\/krauseschnauzen.de\/wp-content\/uploads\/2023\/08\/IMGP0063a.jpg","contentUrl":"https:\/\/krauseschnauzen.de\/wp-content\/uploads\/2023\/08\/IMGP0063a.jpg","width":441,"height":302},{"@type":"BreadcrumbList","@id":"https:\/\/krauseschnauzen.de\/index.php\/preisbeispiele-fuer-ausgewaehlte-rassen\/#breadcrumb","itemListElement":[{"@type":"ListItem","position":1,"name":"Startseite","item":"https:\/\/krauseschnauzen.de\/"},{"@type":"ListItem","position":2,"name":"Preise"}]},{"@type":"WebSite","@id":"https:\/\/krauseschnauzen.de\/#website","url":"https:\/\/krauseschnauzen.de\/","name":"Krauseschnauzen","description":"Hundesalon und Aromatherapie","publisher":{"@id":"https:\/\/krauseschnauzen.de\/#organization"},"potentialAction":[{"@type":"SearchAction","target":{"@type":"EntryPoint","urlTemplate":"https:\/\/krauseschnauzen.de\/?s={search_term_string}"},"query-input":{"@type":"PropertyValueSpecification","valueRequired":true,"valueName":"search_term_string"}}],"inLanguage":"de"},{"@type":"Organization","@id":"https:\/\/krauseschnauzen.de\/#organization","name":"Hundesalon Krauseschnauzen","url":"https:\/\/krauseschnauzen.de\/","logo":{"@type":"ImageObject","inLanguage":"de","@id":"https:\/\/krauseschnauzen.de\/#\/schema\/logo\/image\/","url":"https:\/\/krauseschnauzen.de\/wp-content\/uploads\/2023\/01\/KrauseSchnauzen_Logo_Farbig.png","contentUrl":"https:\/\/krauseschnauzen.de\/wp-content\/uploads\/2023\/01\/KrauseSchnauzen_Logo_Farbig.png","width":2623,"height":2181,"caption":"Hundesalon Krauseschnauzen"},"image":{"@id":"https:\/\/krauseschnauzen.de\/#\/schema\/logo\/image\/"},"sameAs":["https:\/\/www.facebook.com\/HundesalonKrauseschnauzen","https:\/\/www.instagram.com\/krauseschnauzen\/"]}]}},"_links":{"self":[{"href":"https:\/\/krauseschnauzen.de\/index.php\/wp-json\/wp\/v2\/pages\/1031","targetHints":{"allow":["GET"]}}],"collection":[{"href":"https:\/\/krauseschnauzen.de\/index.php\/wp-json\/wp\/v2\/pages"}],"about":[{"href":"https:\/\/krauseschnauzen.de\/index.php\/wp-json\/wp\/v2\/types\/page"}],"author":[{"embeddable":true,"href":"https:\/\/krauseschnauzen.de\/index.php\/wp-json\/wp\/v2\/users\/1"}],"replies":[{"embeddable":true,"href":"https:\/\/krauseschnauzen.de\/index.php\/wp-json\/wp\/v2\/comments?post=1031"}],"version-history":[{"count":43,"href":"https:\/\/krauseschnauzen.de\/index.php\/wp-json\/wp\/v2\/pages\/1031\/revisions"}],"predecessor-version":[{"id":2157,"href":"https:\/\/krauseschnauzen.de\/index.php\/wp-json\/wp\/v2\/pages\/1031\/revisions\/2157"}],"wp:attachment":[{"href":"https:\/\/krauseschnauzen.de\/index.php\/wp-json\/wp\/v2\/media?parent=1031"}],"curies":[{"name":"wp","href":"https:\/\/api.w.org\/{rel}","templated":true}]}}